{"id":116705,"date":"2024-12-04T09:20:32","date_gmt":"2024-12-04T08:20:32","guid":{"rendered":"https:\/\/www.budoshop.si\/?post_type=product&#038;p=116705"},"modified":"2026-04-09T18:24:52","modified_gmt":"2026-04-09T16:24:52","slug":"adidas-t-shirt-karate-novo","status":"publish","type":"product","link":"https:\/\/www.budoshop.si\/sl\/izdelek\/adidas-t-shirt-karate-novo\/","title":{"rendered":"Adidas T-shirt &#8221;KARATE&#8221;"},"content":{"rendered":"<p><span style=\"font-size: 15px; color: #993300;\">Te Adidas Karate t-shirt majice prihajajo iz popolnoma nove Adidas linije. <\/span><br \/>\n<span style=\"font-size: 15px; color: #993300;\">Izdelana je iz 100% \u010desanega bomba\u017ea (170g\/m2), telirana, z direktnim barvnim printom na prednji strani.<\/span><br \/>\n<span style=\"font-size: 15px; color: #993300;\">Napis Judo znotraj Adidas logotipa.<\/span><\/p>\n<p><span style=\"font-size: 15px; color: #993300;\">Te Karate majice so izredno prakti\u010dne in primerne za vsestransko uporabo, ne glede na to ali ste v telovadnici, v \u0161oli, v slu\u017ebi ali mestu, print na prednji strani pa ponosno prikazuje va\u0161o najljub\u0161o ve\u0161\u010dino.<\/span><\/p>\n<p><span style=\"font-size: 15px; color: #993300;\">Barve: \u010drna, bela, siva<\/span><\/p>\n<p><span style=\"font-size: 15px; color: #993300;\">Velikosti:<\/span><br \/>\n<span style=\"font-size: 15px; color: #993300;\">\u2013 otroci: 140 \u2013 152<\/span><br \/>\n<span style=\"font-size: 15px; color: #993300;\">\u2013 odrasli: XS \u2013 S \u2013 M \u2013 L \u2013 XL<\/span><\/p>\n<p><span style=\"font-size: 15px; color: #993300;\">Samo v na\u0161i spletni prodajalni.<\/span><\/p>\n","protected":false},"excerpt":{"rendered":"<p><span style=\"color: #003366;\"><strong>Funkcionalna Adidas Karate majica razli\u010dnih barv.<\/strong><\/span><\/p>\n","protected":false},"featured_media":119453,"comment_status":"open","ping_status":"closed","template":"","meta":[],"product_brand":[5594],"product_cat":[1049,951,1029,1005],"product_tag":[],"class_list":{"0":"post-116705","1":"product","2":"type-product","3":"status-publish","4":"has-post-thumbnail","6":"product_brand-adidas","7":"product_cat-adidas-7","8":"product_cat-adidas-3","9":"product_cat-karate-5","10":"product_cat-majice","11":"pa_velikost-140-2","12":"pa_velikost-152-2","13":"pa_velikost-l-sl-2","14":"pa_velikost-m-sl-2","15":"pa_velikost-s-sl-2","16":"pa_velikost-xl-sl","17":"pa_velikost-xs-sl","19":"first","20":"instock","21":"taxable","22":"shipping-taxable","23":"purchasable","24":"product-type-variable"},"_links":{"self":[{"href":"https:\/\/www.budoshop.si\/sl\/wp-json\/wp\/v2\/product\/116705","targetHints":{"allow":["GET"]}}],"collection":[{"href":"https:\/\/www.budoshop.si\/sl\/wp-json\/wp\/v2\/product"}],"about":[{"href":"https:\/\/www.budoshop.si\/sl\/wp-json\/wp\/v2\/types\/product"}],"replies":[{"embeddable":true,"href":"https:\/\/www.budoshop.si\/sl\/wp-json\/wp\/v2\/comments?post=116705"}],"wp:featuredmedia":[{"embeddable":true,"href":"https:\/\/www.budoshop.si\/sl\/wp-json\/wp\/v2\/media\/119453"}],"wp:attachment":[{"href":"https:\/\/www.budoshop.si\/sl\/wp-json\/wp\/v2\/media?parent=116705"}],"wp:term":[{"taxonomy":"product_brand","embeddable":true,"href":"https:\/\/www.budoshop.si\/sl\/wp-json\/wp\/v2\/product_brand?post=116705"},{"taxonomy":"product_cat","embeddable":true,"href":"https:\/\/www.budoshop.si\/sl\/wp-json\/wp\/v2\/product_cat?post=116705"},{"taxonomy":"product_tag","embeddable":true,"href":"https:\/\/www.budoshop.si\/sl\/wp-json\/wp\/v2\/product_tag?post=116705"}],"curies":[{"name":"wp","href":"https:\/\/api.w.org\/{rel}","templated":true}]}}