{"id":116576,"date":"2024-12-02T12:21:10","date_gmt":"2024-12-02T11:21:10","guid":{"rendered":"https:\/\/www.budoshop.si\/karate-t-shirt-trace-white-new\/"},"modified":"2025-07-24T09:29:47","modified_gmt":"2025-07-24T07:29:47","slug":"karate-t-shirt-trace-white-new","status":"publish","type":"product","link":"https:\/\/www.budoshop.si\/sl\/izdelek\/karate-t-shirt-trace-white-new\/","title":{"rendered":"Karate T-shirt &#8221;TRACE white&#8221;"},"content":{"rendered":"<p><span style=\"font-size: 15px; color: #993300;\"><span class=\"HwtZe\" lang=\"sl\"><span class=\"jCAhz ChMk0b\"><span class=\"ryNqvb\">Ta bela Karate majica je izdelana iz ko\u017ei prijaznega, naravno funkcionalnega, predhodno opranega in \u010desanega 100 % bomba\u017ea, ki zagotavlja optimalno uravnavanje telesne temperature in lastnosti odvajanja vlage.<\/span><\/span> <span class=\"jCAhz ChMk0b\"><span class=\"ryNqvb\">Na\u0161o linijo C14 poleg funkcionalnosti, <\/span><\/span><\/span><span class=\"HwtZe\" lang=\"sl\"><span class=\"jCAhz ChMk0b\"><span class=\"ryNqvb\">zaradi visokokakovostnega tiska, <\/span><\/span><\/span><span class=\"HwtZe\" lang=\"sl\"><span class=\"jCAhz ChMk0b\"><span class=\"ryNqvb\">odlikuje tudi dinami\u010den dizajn z \u017eivahnimi barvami.<\/span><\/span><\/span><\/span><\/p>\n<p><span style=\"font-size: 15px; color: #993300;\">Velikosti:<\/span><br \/>\n<span style=\"font-size: 15px; color: #993300;\">&#8211; otro\u0161ke: 128 &#8211; 140 &#8211; 152<\/span><br \/>\n<span style=\"font-size: 15px; color: #993300;\">&#8211; odrasle: XS &#8211; S &#8211; M &#8211; L &#8211; XL<\/span><\/p>\n","protected":false},"excerpt":{"rendered":"<p><span style=\"color: #003366;\"><strong>Bela Karate Trace t-shirt majica.<\/strong><\/span><\/p>\n","protected":false},"featured_media":116567,"comment_status":"open","ping_status":"closed","template":"","meta":[],"product_brand":[5595],"product_cat":[5406,5405,1029,1005],"product_tag":[],"class_list":{"0":"post-116576","1":"product","2":"type-product","3":"status-publish","4":"has-post-thumbnail","6":"product_brand-ju-sports","7":"product_cat-ju-sports-2","8":"product_cat-ju-sports","9":"product_cat-karate-5","10":"product_cat-majice","11":"pa_velikost-xs-sl","12":"pa_velikost-s-sl-2","13":"pa_velikost-m-sl-2","14":"pa_velikost-l-sl-2","15":"pa_velikost-xl-sl","16":"pa_velikost-128-2","17":"pa_velikost-140-2","18":"pa_velikost-152-2","20":"first","21":"instock","22":"taxable","23":"shipping-taxable","24":"purchasable","25":"product-type-variable"},"_links":{"self":[{"href":"https:\/\/www.budoshop.si\/sl\/wp-json\/wp\/v2\/product\/116576","targetHints":{"allow":["GET"]}}],"collection":[{"href":"https:\/\/www.budoshop.si\/sl\/wp-json\/wp\/v2\/product"}],"about":[{"href":"https:\/\/www.budoshop.si\/sl\/wp-json\/wp\/v2\/types\/product"}],"replies":[{"embeddable":true,"href":"https:\/\/www.budoshop.si\/sl\/wp-json\/wp\/v2\/comments?post=116576"}],"wp:featuredmedia":[{"embeddable":true,"href":"https:\/\/www.budoshop.si\/sl\/wp-json\/wp\/v2\/media\/116567"}],"wp:attachment":[{"href":"https:\/\/www.budoshop.si\/sl\/wp-json\/wp\/v2\/media?parent=116576"}],"wp:term":[{"taxonomy":"product_brand","embeddable":true,"href":"https:\/\/www.budoshop.si\/sl\/wp-json\/wp\/v2\/product_brand?post=116576"},{"taxonomy":"product_cat","embeddable":true,"href":"https:\/\/www.budoshop.si\/sl\/wp-json\/wp\/v2\/product_cat?post=116576"},{"taxonomy":"product_tag","embeddable":true,"href":"https:\/\/www.budoshop.si\/sl\/wp-json\/wp\/v2\/product_tag?post=116576"}],"curies":[{"name":"wp","href":"https:\/\/api.w.org\/{rel}","templated":true}]}}