{"id":116548,"date":"2024-11-29T17:10:34","date_gmt":"2024-11-29T16:10:34","guid":{"rendered":"https:\/\/www.budoshop.si\/long-jacket-mizuno-new\/"},"modified":"2026-01-06T11:04:55","modified_gmt":"2026-01-06T10:04:55","slug":"long-jacket-mizuno-new","status":"publish","type":"product","link":"https:\/\/www.budoshop.si\/sl\/izdelek\/long-jacket-mizuno-new\/","title":{"rendered":"Dolga zimska jakna &#8221;MIZUNO&#8221;"},"content":{"rendered":"<p><span class=\"HwtZe\" lang=\"sl\" style=\"font-size: 15px; color: #993300;\"><span class=\"jCAhz ChMk0b\"><span class=\"ryNqvb\">Mizuno Sapporo Bench jakna je mo\u0161ka jakna za vse prilo\u017enosti, ki zagotavlja udobje in toplino, ki se ju potrebuje za vsakodnevne aktivnosti v hladnem vremenu.<\/span><\/span> <span class=\"jCAhz ChMk0b\"><span class=\"ryNqvb\">Jakna je izdelana iz 100% poliestra z vodo-odbojno povr\u0161ino in mikro-stisnjenim polnilom za optimalno toploto in udobje.<\/span><\/span> <span class=\"jCAhz ChMk0b\"><span class=\"ryNqvb\">\u0160irok in dolg kroj, ki ustreza ve\u010dini velikosti, idealen pozimi ali med prostorom za ogrevanje in blazinami na tekmovanju.<\/span><\/span> <span class=\"jCAhz\"><span class=\"ryNqvb\">Zapiranje z zadrgo.<br \/>\n<\/span><\/span><span class=\"jCAhz ChMk0b\"><span class=\"ryNqvb\">Obi\u010dajno ga uporabljajo trenerji vseh vrst borilnih in drugih \u0161portov.<br \/>\n<\/span><\/span><span class=\"jCAhz ChMk0b\"><span class=\"ryNqvb\">\u010crna barva z logotipom Mizuno na ramenih in prsih.<\/span><\/span><\/span><\/p>\n<p><span style=\"font-size: 15px; color: #993300;\"><strong>Kvaliteta, ki jo zagotavlja samo japonska MIZUNO Judo znamka!<\/strong><\/span><\/p>\n<ul>\n<li><span style=\"font-size: 15px; color: #993300;\">Vodoodbojni pla\u0161\u010d po celotni dol\u017eini<\/span><\/li>\n<li><span style=\"font-size: 15px; color: #993300;\">Mikrostisnjeno polnjenje<\/span><\/li>\n<li><span class=\"HwtZe\" lang=\"sl\" style=\"font-size: 15px; color: #993300;\"><span class=\"jCAhz ChMk0b\"><span class=\"ryNqvb\">Ovratnik z integrirano kapuco<\/span><\/span><\/span><\/li>\n<li><span class=\"HwtZe\" lang=\"sl\" style=\"font-size: 15px; color: #993300;\"><span class=\"jCAhz ChMk0b\"><span class=\"ryNqvb\">100% poliester <\/span><\/span><\/span><\/li>\n<li><span class=\"HwtZe\" lang=\"sl\" style=\"font-size: 15px; color: #993300;\"><span class=\"jCAhz ChMk0b\"><span class=\"ryNqvb\">Dolga zadrga na sprednjem delu jakne<\/span><\/span><\/span><\/li>\n<li><span class=\"HwtZe\" lang=\"sl\" style=\"font-size: 15px; color: #993300;\"><span class=\"jCAhz\"><span class=\"ryNqvb\">Velcro zategovanje na zapestjih <\/span><\/span><\/span><\/li>\n<li><span class=\"HwtZe\" lang=\"sl\" style=\"font-size: 15px; color: #993300;\"><span class=\"jCAhz ChMk0b\"><span class=\"ryNqvb\">\u017depi z zadrgo na obeh straneh <\/span><\/span><\/span><\/li>\n<li><span class=\"HwtZe\" lang=\"sl\" style=\"font-size: 15px; color: #993300;\"><span class=\"jCAhz ChMk0b\"><span class=\"ryNqvb\">Kot nala\u0161\u010d zase ali kot darilo <\/span><\/span><\/span><\/li>\n<li><span class=\"HwtZe\" lang=\"sl\" style=\"font-size: 15px; color: #993300;\"><span class=\"jCAhz ChMk0b\"><span class=\"ryNqvb\">Nudimo vezenje po meri na sprednji strani prsnega ko\u0161a nasproti logotipa Mizuno.<\/span><\/span><\/span><\/li>\n<\/ul>\n<p><span style=\"font-size: 15px; color: #993300;\">Na voljo v velikostih: S &#8211; M &#8211; L &#8211; XL<\/span><\/p>\n<p>&nbsp;<\/p>\n<p><span style=\"font-size: 15px; color: #993300;\">Samo v na\u0161i spletni prodajalni.<\/span><\/p>\n","protected":false},"excerpt":{"rendered":"<p><span style=\"color: #003366;\"><strong>Dolga \u010drna trenerska Mizuno Bench jakna.<\/strong><\/span><\/p>\n","protected":false},"featured_media":116535,"comment_status":"open","ping_status":"closed","template":"","meta":[],"product_brand":[5597],"product_cat":[1043,1033,1031,1029,1039,685,1009,1013,1081,1051],"product_tag":[],"class_list":{"0":"post-116548","1":"product","2":"type-product","3":"status-publish","4":"has-post-thumbnail","6":"product_brand-mizuno","7":"product_cat-boks-kickbox-tajski-boks-mma","8":"product_cat-ju-jitsujiu-jitsu-1","9":"product_cat-judo-1","10":"product_cat-karate-5","11":"product_cat-taekwondo-3","12":"product_cat-ostalo","13":"product_cat-jakne-in-telovniki","14":"product_cat-trenirke","15":"product_cat-mizuno-5","16":"product_cat-mizuno-3","17":"pa_velikost-s-sl-2","18":"pa_velikost-m-sl-2","19":"pa_velikost-l-sl-2","20":"pa_velikost-xl-sl","22":"first","23":"onbackorder","24":"taxable","25":"shipping-taxable","26":"purchasable","27":"product-type-variable"},"_links":{"self":[{"href":"https:\/\/www.budoshop.si\/sl\/wp-json\/wp\/v2\/product\/116548","targetHints":{"allow":["GET"]}}],"collection":[{"href":"https:\/\/www.budoshop.si\/sl\/wp-json\/wp\/v2\/product"}],"about":[{"href":"https:\/\/www.budoshop.si\/sl\/wp-json\/wp\/v2\/types\/product"}],"replies":[{"embeddable":true,"href":"https:\/\/www.budoshop.si\/sl\/wp-json\/wp\/v2\/comments?post=116548"}],"wp:featuredmedia":[{"embeddable":true,"href":"https:\/\/www.budoshop.si\/sl\/wp-json\/wp\/v2\/media\/116535"}],"wp:attachment":[{"href":"https:\/\/www.budoshop.si\/sl\/wp-json\/wp\/v2\/media?parent=116548"}],"wp:term":[{"taxonomy":"product_brand","embeddable":true,"href":"https:\/\/www.budoshop.si\/sl\/wp-json\/wp\/v2\/product_brand?post=116548"},{"taxonomy":"product_cat","embeddable":true,"href":"https:\/\/www.budoshop.si\/sl\/wp-json\/wp\/v2\/product_cat?post=116548"},{"taxonomy":"product_tag","embeddable":true,"href":"https:\/\/www.budoshop.si\/sl\/wp-json\/wp\/v2\/product_tag?post=116548"}],"curies":[{"name":"wp","href":"https:\/\/api.w.org\/{rel}","templated":true}]}}