{"id":116521,"date":"2024-11-28T11:41:57","date_gmt":"2024-11-28T10:41:57","guid":{"rendered":"https:\/\/www.budoshop.si\/martial-arts-training-speed-dummy-new\/"},"modified":"2025-09-26T09:17:20","modified_gmt":"2025-09-26T07:17:20","slug":"martial-arts-training-speed-dummy-new","status":"publish","type":"product","link":"https:\/\/www.budoshop.si\/sl\/izdelek\/martial-arts-training-speed-dummy-new\/","title":{"rendered":"Lutka za borilne ve\u0161\u010dine &#8221;SPEED DUMMY&#8221;"},"content":{"rendered":"<div class=\"product-detail-description-text\">\n<p><span style=\"font-size: 15px; color: #993300;\"><span class=\"HwtZe\" lang=\"sl\"><span class=\"jCAhz ChMk0b\"><span class=\"ryNqvb\">Na\u0161e lutke za borilne ve\u0161\u010dine Speed \u200b\u200bDummies so optimalen pripomo\u010dek za intenzivno vadbo in \u0161e posebej za izbolj\u0161anje kondicije.<\/span><\/span> Borilne lutke Speed Dummy so bile p<span class=\"jCAhz ChMk0b\"><span class=\"ryNqvb\">osebej razvite za u\u010dinkovit trening tehnik metanja v Judu, Ju-jutsu, MMA in drugih borilnih ve\u0161\u010dinah, lahko pa je uporaben tudi v drugih \u0161portih, saj ta vrsta vadbe aktivira celotne mi\u0161i\u010dne skupine in pomaga pove\u010dati \u0161portnikovo osnovno mo\u010d in vzdr\u017eljivost.<br \/>\nLutke so izdelane iz izjemno trpe\u017enega sinteti\u010dnega usnja, ki ga je enostavno \u010distiti. \u0160ivi so ve\u010dkrat pre\u0161iti in dodatno oja\u010dani. Anatomska oblika <\/span><\/span><\/span><span class=\"HwtZe\" lang=\"sl\"><span class=\"jCAhz ChMk0b\"><span class=\"ryNqvb\">z okon\u010dinami <\/span><\/span><\/span><span class=\"HwtZe\" lang=\"sl\"><span class=\"jCAhz ChMk0b\"><span class=\"ryNqvb\">omogo\u010da najbolj realisti\u010den trening.<br \/>\n<\/span><\/span><\/span><\/span><\/p>\n<p><span style=\"font-size: 15px; color: #993300;\">\u010crno-rde\u010de barve.<\/span><\/p>\n<p><span style=\"font-size: 15px; color: #993300;\"> <span class=\"HwtZe\" lang=\"sl\"><span class=\"jCAhz ChMk0b\"><span class=\"ryNqvb\">Borilne lutke so popoln trening partner, ki se nikoli ne prito\u017euje.<\/span><\/span> <span class=\"jCAhz ChMk0b\"><span class=\"ryNqvb\">Z vso mo\u010djo ga s kolenom udarite v trebuh, davite ga, me\u010dite ga kolikor morete.<\/span><\/span> <span class=\"jCAhz ChMk0b\"><span class=\"ryNqvb\">Prenesel bo vse in bo vedno pripravljen na ve\u010d!<\/span><\/span><\/span><\/span><\/p>\n<p><span style=\"font-size: 15px; color: #993300;\">Na voljo v treh velikostih:<\/span><br \/>\n<span style=\"font-size: 15px; color: #993300;\">&#8211; M (30 kg \/ 163 cm)<\/span><br \/>\n<span style=\"font-size: 15px; color: #993300;\">&#8211; L (45 kg \/ 173 cm)<\/span><br \/>\n<span style=\"font-size: 15px; color: #993300;\">&#8211; XL (60 kg \/ 183 cm)<\/span><\/p>\n<p><span style=\"font-size: 15px; color: #993300;\"><br \/>\n<span style=\"font-size: 11px;\">Opomba: Artikel se dobavlja po naro\u010dilu zato se pred naro\u010dilom pozanimajte o dobavljivosti in stro\u0161ku dostave.<\/span><\/span><\/p>\n<p><span style=\"font-size: 15px; color: #993300;\">\u00a0<\/span><\/p>\n<\/div>\n","protected":false},"excerpt":{"rendered":"<p><span style=\"color: #003366;\"><strong>Profesionalne lutke za borilne ve\u0161\u010dine.<\/strong><\/span><\/p>\n","protected":false},"featured_media":116503,"comment_status":"open","ping_status":"closed","template":"","meta":[],"product_brand":[],"product_cat":[1043,1033,5405,5406,1031,1089],"product_tag":[],"class_list":{"0":"post-116521","1":"product","2":"type-product","3":"status-publish","4":"has-post-thumbnail","6":"product_cat-boks-kickbox-tajski-boks-mma","7":"product_cat-ju-jitsujiu-jitsu-1","8":"product_cat-ju-sports","9":"product_cat-ju-sports-2","10":"product_cat-judo-1","11":"product_cat-trening-lutke","12":"pa_velikost-l-sl-2","13":"pa_velikost-m-sl-2","14":"pa_velikost-xl-sl","16":"first","17":"instock","18":"taxable","19":"shipping-taxable","20":"purchasable","21":"product-type-variable"},"_links":{"self":[{"href":"https:\/\/www.budoshop.si\/sl\/wp-json\/wp\/v2\/product\/116521","targetHints":{"allow":["GET"]}}],"collection":[{"href":"https:\/\/www.budoshop.si\/sl\/wp-json\/wp\/v2\/product"}],"about":[{"href":"https:\/\/www.budoshop.si\/sl\/wp-json\/wp\/v2\/types\/product"}],"replies":[{"embeddable":true,"href":"https:\/\/www.budoshop.si\/sl\/wp-json\/wp\/v2\/comments?post=116521"}],"wp:featuredmedia":[{"embeddable":true,"href":"https:\/\/www.budoshop.si\/sl\/wp-json\/wp\/v2\/media\/116503"}],"wp:attachment":[{"href":"https:\/\/www.budoshop.si\/sl\/wp-json\/wp\/v2\/media?parent=116521"}],"wp:term":[{"taxonomy":"product_brand","embeddable":true,"href":"https:\/\/www.budoshop.si\/sl\/wp-json\/wp\/v2\/product_brand?post=116521"},{"taxonomy":"product_cat","embeddable":true,"href":"https:\/\/www.budoshop.si\/sl\/wp-json\/wp\/v2\/product_cat?post=116521"},{"taxonomy":"product_tag","embeddable":true,"href":"https:\/\/www.budoshop.si\/sl\/wp-json\/wp\/v2\/product_tag?post=116521"}],"curies":[{"name":"wp","href":"https:\/\/api.w.org\/{rel}","templated":true}]}}