{"id":116464,"date":"2024-11-27T17:16:37","date_gmt":"2024-11-27T16:16:37","guid":{"rendered":"https:\/\/www.budoshop.si\/?post_type=product&#038;p=116464"},"modified":"2026-03-17T09:28:15","modified_gmt":"2026-03-17T08:28:15","slug":"adidas-t-shirt-judo-novo","status":"publish","type":"product","link":"https:\/\/www.budoshop.si\/sl\/izdelek\/adidas-t-shirt-judo-novo\/","title":{"rendered":"Adidas T-shirt &#8221;JUDO&#8221;"},"content":{"rendered":"<p><span style=\"font-size: 15px; color: #993300;\">Te Adidas Judo t-shirt majice prihajajo iz popolnoma nove Adidas linije. <\/span><br \/>\n<span style=\"font-size: 15px; color: #993300;\">Izdelana je iz 100% \u010desanega bomba\u017ea (170g\/m2), telirana, z direktnim barvnim printom na prednji strani.<\/span><br \/>\n<span style=\"font-size: 15px; color: #993300;\">Napis Judo znotraj Adidas logotipa.<\/span><\/p>\n<p><span style=\"font-size: 15px; color: #993300;\">Te Judo majice so izredno prakti\u010dne in primerne za vsestransko uporabo, ne glede na to ali ste v telovadnici, v \u0161oli, v slu\u017ebi ali mestu, print na prednji strani pa ponosno prikazuje va\u0161o najljub\u0161o ve\u0161\u010dino.<\/span><\/p>\n<p><span style=\"font-size: 15px; color: #993300;\">Barve: \u010drna, rde\u010da. olivno zelena, siva<\/span><\/p>\n<p><span style=\"font-size: 15px; color: #993300;\">Velikosti:<\/span><br \/>\n<span style=\"font-size: 15px; color: #993300;\">\u2013 otroci: 140 \u2013 152<\/span><br \/>\n<span style=\"font-size: 15px; color: #993300;\">\u2013 odrasli: XS \u2013 S \u2013 M \u2013 L \u2013 XL<\/span><\/p>\n<p><span style=\"font-size: 15px; color: #993300;\">Samo v na\u0161i spletni prodajalni.<\/span><\/p>\n","protected":false},"excerpt":{"rendered":"<p><span style=\"color: #003366;\"><strong>Funkcionalna Adidas JUDO majica razli\u010dnih barv.<\/strong><\/span><\/p>\n","protected":false},"featured_media":116454,"comment_status":"open","ping_status":"closed","template":"","meta":[],"product_brand":[5594],"product_cat":[951,1049,1031,1005],"product_tag":[],"class_list":{"0":"post-116464","1":"product","2":"type-product","3":"status-publish","4":"has-post-thumbnail","6":"product_brand-adidas","7":"product_cat-adidas-3","8":"product_cat-adidas-7","9":"product_cat-judo-1","10":"product_cat-majice","11":"pa_barva-crne-barve-sl-2","12":"pa_barva-olivno-zelena-sl","13":"pa_barva-rdece-barve-sl","14":"pa_barva-siva","15":"pa_velikost-140-2","16":"pa_velikost-152-2","17":"pa_velikost-l-sl-2","18":"pa_velikost-m-sl-2","19":"pa_velikost-s-sl-2","20":"pa_velikost-xl-sl","21":"pa_velikost-xs-sl","23":"first","24":"instock","25":"taxable","26":"shipping-taxable","27":"purchasable","28":"product-type-variable"},"_links":{"self":[{"href":"https:\/\/www.budoshop.si\/sl\/wp-json\/wp\/v2\/product\/116464","targetHints":{"allow":["GET"]}}],"collection":[{"href":"https:\/\/www.budoshop.si\/sl\/wp-json\/wp\/v2\/product"}],"about":[{"href":"https:\/\/www.budoshop.si\/sl\/wp-json\/wp\/v2\/types\/product"}],"replies":[{"embeddable":true,"href":"https:\/\/www.budoshop.si\/sl\/wp-json\/wp\/v2\/comments?post=116464"}],"wp:featuredmedia":[{"embeddable":true,"href":"https:\/\/www.budoshop.si\/sl\/wp-json\/wp\/v2\/media\/116454"}],"wp:attachment":[{"href":"https:\/\/www.budoshop.si\/sl\/wp-json\/wp\/v2\/media?parent=116464"}],"wp:term":[{"taxonomy":"product_brand","embeddable":true,"href":"https:\/\/www.budoshop.si\/sl\/wp-json\/wp\/v2\/product_brand?post=116464"},{"taxonomy":"product_cat","embeddable":true,"href":"https:\/\/www.budoshop.si\/sl\/wp-json\/wp\/v2\/product_cat?post=116464"},{"taxonomy":"product_tag","embeddable":true,"href":"https:\/\/www.budoshop.si\/sl\/wp-json\/wp\/v2\/product_tag?post=116464"}],"curies":[{"name":"wp","href":"https:\/\/api.w.org\/{rel}","templated":true}]}}