{"id":116412,"date":"2024-11-27T11:36:56","date_gmt":"2024-11-27T10:36:56","guid":{"rendered":"https:\/\/www.budoshop.si\/boxing-gloves-adidas-speed-50-red-silver-new\/"},"modified":"2026-03-30T09:50:56","modified_gmt":"2026-03-30T07:50:56","slug":"boxing-gloves-adidas-speed-50-red-silver-new","status":"publish","type":"product","link":"https:\/\/www.budoshop.si\/sl\/izdelek\/boxing-gloves-adidas-speed-50-red-silver-new\/","title":{"rendered":"Boksarske rokavice &#8221;Adidas SPEED 50 red\/silver&#8221;"},"content":{"rendered":"<div><span style=\"font-size: 15px; color: #993300;\">Boksarske rokavice Adidas SPEED 50 so izdelane iz masivnega in kvalitetnega umetnega usnja, ki zagotavlja trpe\u017enost treninga. Polnjene so z novo razvito vbrizgano IMF peno, ki nudi dobro absorbiranje udarcev, notranjost pa je izdelana iz zra\u010dne Taffeta podloge. Zapenjanje s kombiniranim elasti\u010dnim in \u010dvrstim trakom na je\u017eka, ki zagotavlja hitro in dobro prilagajanje zapestju. \u010crna barva z zlatim adidas logotipom dela te rokavice unikatne. Popolnoma nov dizajn.<\/span><br \/>\n<span style=\"font-size: 15px; color: #993300;\">Struktura teh rokavic je bila kreirana, da optimizira hitrost in izvedbo gibov in so zato odli\u010dne za vsakdanjo rekreativno vadbo boksa, thai\/kickboxa in udarjanje v boksarsko vre\u010do.<\/span><br \/>\n<span style=\"font-size: 15px; color: #993300;\">Odli\u010dno razmerje med ceno in kakovostjo!<\/span><\/div>\n<div><\/div>\n<p><span style=\"font-size: 15px; color: #993300;\">Barva: rde\u010da s srebrnim napisom<\/span><\/p>\n<p><span style=\"font-size: 15px; color: #993300;\">Velikosti: 10, 12 in 14 OZ<\/span><\/p>\n","protected":false},"excerpt":{"rendered":"<p><span style=\"color: #003366;\"><strong>Odli\u010dne in cenovno ugodne rde\u010de 10, 12 ali 14 OZ Adidas boks rokavice.<\/strong><\/span><\/p>\n","protected":false},"featured_media":116402,"comment_status":"open","ping_status":"closed","template":"","meta":[],"product_brand":[5594],"product_cat":[1043,821,1109,951,1049],"product_tag":[],"class_list":{"0":"post-116412","1":"product","2":"type-product","3":"status-publish","4":"has-post-thumbnail","6":"product_brand-adidas","7":"product_cat-boks-kickbox-tajski-boks-mma","8":"product_cat-kick-thai-boxing-rokavice","9":"product_cat-zenske-boksarske-rokavice","10":"product_cat-adidas-3","11":"product_cat-adidas-7","12":"pa_velikost-10-oz-sl-2","13":"pa_velikost-12-oz-sl","14":"pa_velikost-14-oz-sl","16":"first","17":"instock","18":"taxable","19":"shipping-taxable","20":"purchasable","21":"product-type-variable"},"_links":{"self":[{"href":"https:\/\/www.budoshop.si\/sl\/wp-json\/wp\/v2\/product\/116412","targetHints":{"allow":["GET"]}}],"collection":[{"href":"https:\/\/www.budoshop.si\/sl\/wp-json\/wp\/v2\/product"}],"about":[{"href":"https:\/\/www.budoshop.si\/sl\/wp-json\/wp\/v2\/types\/product"}],"replies":[{"embeddable":true,"href":"https:\/\/www.budoshop.si\/sl\/wp-json\/wp\/v2\/comments?post=116412"}],"wp:featuredmedia":[{"embeddable":true,"href":"https:\/\/www.budoshop.si\/sl\/wp-json\/wp\/v2\/media\/116402"}],"wp:attachment":[{"href":"https:\/\/www.budoshop.si\/sl\/wp-json\/wp\/v2\/media?parent=116412"}],"wp:term":[{"taxonomy":"product_brand","embeddable":true,"href":"https:\/\/www.budoshop.si\/sl\/wp-json\/wp\/v2\/product_brand?post=116412"},{"taxonomy":"product_cat","embeddable":true,"href":"https:\/\/www.budoshop.si\/sl\/wp-json\/wp\/v2\/product_cat?post=116412"},{"taxonomy":"product_tag","embeddable":true,"href":"https:\/\/www.budoshop.si\/sl\/wp-json\/wp\/v2\/product_tag?post=116412"}],"curies":[{"name":"wp","href":"https:\/\/api.w.org\/{rel}","templated":true}]}}