{"id":116377,"date":"2024-11-26T09:47:44","date_gmt":"2024-11-26T08:47:44","guid":{"rendered":"https:\/\/www.budoshop.si\/kung-fu-tai-chi-uniform-shaolin-master-black-red-new\/"},"modified":"2025-09-20T08:29:06","modified_gmt":"2025-09-20T06:29:06","slug":"kung-fu-tai-chi-uniform-shaolin-master-black-red-new","status":"publish","type":"product","link":"https:\/\/www.budoshop.si\/sl\/izdelek\/kung-fu-tai-chi-uniform-shaolin-master-black-red-new\/","title":{"rendered":"Kung Fu \/ Tai Chi uniforma &#8221;SHAOLIN MASTER black\/red&#8221;"},"content":{"rendered":"<p><span style=\"font-size: 15px; color: #993300;\">Tradicionalni kitajski model uniforme za KUNG FU in TAI CHI \u010drne barve z rde\u010dimi zaklju\u010dki iz 100% bomba\u017ea (260 g\/m\u00b2). Uniforma je narejena po tradicionalnem kroju s kratkim ovratnikom rde\u010de barve, petimi gumbi na zati\u010de vzdol\u017e jakne in rde\u010dimi zaklju\u010dki rokavov, kar daje modelu atraktivnost. Udoben kroj in hla\u010de z vrvico v pasu tako omogo\u010dajo maksimalno lahkoto in prosto gibljivost. Zaradi tega jo nekatere na\u0161e stranke uporabljajo tudi kot udobno hi\u0161no ali spalno doma\u010de obla\u010dilo.<\/span><\/p>\n<p><span style=\"font-size: 15px; color: #993300;\">V kompletu so hla\u010de z elasti\u010dnim pasom in elastikami na dnu hla\u010dnic ter jakna z zapenjanjem na zati\u010de.<\/span><\/p>\n<p><span style=\"font-size: 15px; color: #993300;\">Vi\u0161ine: 160 &#8211; 200 cm (na 10 cm) &#8211; tudi manj\u0161e po naro\u010dilu<\/span><\/p>\n<p><span style=\"font-size: 11px; color: #993300;\">Pozor! Uniforma ni predprana in se pri prvem pranju lahko skr\u010di za cca. 3 %.<\/span><\/p>\n","protected":false},"excerpt":{"rendered":"<p><span style=\"color: #003366;\"><strong>Kung Fu in Tai Chi uniforma \u010drne barve z rde\u010dimi zaklju\u010dki.<\/strong><\/span><\/p>\n","protected":false},"featured_media":116375,"comment_status":"open","ping_status":"closed","template":"","meta":[],"product_brand":[5595],"product_cat":[5405,5406,1041,679],"product_tag":[],"class_list":{"0":"post-116377","1":"product","2":"type-product","3":"status-publish","4":"has-post-thumbnail","6":"product_brand-ju-sports","7":"product_cat-ju-sports","8":"product_cat-ju-sports-2","9":"product_cat-tai-chi-kunf-fu-wu-shu-1","10":"product_cat-kung-fu-tai-chi-uniforme","11":"pa_velikost-160-cm-sl","12":"pa_velikost-170-cm-sl","13":"pa_velikost-180-cm-sl","14":"pa_velikost-190-cm-sl","15":"pa_velikost-200-cm-sl","17":"first","18":"instock","19":"taxable","20":"shipping-taxable","21":"purchasable","22":"product-type-variable"},"_links":{"self":[{"href":"https:\/\/www.budoshop.si\/sl\/wp-json\/wp\/v2\/product\/116377","targetHints":{"allow":["GET"]}}],"collection":[{"href":"https:\/\/www.budoshop.si\/sl\/wp-json\/wp\/v2\/product"}],"about":[{"href":"https:\/\/www.budoshop.si\/sl\/wp-json\/wp\/v2\/types\/product"}],"replies":[{"embeddable":true,"href":"https:\/\/www.budoshop.si\/sl\/wp-json\/wp\/v2\/comments?post=116377"}],"wp:featuredmedia":[{"embeddable":true,"href":"https:\/\/www.budoshop.si\/sl\/wp-json\/wp\/v2\/media\/116375"}],"wp:attachment":[{"href":"https:\/\/www.budoshop.si\/sl\/wp-json\/wp\/v2\/media?parent=116377"}],"wp:term":[{"taxonomy":"product_brand","embeddable":true,"href":"https:\/\/www.budoshop.si\/sl\/wp-json\/wp\/v2\/product_brand?post=116377"},{"taxonomy":"product_cat","embeddable":true,"href":"https:\/\/www.budoshop.si\/sl\/wp-json\/wp\/v2\/product_cat?post=116377"},{"taxonomy":"product_tag","embeddable":true,"href":"https:\/\/www.budoshop.si\/sl\/wp-json\/wp\/v2\/product_tag?post=116377"}],"curies":[{"name":"wp","href":"https:\/\/api.w.org\/{rel}","templated":true}]}}