{"id":116361,"date":"2024-11-26T09:11:50","date_gmt":"2024-11-26T08:11:50","guid":{"rendered":"https:\/\/www.budoshop.si\/five-toe-socks-mikasa-ninja-walk-new\/"},"modified":"2026-02-02T11:48:50","modified_gmt":"2026-02-02T10:48:50","slug":"five-toe-socks-mikasa-ninja-walk-new","status":"publish","type":"product","link":"https:\/\/www.budoshop.si\/sl\/izdelek\/five-toe-socks-mikasa-ninja-walk-new\/","title":{"rendered":"Nogavice na prste &#8221;Mikasa Ninja Walk&#8221;"},"content":{"rendered":"<p><span style=\"font-size: 15px; color: #993300;\"><span class=\"HwtZe\" lang=\"en\"><span class=\"jCAhz ChMk0b\"><span class=\"ryNqvb\"><span class=\"HwtZe\" lang=\"sl\">Nogavice Mikasa Ninja Walk so absolutno vrhunski izdelek med nogavicami s petimi prsti, saj Mikasa tu postavlja nove standarde!<br \/>\nBrez\u0161ivna tehnologija zagotavlja najbolj\u0161e mo\u017eno udobje in najbolj\u0161e prileganje stopalu. Za popolnost vsakega para je potrebno ve\u010d kot eno uro natan\u010dnega pletenja. Nogavice so izdelane z dodatnim oblazinjenjem v peti in prstih, da ubla\u017ei udarce pri spustih nog med hojo, tekom ali vadbo. Kompresijska struktura na nartu pomaga stopalom ostati na mestu. Zunanje oja\u010ditve prepre\u010dujejo zdrse in omogo\u010dajo bolj\u0161i nadzor koraka.<\/span><br \/>\n<span class=\"HwtZe\" lang=\"sl\">3D distan\u010dne plasti oblazinjenja so v dodatno pomo\u010d pri vseh aktivnostih. Silikon za oprijem na podplatu zagotavlja potrebno oporo. Vgrajena opora stopalnega loka pomeni, da se stopalo po\u010dasneje utrudi in podpira ravnote\u017eje. Kro\u017eenje v zra\u010dnem materialu zagotavlja suha stopala. Nogavice so kot nala\u0161\u010d za ob\u010dutljivo ko\u017eo.<br \/>\nNogavice so primerne z<span class=\"jCAhz\">a uporabo v Tabi ali \u0161portnih copatih.<br \/>\nMikasa <\/span><\/span><\/span><\/span><\/span><span class=\"HwtZe\" lang=\"sl\"><span class=\"jCAhz ChMk0b\"><span class=\"ryNqvb\">Ninja Walk nogavice so izdelane s patentirano tehnologijo COOLMAX\u00ae (blagovna znamka podjetja &#8220;Lycra&#8221;): Nogavice vas lepo hladijo v toplih dneh in grejejo v hladnih dneh.<\/span><\/span><\/span><\/span><\/p>\n<p><span style=\"color: #993300; font-size: 15px;\">\u010crne barve.<\/span><br \/>\n<span style=\"font-size: 15px; color: #993300;\"><span class=\"HwtZe\" lang=\"en\"><span class=\"jCAhz ChMk0b\"><span class=\"ryNqvb\"><br \/>\nZakaj nogavice na prste:<br \/>\n&#8211; ker <\/span><\/span><\/span><span class=\"HwtZe\" lang=\"en\"><span class=\"jCAhz ChMk0b\"><span class=\"ryNqvb\">je vsak prst posebej ovit v dihajo\u010d material, to pove\u010da odvajanje vlage (ve\u010dja povr\u0161ina) ter prepre\u010di drgnjenje ko\u017ee in potenje med posameznimi prsti<br \/>\n&#8211; prsti so bolj svobodni in spro\u0161\u010deni (navadne nogavice lahko stiskajo stopalo), s tem se pove\u010da stabilnost in zmanj\u0161a zdrsavanje<br \/>\n<span class=\"HwtZe\" lang=\"sl\">&#8211; popolnoma se prilegajo nogi kar daje veliko bolj\u0161i ob\u010dutek in varnej\u0161i korak<br \/>\n&#8211; ker nudijo bolj\u0161e ravnote\u017eje od obi\u010dajnih nogavic<br \/>\n&#8211; prepre\u010duje nastanek \u017euljev, ker stopala ostanejo lepa in suha<\/span><br \/>\n<\/span><\/span><\/span><\/span><\/p>\n<p><strong><span style=\"font-size: 15px; color: #993300;\">MADE IN JAPAN!<\/span><\/strong><\/p>\n<p><span class=\"HwtZe\" lang=\"en\" style=\"font-size: 15px; color: #993300;\"><span class=\"jCAhz ChMk0b\"><span class=\"ryNqvb\">Na voljo v velikostih: M (37-40), L (40-43), XL (43-46)<br \/>\n<\/span><\/span><\/span><\/p>\n<p><span class=\"HwtZe\" lang=\"en\" style=\"font-size: 15px; color: #993300;\"><span class=\"jCAhz ChMk0b\"><span class=\"ryNqvb\"><span class=\"HwtZe\" lang=\"sl\" style=\"font-size: 15px; color: #993300;\">Material: 59% poliester (100% recikliran poliester &#8211; COOLMAX\u00ae EcoMade Fibre), 32% bomba\u017e, 6% najlon, 3% elastan (spandex)<\/span><br \/>\n<\/span><\/span><\/span><\/p>\n","protected":false},"excerpt":{"rendered":"<p><span style=\"color: #003366;\"><strong>\u010crne nogavice na prste japonske znamke Mikasa.<\/strong><\/span><\/p>\n","protected":false},"featured_media":116345,"comment_status":"open","ping_status":"closed","template":"","meta":[],"product_brand":[],"product_cat":[5542,5541,1037,939,963,959],"product_tag":[],"class_list":{"0":"post-116361","1":"product","2":"type-product","3":"status-publish","4":"has-post-thumbnail","6":"product_cat-mikasa-sl-2","7":"product_cat-mikasa-sl","8":"product_cat-ninjutsu-3","9":"product_cat-ninjutsu-oblacila","10":"product_cat-ostalo-6","11":"product_cat-tabi-1","12":"pa_velikost-l-sl-2","13":"pa_velikost-m-sl-2","14":"pa_velikost-xl-sl","16":"first","17":"instock","18":"taxable","19":"shipping-taxable","20":"purchasable","21":"product-type-variable"},"_links":{"self":[{"href":"https:\/\/www.budoshop.si\/sl\/wp-json\/wp\/v2\/product\/116361","targetHints":{"allow":["GET"]}}],"collection":[{"href":"https:\/\/www.budoshop.si\/sl\/wp-json\/wp\/v2\/product"}],"about":[{"href":"https:\/\/www.budoshop.si\/sl\/wp-json\/wp\/v2\/types\/product"}],"replies":[{"embeddable":true,"href":"https:\/\/www.budoshop.si\/sl\/wp-json\/wp\/v2\/comments?post=116361"}],"wp:featuredmedia":[{"embeddable":true,"href":"https:\/\/www.budoshop.si\/sl\/wp-json\/wp\/v2\/media\/116345"}],"wp:attachment":[{"href":"https:\/\/www.budoshop.si\/sl\/wp-json\/wp\/v2\/media?parent=116361"}],"wp:term":[{"taxonomy":"product_brand","embeddable":true,"href":"https:\/\/www.budoshop.si\/sl\/wp-json\/wp\/v2\/product_brand?post=116361"},{"taxonomy":"product_cat","embeddable":true,"href":"https:\/\/www.budoshop.si\/sl\/wp-json\/wp\/v2\/product_cat?post=116361"},{"taxonomy":"product_tag","embeddable":true,"href":"https:\/\/www.budoshop.si\/sl\/wp-json\/wp\/v2\/product_tag?post=116361"}],"curies":[{"name":"wp","href":"https:\/\/api.w.org\/{rel}","templated":true}]}}