{"id":116233,"date":"2024-11-22T17:24:06","date_gmt":"2024-11-22T16:24:06","guid":{"rendered":"https:\/\/www.budoshop.si\/professional-mounth-guard-adidas-opro-black-silver-new\/"},"modified":"2025-11-12T11:26:48","modified_gmt":"2025-11-12T10:26:48","slug":"professional-mounth-guard-adidas-opro-black-silver-new","status":"publish","type":"product","link":"https:\/\/www.budoshop.si\/sl\/izdelek\/professional-mounth-guard-adidas-opro-black-silver-new\/","title":{"rendered":"Profesionalni \u0161\u010ditnik za zobe &#8221;Adidas OPRO black-silver&#8221;"},"content":{"rendered":"<p><span style=\"font-size: 15px; color: #993300;\">Ta Adidas OPRO je \u0161\u010ditnik za zobe idealen za vse, ki sodelujejo v katerem koli borilnem \u0161portu, \u0161portu z \u017eogo ali palico. \u0160\u010ditnik za zobe ima visoko odporno zunanjo plast, ki absorbira udarce. \u0160\u010ditnik za zobe ima tudi protimikrobno za\u0161\u010dito, ki zavira rast bakterij do 99,99 %. S tem \u0161\u010ditnikom za zobe tako dobite udobje, ki vas ne bo oviralo med treniranjem. To tudi pomeni, da se vam prilega po meri. \u0160\u010ditniki za zobe so brez lateksa in zaradi svoje lahke konstrukcije omogo\u010dajo enostavno dihanje in jasno govorjenje. Dodano dr\u017ealo za prileganje vam omogo\u010da, da namestite \u0161\u010ditnika na sledino. To je pomembno, saj ne \u017eelite napa\u010dne lege \u0161\u010ditnika.<\/span><\/p>\n<p><span style=\"font-size: 15px; color: #993300;\">\u010crno-srebrne barve.<\/span><\/p>\n<p><span style=\"font-size: 15px; color: #993300;\">Velikost: SR<\/span><\/p>\n","protected":false},"excerpt":{"rendered":"<p><span style=\"color: #003366;\"><strong>Profesionalni \u010drno-srebrni Adidas \u0161\u010ditnik za zobe.<\/strong><\/span><\/p>\n","protected":false},"featured_media":116222,"comment_status":"open","ping_status":"closed","template":"","meta":[],"product_brand":[5594],"product_cat":[1043,1033,1029,1039,903,951,1049],"product_tag":[],"class_list":{"0":"post-116233","1":"product","2":"type-product","3":"status-publish","4":"has-post-thumbnail","6":"product_brand-adidas","7":"product_cat-boks-kickbox-tajski-boks-mma","8":"product_cat-ju-jitsujiu-jitsu-1","9":"product_cat-karate-5","10":"product_cat-taekwondo-3","11":"product_cat-scitniki-za-zobe","12":"product_cat-adidas-3","13":"product_cat-adidas-7","15":"first","16":"instock","17":"taxable","18":"shipping-taxable","19":"purchasable","20":"product-type-simple"},"_links":{"self":[{"href":"https:\/\/www.budoshop.si\/sl\/wp-json\/wp\/v2\/product\/116233","targetHints":{"allow":["GET"]}}],"collection":[{"href":"https:\/\/www.budoshop.si\/sl\/wp-json\/wp\/v2\/product"}],"about":[{"href":"https:\/\/www.budoshop.si\/sl\/wp-json\/wp\/v2\/types\/product"}],"replies":[{"embeddable":true,"href":"https:\/\/www.budoshop.si\/sl\/wp-json\/wp\/v2\/comments?post=116233"}],"wp:featuredmedia":[{"embeddable":true,"href":"https:\/\/www.budoshop.si\/sl\/wp-json\/wp\/v2\/media\/116222"}],"wp:attachment":[{"href":"https:\/\/www.budoshop.si\/sl\/wp-json\/wp\/v2\/media?parent=116233"}],"wp:term":[{"taxonomy":"product_brand","embeddable":true,"href":"https:\/\/www.budoshop.si\/sl\/wp-json\/wp\/v2\/product_brand?post=116233"},{"taxonomy":"product_cat","embeddable":true,"href":"https:\/\/www.budoshop.si\/sl\/wp-json\/wp\/v2\/product_cat?post=116233"},{"taxonomy":"product_tag","embeddable":true,"href":"https:\/\/www.budoshop.si\/sl\/wp-json\/wp\/v2\/product_tag?post=116233"}],"curies":[{"name":"wp","href":"https:\/\/api.w.org\/{rel}","templated":true}]}}