{"id":116214,"date":"2024-11-22T15:24:28","date_gmt":"2024-11-22T14:24:28","guid":{"rendered":"https:\/\/www.budoshop.si\/steel-tai-chi-fan-yin-yang-blue-new\/"},"modified":"2026-01-13T10:25:40","modified_gmt":"2026-01-13T09:25:40","slug":"steel-tai-chi-fan-yin-yang-blue-new","status":"publish","type":"product","link":"https:\/\/www.budoshop.si\/sl\/izdelek\/steel-tai-chi-fan-yin-yang-blue-new\/","title":{"rendered":"Kovinska Tai Chi pahlja\u010da &#8221;YIN YANG BLUE&#8221;"},"content":{"rendered":"<p><span class=\"HwtZe\" lang=\"sl\" style=\"font-size: 15px; color: #993300;\"><span class=\"jCAhz ChMk0b\"><span class=\"ryNqvb\">Tradicionalna Tai Chi pahlja\u010da je narejena iz jeklenih reber in potiskanega satena. <\/span><\/span><span class=\"jCAhz ChMk0b\"><span class=\"ryNqvb\">Na modrem satenastem platnu je narisan Yin Yang simbol in napis Taichi v kitaj\u0161\u010dini.<\/span><\/span> <span class=\"jCAhz\"><span class=\"ryNqvb\">Odprta je ta pahlja\u010da \u0161iroka kar cca.<\/span><\/span> <span class=\"jCAhz ChMk0b\"><span class=\"ryNqvb\">64 cm.<\/span><\/span> <span class=\"jCAhz ChMk0b\"><span class=\"ryNqvb\">Zvok, ki nastane pri odpiranju te pahlja\u010de, je veliko glasnej\u0161i kot pri bambusovih pahlja\u010daj.<br \/>\n<\/span><\/span><span class=\"jCAhz ChMk0b\"><span class=\"ryNqvb\">Taichi pahlja\u010da je bila prvotno izdelana iz kovine in z ostrim robom, se danes ve\u010dinoma uporablja kot dopolnilni rekvizit pri ve\u0161\u010dinah kot so Tai Chi, Kung Fu ali Wu Shuju za vadbo form in drilov ali vadbeno oro\u017eje. <\/span><\/span><span class=\"jCAhz ChMk0b\"><span class=\"ryNqvb\">Odli\u010den pripomo\u010dek za vadbo, kot tudi okras va\u0161ega vadbenega prostora ali dnevne sobe.<\/span><\/span><\/span><\/p>\n<p>&nbsp;<\/p>\n<ul>\n<li><span style=\"font-size: 15px; color: #993300;\">velikost: 33 cm<\/span><\/li>\n<li><span style=\"font-size: 15px; color: #993300;\">te\u017ea: cca. 480g<\/span><\/li>\n<li><span style=\"font-size: 15px; color: #993300;\">izdelana iz jeklenih reber in zato te\u017eja od bambusovih pahlja\u010d<\/span><\/li>\n<li><span style=\"font-size: 15px; color: #993300;\">na modrem satenastem platnu natisnjen Yin Yang motiv in napis Taichi v kitaj\u0161\u010dini<\/span><\/li>\n<li><span class=\"HwtZe\" lang=\"sl\" style=\"font-size: 15px; color: #993300;\"><span class=\"jCAhz ChMk0b\"><span class=\"ryNqvb\">Vklju\u010dno s tekstilno vre\u010dko, ki ohrani obliko pahlja\u010de in jo ohrani na varnem<\/span><\/span><\/span><\/li>\n<\/ul>\n","protected":false},"excerpt":{"rendered":"<p><span style=\"color: #003366;\"><strong>Velika modra TAI CHI kovinska pahlja\u010da z YIN YANG motivom.<\/strong><\/span><\/p>\n","protected":false},"featured_media":116211,"comment_status":"open","ping_status":"closed","template":"","meta":[],"product_brand":[5595],"product_cat":[1035,1043,1033,5406,5405,1031,1029,1037,841,731,1039,1041],"product_tag":[],"class_list":{"0":"post-116214","1":"product","2":"type-product","3":"status-publish","4":"has-post-thumbnail","6":"product_brand-ju-sports","7":"product_cat-aikido-kendo-iai-kobudo-1","8":"product_cat-boks-kickbox-tajski-boks-mma","9":"product_cat-ju-jitsujiu-jitsu-1","10":"product_cat-ju-sports-2","11":"product_cat-ju-sports","12":"product_cat-judo-1","13":"product_cat-karate-5","14":"product_cat-ninjutsu-3","15":"product_cat-ostalo-4","16":"product_cat-ostalo-2","17":"product_cat-taekwondo-3","18":"product_cat-tai-chi-kunf-fu-wu-shu-1","20":"first","21":"instock","22":"taxable","23":"shipping-taxable","24":"purchasable","25":"product-type-simple"},"_links":{"self":[{"href":"https:\/\/www.budoshop.si\/sl\/wp-json\/wp\/v2\/product\/116214","targetHints":{"allow":["GET"]}}],"collection":[{"href":"https:\/\/www.budoshop.si\/sl\/wp-json\/wp\/v2\/product"}],"about":[{"href":"https:\/\/www.budoshop.si\/sl\/wp-json\/wp\/v2\/types\/product"}],"replies":[{"embeddable":true,"href":"https:\/\/www.budoshop.si\/sl\/wp-json\/wp\/v2\/comments?post=116214"}],"wp:featuredmedia":[{"embeddable":true,"href":"https:\/\/www.budoshop.si\/sl\/wp-json\/wp\/v2\/media\/116211"}],"wp:attachment":[{"href":"https:\/\/www.budoshop.si\/sl\/wp-json\/wp\/v2\/media?parent=116214"}],"wp:term":[{"taxonomy":"product_brand","embeddable":true,"href":"https:\/\/www.budoshop.si\/sl\/wp-json\/wp\/v2\/product_brand?post=116214"},{"taxonomy":"product_cat","embeddable":true,"href":"https:\/\/www.budoshop.si\/sl\/wp-json\/wp\/v2\/product_cat?post=116214"},{"taxonomy":"product_tag","embeddable":true,"href":"https:\/\/www.budoshop.si\/sl\/wp-json\/wp\/v2\/product_tag?post=116214"}],"curies":[{"name":"wp","href":"https:\/\/api.w.org\/{rel}","templated":true}]}}