{"id":116171,"date":"2024-11-22T13:24:14","date_gmt":"2024-11-22T12:24:14","guid":{"rendered":"https:\/\/www.budoshop.si\/boxing-set-adidas-new\/"},"modified":"2026-03-18T18:31:41","modified_gmt":"2026-03-18T17:31:41","slug":"boxing-set-adidas-new","status":"publish","type":"product","link":"https:\/\/www.budoshop.si\/sl\/izdelek\/boxing-set-adidas-new\/","title":{"rendered":"Boksarski set &#8221;ADIDAS&#8221;"},"content":{"rendered":"<p><span style=\"font-size: 15px; color: #993300;\">Ta boksarski set vklju\u010duje:<\/span><\/p>\n<ul>\n<li><span style=\"font-size: 15px; color: #993300;\">boksarske rokavice 12OZ Adidas Speed TILT 200 izdelane iz trpe\u017enega umetnega usnja s Climacool tehnologijo za bolj\u0161e odvajanje znoja, EVA peno z gelom oblo\u017eitvijo za bolj\u0161o absorpcijo udarcev in elasti\u010dnega pritrditvenega traku z zapenjanjem na je\u017eka.<\/span><\/li>\n<li><span style=\"font-size: 15px; color: #993300;\">par mehkih elasti\u010dnih Adidas banda\u017e povojev za roke z zanko za palec in zapiranjem na je\u017eka, izdelanih iz 100% bomba\u017ea \u0161irine 5 cm in dol\u017eine 355 cm.<\/span><\/li>\n<li><span style=\"font-size: 15px; color: #993300;\">plasti\u010dno Adidas kolebnico<\/span><\/li>\n<li><span style=\"font-size: 15px; color: #993300;\">priro\u010dno prenosno torbico<\/span><\/li>\n<\/ul>\n<p><span class=\"HwtZe\" lang=\"en\" style=\"font-size: 15px; color: #993300;\"><span class=\"jCAhz ChMk0b\"><span class=\"ryNqvb\"><span class=\"HwtZe\" lang=\"sl\">Z nakupom tega seta lahko prihranite glede na posamezne cene. Adidas Speed TILT \u200b\u200b\u200b\u200b200 so odli\u010dne boksarske rokavice, banda\u017ee in skakalna vrv sta prilo\u017eena, tako da se lahko trening za\u010dne takoj!<\/span><\/span><\/span><\/span><\/p>\n","protected":false},"excerpt":{"rendered":"<p><span style=\"color: #003366;\"><strong>Adidas set boksarskih rokavic, banda\u017e povojev in kolebnice.<\/strong><\/span><\/p>\n","protected":false},"featured_media":116144,"comment_status":"open","ping_status":"closed","template":"","meta":[],"product_brand":[5594],"product_cat":[1043,925,821,951,1049],"product_tag":[],"class_list":{"0":"post-116171","1":"product","2":"type-product","3":"status-publish","4":"has-post-thumbnail","6":"product_brand-adidas","7":"product_cat-boks-kickbox-tajski-boks-mma","8":"product_cat-mma-in-boxing-set","9":"product_cat-kick-thai-boxing-rokavice","10":"product_cat-adidas-3","11":"product_cat-adidas-7","13":"first","14":"outofstock","15":"taxable","16":"shipping-taxable","17":"purchasable","18":"product-type-simple"},"_links":{"self":[{"href":"https:\/\/www.budoshop.si\/sl\/wp-json\/wp\/v2\/product\/116171","targetHints":{"allow":["GET"]}}],"collection":[{"href":"https:\/\/www.budoshop.si\/sl\/wp-json\/wp\/v2\/product"}],"about":[{"href":"https:\/\/www.budoshop.si\/sl\/wp-json\/wp\/v2\/types\/product"}],"replies":[{"embeddable":true,"href":"https:\/\/www.budoshop.si\/sl\/wp-json\/wp\/v2\/comments?post=116171"}],"wp:featuredmedia":[{"embeddable":true,"href":"https:\/\/www.budoshop.si\/sl\/wp-json\/wp\/v2\/media\/116144"}],"wp:attachment":[{"href":"https:\/\/www.budoshop.si\/sl\/wp-json\/wp\/v2\/media?parent=116171"}],"wp:term":[{"taxonomy":"product_brand","embeddable":true,"href":"https:\/\/www.budoshop.si\/sl\/wp-json\/wp\/v2\/product_brand?post=116171"},{"taxonomy":"product_cat","embeddable":true,"href":"https:\/\/www.budoshop.si\/sl\/wp-json\/wp\/v2\/product_cat?post=116171"},{"taxonomy":"product_tag","embeddable":true,"href":"https:\/\/www.budoshop.si\/sl\/wp-json\/wp\/v2\/product_tag?post=116171"}],"curies":[{"name":"wp","href":"https:\/\/api.w.org\/{rel}","templated":true}]}}