{"id":116138,"date":"2024-11-22T12:52:45","date_gmt":"2024-11-22T11:52:45","guid":{"rendered":"https:\/\/www.budoshop.si\/taekwondo-cap-adidas-new\/"},"modified":"2025-09-18T08:45:36","modified_gmt":"2025-09-18T06:45:36","slug":"taekwondo-cap-adidas-new","status":"publish","type":"product","link":"https:\/\/www.budoshop.si\/sl\/izdelek\/taekwondo-cap-adidas-new\/","title":{"rendered":"Taekwondo kapa &#8221;ADIDAS&#8221;"},"content":{"rendered":"<p><span style=\"font-size: 15px; color: #993300;\">Ta posebna \u0161portna Adidas kapa je namenjena vsem ljubiteljem in navdu\u0161encem Taekwondoja. Izdelana je iz izredno kvalitetnega in zra\u010dnega Climalite<sup>\u00a9<\/sup> materiala, ki zagotavlja prijeten ob\u010dutek suhosti, poleg tega pa kapa nudi tudi UV za\u0161\u010dito (faktor 50+). Prakti\u010dni plasti\u010dni &#8216;snap-back&#8217; trak na zadnji strani omogo\u010da enostavno prilagoditev svoji velikosti. Predoblikovan \u0161ild. Na prednji strani se nahaja vezen Adidasov logotip in pod njim napis Taekwondo.<\/span><\/p>\n<p><span style=\"font-size: 15px; color: #993300;\">Materiali: zgornji del: 100% bomba\u017e, trak za znoj: 100% bomba\u017e, podloga: 80% poliester, 20% bomba\u017e<\/span><\/p>\n<p><span style=\"font-size: 15px; color: #993300;\">\u010crne barve.<\/span><\/p>\n<p><span style=\"font-size: 15px; color: #993300;\">Univerzalna velikost.<\/span><\/p>\n","protected":false},"excerpt":{"rendered":"<p><span style=\"color: #003366;\"><strong>\u0160portna Adidas Taekwondo kapa \u010drne barve.<\/strong><\/span><\/p>\n","protected":false},"featured_media":116135,"comment_status":"open","ping_status":"closed","template":"","meta":[],"product_brand":[],"product_cat":[1039,1011,951,1049],"product_tag":[],"class_list":{"0":"post-116138","1":"product","2":"type-product","3":"status-publish","4":"has-post-thumbnail","6":"product_cat-taekwondo-3","7":"product_cat-kape","8":"product_cat-adidas-3","9":"product_cat-adidas-7","11":"first","12":"instock","13":"taxable","14":"shipping-taxable","15":"purchasable","16":"product-type-simple"},"_links":{"self":[{"href":"https:\/\/www.budoshop.si\/sl\/wp-json\/wp\/v2\/product\/116138","targetHints":{"allow":["GET"]}}],"collection":[{"href":"https:\/\/www.budoshop.si\/sl\/wp-json\/wp\/v2\/product"}],"about":[{"href":"https:\/\/www.budoshop.si\/sl\/wp-json\/wp\/v2\/types\/product"}],"replies":[{"embeddable":true,"href":"https:\/\/www.budoshop.si\/sl\/wp-json\/wp\/v2\/comments?post=116138"}],"wp:featuredmedia":[{"embeddable":true,"href":"https:\/\/www.budoshop.si\/sl\/wp-json\/wp\/v2\/media\/116135"}],"wp:attachment":[{"href":"https:\/\/www.budoshop.si\/sl\/wp-json\/wp\/v2\/media?parent=116138"}],"wp:term":[{"taxonomy":"product_brand","embeddable":true,"href":"https:\/\/www.budoshop.si\/sl\/wp-json\/wp\/v2\/product_brand?post=116138"},{"taxonomy":"product_cat","embeddable":true,"href":"https:\/\/www.budoshop.si\/sl\/wp-json\/wp\/v2\/product_cat?post=116138"},{"taxonomy":"product_tag","embeddable":true,"href":"https:\/\/www.budoshop.si\/sl\/wp-json\/wp\/v2\/product_tag?post=116138"}],"curies":[{"name":"wp","href":"https:\/\/api.w.org\/{rel}","templated":true}]}}