{"id":116060,"date":"2024-11-21T13:05:35","date_gmt":"2024-11-21T12:05:35","guid":{"rendered":"https:\/\/www.budoshop.si\/?post_type=product&#038;p=116060"},"modified":"2026-03-17T09:29:09","modified_gmt":"2026-03-17T08:29:09","slug":"kickboxing-t-shirt-adidas-novo","status":"publish","type":"product","link":"https:\/\/www.budoshop.si\/sl\/izdelek\/kickboxing-t-shirt-adidas-novo\/","title":{"rendered":"Adidas T-shirt &#8221;KICKBOXING&#8221;"},"content":{"rendered":"<p><span style=\"font-size: 15px; color: #993300;\">Te Adidas Kickboxing t-shirt majice prihajajo iz popolnoma nove Adidas linije. <\/span><br \/>\n<span style=\"font-size: 15px; color: #993300;\">Izdelana je iz 100% \u010desanega bomba\u017ea (170g\/m2), telirana, z direktnim barvnim printom na prednji strani.<br \/>\nNapis Kickboxing znotraj Adidas logotipa.<br \/>\n<\/span><\/p>\n<p><span style=\"font-size: 15px; color: #993300;\">Te Kikcboxing majice so izredno prakti\u010dne in primerne za vsestransko uporabo, ne glede na to ali ste v telovadnici, v \u0161oli, v slu\u017ebi ali mestu, print na prednji strani pa ponosno prikazuje va\u0161o najljub\u0161o ve\u0161\u010dino.<\/span><\/p>\n<p><span style=\"font-size: 15px; color: #993300;\">Barve: \u010drna, siva<\/span><\/p>\n<p><span style=\"font-size: 15px; color: #993300;\">Velikosti:<\/span><br \/>\n<span style=\"font-size: 15px; color: #993300;\">\u2013 otroci: 140 \u2013 152<\/span><br \/>\n<span style=\"font-size: 15px; color: #993300;\">\u2013 odrasli: XS \u2013 S \u2013 M \u2013 L \u2013 XL<\/span><\/p>\n<p><span style=\"color: #993300; font-size: 15px;\">Samo v na\u0161i spletni prodajalni.<\/span><\/p>\n","protected":false},"excerpt":{"rendered":"<p><span style=\"color: #003366;\"><strong>Funkcionalna Adidas KICKBOXING majica razli\u010dnih barv.<\/strong><\/span><\/p>\n","protected":false},"featured_media":119638,"comment_status":"open","ping_status":"closed","template":"","meta":[],"product_brand":[5594],"product_cat":[1043,1005,951,1049],"product_tag":[],"class_list":{"0":"post-116060","1":"product","2":"type-product","3":"status-publish","4":"has-post-thumbnail","6":"product_brand-adidas","7":"product_cat-boks-kickbox-tajski-boks-mma","8":"product_cat-majice","9":"product_cat-adidas-3","10":"product_cat-adidas-7","11":"pa_barva-siva","12":"pa_barva-crne-barve-sl-2","13":"pa_velikost-xs-sl","14":"pa_velikost-s-sl-2","15":"pa_velikost-m-sl-2","16":"pa_velikost-l-sl-2","17":"pa_velikost-xl-sl","18":"pa_velikost-140-2","19":"pa_velikost-152-2","21":"first","22":"instock","23":"taxable","24":"shipping-taxable","25":"purchasable","26":"product-type-variable"},"_links":{"self":[{"href":"https:\/\/www.budoshop.si\/sl\/wp-json\/wp\/v2\/product\/116060","targetHints":{"allow":["GET"]}}],"collection":[{"href":"https:\/\/www.budoshop.si\/sl\/wp-json\/wp\/v2\/product"}],"about":[{"href":"https:\/\/www.budoshop.si\/sl\/wp-json\/wp\/v2\/types\/product"}],"replies":[{"embeddable":true,"href":"https:\/\/www.budoshop.si\/sl\/wp-json\/wp\/v2\/comments?post=116060"}],"wp:featuredmedia":[{"embeddable":true,"href":"https:\/\/www.budoshop.si\/sl\/wp-json\/wp\/v2\/media\/119638"}],"wp:attachment":[{"href":"https:\/\/www.budoshop.si\/sl\/wp-json\/wp\/v2\/media?parent=116060"}],"wp:term":[{"taxonomy":"product_brand","embeddable":true,"href":"https:\/\/www.budoshop.si\/sl\/wp-json\/wp\/v2\/product_brand?post=116060"},{"taxonomy":"product_cat","embeddable":true,"href":"https:\/\/www.budoshop.si\/sl\/wp-json\/wp\/v2\/product_cat?post=116060"},{"taxonomy":"product_tag","embeddable":true,"href":"https:\/\/www.budoshop.si\/sl\/wp-json\/wp\/v2\/product_tag?post=116060"}],"curies":[{"name":"wp","href":"https:\/\/api.w.org\/{rel}","templated":true}]}}