{"id":116003,"date":"2024-11-21T11:06:32","date_gmt":"2024-11-21T10:06:32","guid":{"rendered":"https:\/\/www.budoshop.si\/boxing-hand-mitt-adidas-speed-blue-pair-new\/"},"modified":"2026-03-04T08:18:21","modified_gmt":"2026-03-04T07:18:21","slug":"boxing-hand-mitt-adidas-speed-blue-pair-new","status":"publish","type":"product","link":"https:\/\/www.budoshop.si\/sl\/izdelek\/boxing-hand-mitt-adidas-speed-blue-pair-new\/","title":{"rendered":"Boksarska fokuser rokavica &#8221;Adidas SPEED blue&#8221; (par)"},"content":{"rendered":"<p><span style=\"font-size: 15px; color: #993300;\">Te Adidas SPEED boksarske fokuser rokavice so izdelane lahkega a izredno trpe\u017enega materiala tako, da so izredno lahke in udobne za uporabo. Zunanja prevleka je izdelana kvalitetnega umetnega usnja, ki je enostaven za vzdr\u017eevanje in ima dolgo \u017eivljenjsko dobo. Ve\u010dslojna penasta oblazinjenost z visoko kompresijo odli\u010dno absorbira udarce in \u0161\u010diti tako trenerja kot tistega, ki udarja. Rahla ukrivljenost in posebna okroglina znotraj fokuserja zagotavlja dober oprijem in razpr\u0161i silo udarca po njegovi celotni povr\u0161ini tako, da trenerjeva roka ni preve\u010d obremenjena. Fokuser se za dober oprijem na roko pritrdi s trakom z zapenjanjem na je\u017eka. Po potrebi fokuser enostavno obri\u0161ete z vla\u017eno krpo, po vsaki uporabi pa ga prezra\u010dite, da zagotovite, da je suh za trening naslednji dan. Primerno za za\u010detnike in naprednej\u0161e uporabnike.<\/span><\/p>\n<p><span style=\"font-size: 15px; color: #993300;\">Modro-zlata barvna kombinacija.<\/span><\/p>\n<p><span style=\"font-size: 15px; color: #993300;\">Mere: cca. 18 cm x 26 cm x 9 cm<\/span><\/p>\n<p><span style=\"font-size: 15px; color: #993300;\">Prodaja se v paru.<\/span><\/p>\n","protected":false},"excerpt":{"rendered":"<p><span style=\"color: #003366;\"><strong>Odli\u010den moder boksarski Adidas Speed ro\u010dni fokuser.<\/strong><\/span><\/p>\n","protected":false},"featured_media":115998,"comment_status":"open","ping_status":"closed","template":"","meta":[],"product_brand":[5594],"product_cat":[1043,1033,1029,1039,1111,951,1049],"product_tag":[],"class_list":{"0":"post-116003","1":"product","2":"type-product","3":"status-publish","4":"has-post-thumbnail","6":"product_brand-adidas","7":"product_cat-boks-kickbox-tajski-boks-mma","8":"product_cat-ju-jitsujiu-jitsu-1","9":"product_cat-karate-5","10":"product_cat-taekwondo-3","11":"product_cat-fokuser-rokavice","12":"product_cat-adidas-3","13":"product_cat-adidas-7","15":"first","16":"instock","17":"taxable","18":"shipping-taxable","19":"purchasable","20":"product-type-simple"},"_links":{"self":[{"href":"https:\/\/www.budoshop.si\/sl\/wp-json\/wp\/v2\/product\/116003","targetHints":{"allow":["GET"]}}],"collection":[{"href":"https:\/\/www.budoshop.si\/sl\/wp-json\/wp\/v2\/product"}],"about":[{"href":"https:\/\/www.budoshop.si\/sl\/wp-json\/wp\/v2\/types\/product"}],"replies":[{"embeddable":true,"href":"https:\/\/www.budoshop.si\/sl\/wp-json\/wp\/v2\/comments?post=116003"}],"wp:featuredmedia":[{"embeddable":true,"href":"https:\/\/www.budoshop.si\/sl\/wp-json\/wp\/v2\/media\/115998"}],"wp:attachment":[{"href":"https:\/\/www.budoshop.si\/sl\/wp-json\/wp\/v2\/media?parent=116003"}],"wp:term":[{"taxonomy":"product_brand","embeddable":true,"href":"https:\/\/www.budoshop.si\/sl\/wp-json\/wp\/v2\/product_brand?post=116003"},{"taxonomy":"product_cat","embeddable":true,"href":"https:\/\/www.budoshop.si\/sl\/wp-json\/wp\/v2\/product_cat?post=116003"},{"taxonomy":"product_tag","embeddable":true,"href":"https:\/\/www.budoshop.si\/sl\/wp-json\/wp\/v2\/product_tag?post=116003"}],"curies":[{"name":"wp","href":"https:\/\/api.w.org\/{rel}","templated":true}]}}