{"id":115974,"date":"2024-11-20T15:05:25","date_gmt":"2024-11-20T14:05:25","guid":{"rendered":"https:\/\/www.budoshop.si\/coaching-padded-sticks-zebra-pair-new\/"},"modified":"2025-06-23T08:21:13","modified_gmt":"2025-06-23T06:21:13","slug":"coaching-padded-sticks-zebra-pair-new","status":"publish","type":"product","link":"https:\/\/www.budoshop.si\/sl\/izdelek\/coaching-padded-sticks-zebra-pair-new\/","title":{"rendered":"Trenerske oblazinjene palice &#8221;ZEBRA&#8221; (par)"},"content":{"rendered":"<p><span style=\"font-size: 15px; color: #993300;\">Trenerske oblazinjene palice Zebra so namenjene izbolj\u0161anju ro\u010dnih in no\u017enih tehnik, natan\u010dnosti, izmikanju in odzivnosti. Uporabljajo se namesto klasi\u010dnih ro\u010dnih boksarskih fokuser rokavic, s to razliko, da je trener \u0161e hitrej\u0161i, lahko stoji na varnej\u0161i distanci in ne sprejema mo\u010dnih udarcev s svojimi dlanmi in zapestji.<\/span><br \/>\n<span style=\"font-size: 15px; color: #993300;\">Palice so izdelane iz trdega jedra, ki je oblazinjeno s kvalitetno peno. Zapestni trak na dnu ro\u010daja pa zagotavlja, da palica ne zdrsne iz rok. Trenerske oblazinjene palice so odli\u010den pripomo\u010dek za trening Karateja, boksa in drugih kontaktnih borilnih ve\u0161\u010din.<\/span><\/p>\n<p><span style=\"font-size: 15px; color: #993300;\">Belo-\u010drne barve.<\/span><\/p>\n<p><span style=\"font-size: 15px; color: #993300;\">Dol\u017eina cca. 56 cm<\/span><br \/>\n<span style=\"font-size: 15px; color: #993300;\">Debelina cca. 5 cm<\/span><\/p>\n<p><span style=\"font-size: 15px; color: #993300;\">Prodaja se v paru.<\/span><\/p>\n","protected":false},"excerpt":{"rendered":"<p><span style=\"color: #003366;\"><strong>Trenerske oblazinjene palice Zebra &#8211; par.<\/strong><\/span><\/p>\n","protected":false},"featured_media":115970,"comment_status":"open","ping_status":"closed","template":"","meta":[],"product_brand":[5599],"product_cat":[1043,1033,1029,1039,725,1115,1105,1103],"product_tag":[],"class_list":{"0":"post-115974","1":"product","2":"type-product","3":"status-publish","4":"has-post-thumbnail","6":"product_brand-zebra","7":"product_cat-boks-kickbox-tajski-boks-mma","8":"product_cat-ju-jitsujiu-jitsu-1","9":"product_cat-karate-5","10":"product_cat-taekwondo-3","11":"product_cat-palice","12":"product_cat-fokuser-loparcki-trenerske-palice","13":"product_cat-zebra-3","14":"product_cat-zebra-1","16":"first","17":"instock","18":"taxable","19":"shipping-taxable","20":"purchasable","21":"product-type-simple"},"_links":{"self":[{"href":"https:\/\/www.budoshop.si\/sl\/wp-json\/wp\/v2\/product\/115974","targetHints":{"allow":["GET"]}}],"collection":[{"href":"https:\/\/www.budoshop.si\/sl\/wp-json\/wp\/v2\/product"}],"about":[{"href":"https:\/\/www.budoshop.si\/sl\/wp-json\/wp\/v2\/types\/product"}],"replies":[{"embeddable":true,"href":"https:\/\/www.budoshop.si\/sl\/wp-json\/wp\/v2\/comments?post=115974"}],"wp:featuredmedia":[{"embeddable":true,"href":"https:\/\/www.budoshop.si\/sl\/wp-json\/wp\/v2\/media\/115970"}],"wp:attachment":[{"href":"https:\/\/www.budoshop.si\/sl\/wp-json\/wp\/v2\/media?parent=115974"}],"wp:term":[{"taxonomy":"product_brand","embeddable":true,"href":"https:\/\/www.budoshop.si\/sl\/wp-json\/wp\/v2\/product_brand?post=115974"},{"taxonomy":"product_cat","embeddable":true,"href":"https:\/\/www.budoshop.si\/sl\/wp-json\/wp\/v2\/product_cat?post=115974"},{"taxonomy":"product_tag","embeddable":true,"href":"https:\/\/www.budoshop.si\/sl\/wp-json\/wp\/v2\/product_tag?post=115974"}],"curies":[{"name":"wp","href":"https:\/\/api.w.org\/{rel}","templated":true}]}}