{"id":115965,"date":"2024-11-20T13:22:45","date_gmt":"2024-11-20T12:22:45","guid":{"rendered":"https:\/\/www.budoshop.si\/bobble-hat-tokaido-karate-new\/"},"modified":"2025-04-09T08:29:25","modified_gmt":"2025-04-09T06:29:25","slug":"bobble-hat-tokaido-karate-new","status":"publish","type":"product","link":"https:\/\/www.budoshop.si\/sl\/izdelek\/bobble-hat-tokaido-karate-new\/","title":{"rendered":"Kapa &#8221;Tokaido KARATE&#8221;"},"content":{"rendered":"<p><span class=\"HwtZe\" lang=\"sl\" style=\"font-size: 15px; color: #993300;\"><span class=\"jCAhz ChMk0b\"><span class=\"ryNqvb\">Ta topla in \u0161portna zimska kapa s cofom znamke Tokaido je popoln dodatek za Karateiste in ljubitelje Karateja.<\/span><\/span> K<span class=\"jCAhz ChMk0b\"><span class=\"ryNqvb\">apa je izdelana iz prijetnega materiala in vas zanesljivo greje, bodisi na poti na trening, ogrevanje ali v prostem \u010dasu.<\/span><\/span> <span class=\"jCAhz ChMk0b\"><span class=\"ryNqvb\">Velik napis &#8220;KARATE&#8221; prikazuje va\u0161o strast do te fascinantne borilne ve\u0161\u010dine in poskrbi, da je kapa prava pa\u0161a za o\u010di.<br \/>\n<\/span><\/span><span class=\"jCAhz ChMk0b\"><span class=\"ryNqvb\">\u010crno-belo-rde\u010de barve s Karate in WKF logotipom spredaj.<\/span><\/span><\/span><\/p>\n<p><span style=\"font-size: 15px; color: #993300;\">Univerzalna velikost.<\/span><\/p>\n<p>&nbsp;<\/p>\n<p><span style=\"font-size: 15px;\">\u00a0<\/span><\/p>\n","protected":false},"excerpt":{"rendered":"<p><span style=\"color: #003366;\"><strong>Tokaido Karate zimska kapa s cofom.<\/strong><\/span><\/p>\n","protected":false},"featured_media":115961,"comment_status":"open","ping_status":"closed","template":"","meta":[],"product_brand":[],"product_cat":[1011,1029,1047,949],"product_tag":[],"class_list":{"0":"post-115965","1":"product","2":"type-product","3":"status-publish","4":"has-post-thumbnail","6":"product_cat-kape","7":"product_cat-karate-5","8":"product_cat-tokaido-1","9":"product_cat-shureido-3","11":"first","12":"instock","13":"taxable","14":"shipping-taxable","15":"purchasable","16":"product-type-simple"},"_links":{"self":[{"href":"https:\/\/www.budoshop.si\/sl\/wp-json\/wp\/v2\/product\/115965","targetHints":{"allow":["GET"]}}],"collection":[{"href":"https:\/\/www.budoshop.si\/sl\/wp-json\/wp\/v2\/product"}],"about":[{"href":"https:\/\/www.budoshop.si\/sl\/wp-json\/wp\/v2\/types\/product"}],"replies":[{"embeddable":true,"href":"https:\/\/www.budoshop.si\/sl\/wp-json\/wp\/v2\/comments?post=115965"}],"wp:featuredmedia":[{"embeddable":true,"href":"https:\/\/www.budoshop.si\/sl\/wp-json\/wp\/v2\/media\/115961"}],"wp:attachment":[{"href":"https:\/\/www.budoshop.si\/sl\/wp-json\/wp\/v2\/media?parent=115965"}],"wp:term":[{"taxonomy":"product_brand","embeddable":true,"href":"https:\/\/www.budoshop.si\/sl\/wp-json\/wp\/v2\/product_brand?post=115965"},{"taxonomy":"product_cat","embeddable":true,"href":"https:\/\/www.budoshop.si\/sl\/wp-json\/wp\/v2\/product_cat?post=115965"},{"taxonomy":"product_tag","embeddable":true,"href":"https:\/\/www.budoshop.si\/sl\/wp-json\/wp\/v2\/product_tag?post=115965"}],"curies":[{"name":"wp","href":"https:\/\/api.w.org\/{rel}","templated":true}]}}