{"id":115850,"date":"2024-11-15T15:46:34","date_gmt":"2024-11-15T14:46:34","guid":{"rendered":"https:\/\/www.budoshop.si\/ju-jutsu-t-shirt-kanji-white-new\/"},"modified":"2025-07-24T09:30:27","modified_gmt":"2025-07-24T07:30:27","slug":"ju-jutsu-t-shirt-kanji-white-new","status":"publish","type":"product","link":"https:\/\/www.budoshop.si\/sl\/izdelek\/ju-jutsu-t-shirt-kanji-white-new\/","title":{"rendered":"Ju-jutsu T-shirt &#8221;KANJI white&#8221;"},"content":{"rendered":"<p><span style=\"font-size: 15px; color: #993300;\"><span class=\"HwtZe\" lang=\"sl\"><span class=\"jCAhz ChMk0b\"><span class=\"ryNqvb\">Ta bela Ju-jutsu majica je izdelana iz ko\u017ei prijaznega, naravno funkcionalnega, predhodno opranega in \u010desanega 100 % bomba\u017ea, ki zagotavlja optimalno uravnavanje telesne temperature in lastnosti odvajanja vlage.<\/span><\/span> <span class=\"jCAhz ChMk0b\"><span class=\"ryNqvb\">Na\u0161o linijo C14 poleg funkcionalnosti, <\/span><\/span><\/span><span class=\"HwtZe\" lang=\"sl\"><span class=\"jCAhz ChMk0b\"><span class=\"ryNqvb\">zaradi visokokakovostnega tiska, <\/span><\/span><\/span><span class=\"HwtZe\" lang=\"sl\"><span class=\"jCAhz ChMk0b\"><span class=\"ryNqvb\">odlikuje tudi dinami\u010den dizajn z \u017eivahnimi barvami.<\/span><\/span><\/span><\/span><\/p>\n<p><span style=\"font-size: 15px; color: #993300;\">Velikosti:<\/span><br \/>\n<span style=\"font-size: 15px; color: #993300;\">&#8211; otro\u0161ke: 128 &#8211; 140 &#8211; 152<\/span><br \/>\n<span style=\"font-size: 15px; color: #993300;\">&#8211; odrasle: XS &#8211; S &#8211; M &#8211; L &#8211; XL<\/span><\/p>\n","protected":false},"excerpt":{"rendered":"<p><span style=\"color: #003366;\"><strong>Bela Jujutsu Kanji t-shirt majica.<\/strong><\/span><\/p>\n","protected":false},"featured_media":115841,"comment_status":"open","ping_status":"closed","template":"","meta":[],"product_brand":[],"product_cat":[1033,5405,5406,1005],"product_tag":[],"class_list":{"0":"post-115850","1":"product","2":"type-product","3":"status-publish","4":"has-post-thumbnail","6":"product_cat-ju-jitsujiu-jitsu-1","7":"product_cat-ju-sports","8":"product_cat-ju-sports-2","9":"product_cat-majice","11":"first","12":"instock","13":"taxable","14":"shipping-taxable","15":"purchasable","16":"product-type-variable"},"_links":{"self":[{"href":"https:\/\/www.budoshop.si\/sl\/wp-json\/wp\/v2\/product\/115850","targetHints":{"allow":["GET"]}}],"collection":[{"href":"https:\/\/www.budoshop.si\/sl\/wp-json\/wp\/v2\/product"}],"about":[{"href":"https:\/\/www.budoshop.si\/sl\/wp-json\/wp\/v2\/types\/product"}],"replies":[{"embeddable":true,"href":"https:\/\/www.budoshop.si\/sl\/wp-json\/wp\/v2\/comments?post=115850"}],"wp:featuredmedia":[{"embeddable":true,"href":"https:\/\/www.budoshop.si\/sl\/wp-json\/wp\/v2\/media\/115841"}],"wp:attachment":[{"href":"https:\/\/www.budoshop.si\/sl\/wp-json\/wp\/v2\/media?parent=115850"}],"wp:term":[{"taxonomy":"product_brand","embeddable":true,"href":"https:\/\/www.budoshop.si\/sl\/wp-json\/wp\/v2\/product_brand?post=115850"},{"taxonomy":"product_cat","embeddable":true,"href":"https:\/\/www.budoshop.si\/sl\/wp-json\/wp\/v2\/product_cat?post=115850"},{"taxonomy":"product_tag","embeddable":true,"href":"https:\/\/www.budoshop.si\/sl\/wp-json\/wp\/v2\/product_tag?post=115850"}],"curies":[{"name":"wp","href":"https:\/\/api.w.org\/{rel}","templated":true}]}}