{"id":115742,"date":"2024-11-14T09:40:35","date_gmt":"2024-11-14T08:40:35","guid":{"rendered":"https:\/\/www.budoshop.si\/boxing-shoes-adidas-speedex-new\/"},"modified":"2025-09-13T09:46:52","modified_gmt":"2025-09-13T07:46:52","slug":"boxing-shoes-adidas-speedex-new","status":"publish","type":"product","link":"https:\/\/www.budoshop.si\/sl\/izdelek\/boxing-shoes-adidas-speedex-new\/","title":{"rendered":"Boks copati &#8221;Adidas SPEEDEX&#8221;"},"content":{"rendered":"<p><span style=\"font-size: 15px; color: #993300;\"><span class=\"HwtZe\" lang=\"sl\"><span class=\"jCAhz ChMk0b\"><span class=\"ryNqvb\">Boksajte kot profesionalec!<\/span><\/span> <span class=\"jCAhz ChMk0b\"><span class=\"ryNqvb\">Najbolj\u0161i so pravkar postali bolj\u0161i. S temi lahkimi boksarskimi copati Adidas boste pri treningu vedno korak pred drugimi.<\/span><\/span><\/span><\/span><\/p>\n<p><span style=\"font-size: 15px; color: #993300;\"><span class=\"HwtZe\" lang=\"sl\"><span class=\"jCAhz ChMk0b\"><span class=\"ryNqvb\">Ti boksarski copati Adidas Speedex so bili ustvarjeni v sodelovanju s profesionalnimi borci.<\/span><\/span> <span class=\"jCAhz ChMk0b\"><span class=\"ryNqvb\">Speedex copati so opremljeni s sistemom torzije in integriranim 3D petnim pokrov\u010dkom za ve\u010djo stabilnost v predelu pete med hitrim delom nog.<\/span><\/span> <span class=\"jCAhz ChMk0b\"><span class=\"ryNqvb\">Zgornji del iz trpe\u017enega tekstila je prilagodljiv in zra\u010den, da vam bo med intenzivnimi vadbami udobno.<\/span><\/span> <span class=\"jCAhz ChMk0b\"><span class=\"ryNqvb\">Mre\u017easti zgornji del ima perforirano notranjo plast EVA.<\/span><\/span> <span class=\"jCAhz ChMk0b\"><span class=\"ryNqvb\">Penaste blazinice \u010drvsto dr\u017eijo va\u0161o peto, tako da boste popolnoma stabilni pri vsakem udarcu.<\/span><\/span> <span class=\"jCAhz ChMk0b\"><span class=\"ryNqvb\">Spodnji torzijski sistem podpira rotacijsko gibanje, tako da nikoli ne boste ujeti nepripravljeni.<\/span><\/span><\/span><\/span><\/p>\n<p><span style=\"font-size: 15px; color: #993300;\"><span class=\"HwtZe\" lang=\"sl\"><span class=\"jCAhz ChMk0b\"><span class=\"ryNqvb\">Ta boks copati so tudi del zaveze za boj proti plasti\u010dnim odpadkom: izdelani so iz razli\u010dnih recikliranih materialov in imajo zgornji del z vsaj 50% dele\u017eem recikliranih materialov.<\/span><\/span> <span class=\"jCAhz ChMk0b\"><span class=\"ryNqvb\">Ta izdelek predstavlja le eno od na\u0161ih re\u0161itev za pomo\u010d pri odpravljanju plasti\u010dnih odpadkov.<\/span><\/span><\/span><\/span><\/p>\n<p><span style=\"font-size: 15px; color: #993300;\">Zna\u010dilnosti:<\/span><\/p>\n<div class=\"long description product-long-description\">\n<ul>\n<li><span class=\"HwtZe\" lang=\"sl\" style=\"font-size: 15px; color: #993300;\"><span class=\"jCAhz ChMk0b\"><span class=\"ryNqvb\">Lahek in zra\u010den mre\u017east zgornji del ima perforacijo <\/span><\/span><\/span><\/li>\n<li><span class=\"HwtZe\" lang=\"sl\" style=\"font-size: 15px; color: #993300;\"><span class=\"jCAhz ChMk0b\"><span class=\"ryNqvb\">Zgornji del iz tekstila, ki diha <\/span><\/span><span class=\"jCAhz ChMk0b\"><span class=\"ryNqvb\">EVA notranja plast, ki poskrbi za udobje med intenzivno vadbo <\/span><\/span><\/span><\/li>\n<li><span class=\"HwtZe\" lang=\"sl\" style=\"font-size: 15px; color: #993300;\"><span class=\"jCAhz ChMk0b\"><span class=\"ryNqvb\">Penaste blazinice fiksirajo peto, tako da med vsakim udarcem trdno stojite <\/span><\/span><\/span><\/li>\n<li><span class=\"HwtZe\" lang=\"sl\" style=\"font-size: 15px; color: #993300;\"><span class=\"jCAhz ChMk0b\"><span class=\"ryNqvb\">3D petni pokrov\u010dek <\/span><\/span><\/span><\/li>\n<li><span class=\"HwtZe\" lang=\"sl\" style=\"font-size: 15px; color: #993300;\"><span class=\"jCAhz ChMk0b\"><span class=\"ryNqvb\">Torzijski sistem zagotavlja podporo pri zasukih <\/span><\/span><\/span><\/li>\n<li><span class=\"HwtZe\" lang=\"sl\" style=\"font-size: 15px; color: #993300;\"><span class=\"jCAhz\"><span class=\"ryNqvb\">EVA vmesni podplat <\/span><\/span><\/span><\/li>\n<li><span class=\"HwtZe\" lang=\"sl\" style=\"font-size: 15px; color: #993300;\"><span class=\"jCAhz ChMk0b\"><span class=\"ryNqvb\">Zgornji del je sestavljen iz vsaj 50% recikliranega materiala <\/span><\/span><\/span><\/li>\n<li><span class=\"HwtZe\" lang=\"sl\" style=\"font-size: 15px; color: #993300;\"><span class=\"jCAhz\"><span class=\"ryNqvb\">Zapiranje z vezalkami <\/span><\/span><\/span><\/li>\n<li><span class=\"HwtZe\" lang=\"sl\" style=\"font-size: 15px; color: #993300;\"><span class=\"jCAhz\"><span class=\"ryNqvb\">Gumijast podplat <\/span><\/span><\/span><\/li>\n<li><span class=\"HwtZe\" lang=\"sl\" style=\"font-size: 15px; color: #993300;\"><span class=\"jCAhz ChMk0b\"><span class=\"ryNqvb\">Boksarski copati za amaterje in profesionalce<\/span><\/span><\/span><\/li>\n<\/ul>\n<\/div>\n<p><span style=\"font-size: 15px; color: #993300;\">\u010crno-zlate barve.<\/span><\/p>\n<p><span style=\"font-size: 15px; color: #993300;\">Velikosti: 40 \u2013 47 (tudi manj\u0161e po naro\u010dilu)<\/span><\/p>\n<p>&nbsp;<\/p>\n","protected":false},"excerpt":{"rendered":"<p><span style=\"color: #003366;\"><strong>Lahki in zra\u010dni Adidas Speedex boks copati.<br \/>\n<\/strong><\/span><\/p>\n","protected":false},"featured_media":115713,"comment_status":"open","ping_status":"closed","template":"","meta":[],"product_brand":[],"product_cat":[951,1049,1043,1097],"product_tag":[],"class_list":{"0":"post-115742","1":"product","2":"type-product","3":"status-publish","4":"has-post-thumbnail","6":"product_cat-adidas-3","7":"product_cat-adidas-7","8":"product_cat-boks-kickbox-tajski-boks-mma","9":"product_cat-boks-copati","10":"pa_velikost-40-sl","11":"pa_velikost-40-2-3-2","12":"pa_velikost-41-1-3-2","13":"pa_velikost-42-sl","14":"pa_velikost-42-2-3-2","15":"pa_velikost-43-sl","16":"pa_velikost-44-sl","17":"pa_velikost-44-2-3-2","18":"pa_velikost-45-sl","19":"pa_velikost-46-sl","20":"pa_velikost-46-2-3-2","21":"pa_velikost-47-sl","23":"first","24":"instock","25":"taxable","26":"shipping-taxable","27":"purchasable","28":"product-type-variable"},"_links":{"self":[{"href":"https:\/\/www.budoshop.si\/sl\/wp-json\/wp\/v2\/product\/115742","targetHints":{"allow":["GET"]}}],"collection":[{"href":"https:\/\/www.budoshop.si\/sl\/wp-json\/wp\/v2\/product"}],"about":[{"href":"https:\/\/www.budoshop.si\/sl\/wp-json\/wp\/v2\/types\/product"}],"replies":[{"embeddable":true,"href":"https:\/\/www.budoshop.si\/sl\/wp-json\/wp\/v2\/comments?post=115742"}],"wp:featuredmedia":[{"embeddable":true,"href":"https:\/\/www.budoshop.si\/sl\/wp-json\/wp\/v2\/media\/115713"}],"wp:attachment":[{"href":"https:\/\/www.budoshop.si\/sl\/wp-json\/wp\/v2\/media?parent=115742"}],"wp:term":[{"taxonomy":"product_brand","embeddable":true,"href":"https:\/\/www.budoshop.si\/sl\/wp-json\/wp\/v2\/product_brand?post=115742"},{"taxonomy":"product_cat","embeddable":true,"href":"https:\/\/www.budoshop.si\/sl\/wp-json\/wp\/v2\/product_cat?post=115742"},{"taxonomy":"product_tag","embeddable":true,"href":"https:\/\/www.budoshop.si\/sl\/wp-json\/wp\/v2\/product_tag?post=115742"}],"curies":[{"name":"wp","href":"https:\/\/api.w.org\/{rel}","templated":true}]}}