{"id":115622,"date":"2024-11-12T11:21:32","date_gmt":"2024-11-12T10:21:32","guid":{"rendered":"https:\/\/www.budoshop.si\/kickboxing-taekwondo-head-guard-shocklite-red-new\/"},"modified":"2025-10-13T12:59:43","modified_gmt":"2025-10-13T10:59:43","slug":"kickboxing-taekwondo-head-guard-shocklite-red-new","status":"publish","type":"product","link":"https:\/\/www.budoshop.si\/sl\/izdelek\/kickboxing-taekwondo-head-guard-shocklite-red-new\/","title":{"rendered":"Kickboxing\/Taekwondo \u010delada &#8221;SHOCKLITE red&#8221;"},"content":{"rendered":"<p><span style=\"font-size: 15px; color: #993300;\">Kickboxing \u010delada SHOCKLITE <span class=\"HwtZe\" lang=\"sl\"><span class=\"jCAhz ChMk0b\"><span class=\"ryNqvb\">je narejena iz izredno lahkega EVA penastega materiala, ki tehta samo 250 gramov, kar je polovica te\u017ee drugih predhodno oblikovanih \u0161\u010ditnikov za glavo, ki se uporabljajo v Kikboksu, Taekwondo-ju in boksu. <\/span><\/span><\/span><span class=\"HwtZe\" lang=\"sl\"><span class=\"jCAhz ChMk0b\"><span class=\"ryNqvb\">\u010celada Shocklite ima pravilno usklajen kroj.<\/span><\/span> Zaradi posebne oblike je v<span class=\"jCAhz ChMk0b\"><span class=\"ryNqvb\">elikost enostavno nastavljiva z dodatnim trakom in zanko na zadnji strani.<\/span><\/span><\/span><br \/>\n<span class=\"HwtZe\" lang=\"sl\"><span class=\"jCAhz ChMk0b\"><span class=\"ryNqvb\">\u010celada Shocklite je posebej priporo\u010dljia za Kickboxing, Taekwondo kot tudi boks in \u0161tevilne druge vrste borilnih \u0161portov.<\/span><\/span><\/span><\/span><\/p>\n<p><span style=\"font-size: 15px; color: #993300;\" data-mce-mark=\"1\"><span class=\"HwtZe\" lang=\"sl\"><span class=\"jCAhz ChMk0b\"><span class=\"ryNqvb\">Testirano na \u0161kodljive snovi.<\/span><\/span><\/span><\/span><\/p>\n<p><span style=\"font-size: 15px; color: #993300;\">Rde\u010de barve.<\/span><\/p>\n<p><span class=\"HwtZe\" lang=\"sl\" style=\"font-size: 15px; color: #993300;\"><span class=\"jCAhz ChMk0b\"><span class=\"ryNqvb\">Za maksimalno za\u0161\u010dito uporabite ustrezen \u0161\u010ditnik za va\u0161o vi\u0161ino, v skladu z naslednjo tabelo:<\/span><\/span><\/span><\/p>\n<p><span style=\"font-size: 15px; color: #993300;\">Velikosti:<\/span><br \/>\n<span style=\"font-size: 15px; color: #993300;\">S\/M (obseg glave &gt;50 cm)<\/span><br \/>\n<span style=\"font-size: 15px; color: #993300;\">L (obseg glave 50-55 cm)<\/span><br \/>\n<span style=\"font-size: 15px; color: #993300;\">XL (obseg glave 55+ cm)<\/span><\/p>\n","protected":false},"excerpt":{"rendered":"<p><span style=\"color: #003366;\"><strong>Izredno lahka rde\u010da Kickboxing\/Taekwondo \u010delada.<\/strong><\/span><\/p>\n","protected":false},"featured_media":115611,"comment_status":"open","ping_status":"closed","template":"","meta":[],"product_brand":[],"product_cat":[1043,1039,769,983,1061],"product_tag":[],"class_list":{"0":"post-115622","1":"product","2":"type-product","3":"status-publish","4":"has-post-thumbnail","6":"product_cat-boks-kickbox-tajski-boks-mma","7":"product_cat-taekwondo-3","8":"product_cat-scitniki-za-glavo","9":"product_cat-kwon-3","10":"product_cat-kwon-5","12":"first","13":"instock","14":"taxable","15":"shipping-taxable","16":"purchasable","17":"product-type-variable"},"_links":{"self":[{"href":"https:\/\/www.budoshop.si\/sl\/wp-json\/wp\/v2\/product\/115622","targetHints":{"allow":["GET"]}}],"collection":[{"href":"https:\/\/www.budoshop.si\/sl\/wp-json\/wp\/v2\/product"}],"about":[{"href":"https:\/\/www.budoshop.si\/sl\/wp-json\/wp\/v2\/types\/product"}],"replies":[{"embeddable":true,"href":"https:\/\/www.budoshop.si\/sl\/wp-json\/wp\/v2\/comments?post=115622"}],"wp:featuredmedia":[{"embeddable":true,"href":"https:\/\/www.budoshop.si\/sl\/wp-json\/wp\/v2\/media\/115611"}],"wp:attachment":[{"href":"https:\/\/www.budoshop.si\/sl\/wp-json\/wp\/v2\/media?parent=115622"}],"wp:term":[{"taxonomy":"product_brand","embeddable":true,"href":"https:\/\/www.budoshop.si\/sl\/wp-json\/wp\/v2\/product_brand?post=115622"},{"taxonomy":"product_cat","embeddable":true,"href":"https:\/\/www.budoshop.si\/sl\/wp-json\/wp\/v2\/product_cat?post=115622"},{"taxonomy":"product_tag","embeddable":true,"href":"https:\/\/www.budoshop.si\/sl\/wp-json\/wp\/v2\/product_tag?post=115622"}],"curies":[{"name":"wp","href":"https:\/\/api.w.org\/{rel}","templated":true}]}}