{"id":115596,"date":"2024-11-12T10:31:19","date_gmt":"2024-11-12T09:31:19","guid":{"rendered":"https:\/\/www.budoshop.si\/judo-ju-jitsu-belt-master-red-black-new\/"},"modified":"2026-04-08T09:10:47","modified_gmt":"2026-04-08T07:10:47","slug":"judo-ju-jitsu-belt-master-red-black-new","status":"publish","type":"product","link":"https:\/\/www.budoshop.si\/sl\/izdelek\/judo-ju-jitsu-belt-master-red-black-new\/","title":{"rendered":"Judo \/ Ju-jitsu pas &#8221;MASTER red-black&#8221;"},"content":{"rendered":"<p><span style=\"font-size: 15px; color: #993300;\">Vrhunski Master rde\u010de-\u010drn Judo\/Ju-jitsu pas. Pas je izdelan iz 100% bomba\u017ea najbolj\u0161e kakovosti, obstojnih barv in mnogokrat pre\u0161it ter zarobljen, da dolgo ohranja svojo obliko. \u0160irina cca. 5 cm.<\/span><br \/>\n<span style=\"font-size: 15px; color: #993300;\">Rde\u010de-\u010drn pas obi\u010dajno nosijo nosilci stopnje<span class=\"HwtZe\" lang=\"en\"><span class=\"jCAhz ChMk0b\"><span class=\"ryNqvb\"> 6. Dan v Judu in\/ali Ju-jitsu.<\/span><\/span><\/span><\/span><\/p>\n<div>\n<p><span style=\"font-size: 15px; color: #993300;\">Dol\u017eine: 280 &#8211; 300 &#8211; 330 &#8211; 350 cm<\/span><\/p>\n<\/div>\n","protected":false},"excerpt":{"rendered":"<p><span style=\"color: #003366;\"><strong>Mojsterski rde\u010de-\u010drn Judo\/Ju-jitsu pas.<\/strong><\/span><\/p>\n","protected":false},"featured_media":115591,"comment_status":"open","ping_status":"closed","template":"","meta":[],"product_brand":[5607],"product_cat":[1033,1031,861,985,1063],"product_tag":[],"class_list":{"0":"post-115596","1":"product","2":"type-product","3":"status-publish","4":"has-post-thumbnail","6":"product_brand-danhro","7":"product_cat-ju-jitsujiu-jitsu-1","8":"product_cat-judo-1","9":"product_cat-mojstrski-pasovi","10":"product_cat-danrho-1","11":"product_cat-danhro-1","12":"pa_dolzina-280-cm-sl","13":"pa_dolzina-300-cm-sl","14":"pa_dolzina-330-cm-sl","15":"pa_dolzina-350-cm-sl","17":"first","18":"instock","19":"taxable","20":"shipping-taxable","21":"purchasable","22":"product-type-variable"},"_links":{"self":[{"href":"https:\/\/www.budoshop.si\/sl\/wp-json\/wp\/v2\/product\/115596","targetHints":{"allow":["GET"]}}],"collection":[{"href":"https:\/\/www.budoshop.si\/sl\/wp-json\/wp\/v2\/product"}],"about":[{"href":"https:\/\/www.budoshop.si\/sl\/wp-json\/wp\/v2\/types\/product"}],"replies":[{"embeddable":true,"href":"https:\/\/www.budoshop.si\/sl\/wp-json\/wp\/v2\/comments?post=115596"}],"wp:featuredmedia":[{"embeddable":true,"href":"https:\/\/www.budoshop.si\/sl\/wp-json\/wp\/v2\/media\/115591"}],"wp:attachment":[{"href":"https:\/\/www.budoshop.si\/sl\/wp-json\/wp\/v2\/media?parent=115596"}],"wp:term":[{"taxonomy":"product_brand","embeddable":true,"href":"https:\/\/www.budoshop.si\/sl\/wp-json\/wp\/v2\/product_brand?post=115596"},{"taxonomy":"product_cat","embeddable":true,"href":"https:\/\/www.budoshop.si\/sl\/wp-json\/wp\/v2\/product_cat?post=115596"},{"taxonomy":"product_tag","embeddable":true,"href":"https:\/\/www.budoshop.si\/sl\/wp-json\/wp\/v2\/product_tag?post=115596"}],"curies":[{"name":"wp","href":"https:\/\/api.w.org\/{rel}","templated":true}]}}