{"id":115583,"date":"2024-11-12T09:12:44","date_gmt":"2024-11-12T08:12:44","guid":{"rendered":"https:\/\/www.budoshop.si\/t-shirt-qi-new\/"},"modified":"2026-01-27T09:44:38","modified_gmt":"2026-01-27T08:44:38","slug":"t-shirt-qi-new","status":"publish","type":"product","link":"https:\/\/www.budoshop.si\/sl\/izdelek\/t-shirt-qi-new\/","title":{"rendered":"T-shirt majica &#8221;QI&#8221;"},"content":{"rendered":"<p><span style=\"font-size: 15px; color: #993300;\"><span class=\"HwtZe\" lang=\"sl\"><span class=\"jCAhz ChMk0b\"><span class=\"ryNqvb\">T-shirt QI je klasi\u010dno krojena majica z okroglim ovratnikom, izdelana iz ko\u017ei prijaznega 100% bomba\u017ea.<\/span><\/span><\/span> Na prednji in zadnji strani se nahaja tisk QI v beli barvi.<\/span><br \/>\n<span style=\"font-size: 15px; color: #993300;\">Majica QI je primerna za trening ali prosti \u010das.<\/span><\/p>\n<p><span style=\"font-size: 15px; color: #993300;\">Velikosti: S &#8211; M &#8211; L &#8211; XL<\/span><\/p>\n","protected":false},"excerpt":{"rendered":"<p><span style=\"color: #003366;\"><strong>\u010crna t-shirt majica s QI tiskom.<\/strong><\/span><\/p>\n","protected":false},"featured_media":115580,"comment_status":"open","ping_status":"closed","template":"","meta":[],"product_brand":[5596],"product_cat":[1035,1043,1033,1031,1029,1061,983,1005,1037,1039,1041],"product_tag":[],"class_list":{"0":"post-115583","1":"product","2":"type-product","3":"status-publish","4":"has-post-thumbnail","6":"product_brand-kwon","7":"product_cat-aikido-kendo-iai-kobudo-1","8":"product_cat-boks-kickbox-tajski-boks-mma","9":"product_cat-ju-jitsujiu-jitsu-1","10":"product_cat-judo-1","11":"product_cat-karate-5","12":"product_cat-kwon-5","13":"product_cat-kwon-3","14":"product_cat-majice","15":"product_cat-ninjutsu-3","16":"product_cat-taekwondo-3","17":"product_cat-tai-chi-kunf-fu-wu-shu-1","18":"pa_velikost-l-sl-2","19":"pa_velikost-m-sl-2","20":"pa_velikost-s-sl-2","21":"pa_velikost-xl-sl","23":"first","24":"instock","25":"taxable","26":"shipping-taxable","27":"purchasable","28":"product-type-variable"},"_links":{"self":[{"href":"https:\/\/www.budoshop.si\/sl\/wp-json\/wp\/v2\/product\/115583","targetHints":{"allow":["GET"]}}],"collection":[{"href":"https:\/\/www.budoshop.si\/sl\/wp-json\/wp\/v2\/product"}],"about":[{"href":"https:\/\/www.budoshop.si\/sl\/wp-json\/wp\/v2\/types\/product"}],"replies":[{"embeddable":true,"href":"https:\/\/www.budoshop.si\/sl\/wp-json\/wp\/v2\/comments?post=115583"}],"wp:featuredmedia":[{"embeddable":true,"href":"https:\/\/www.budoshop.si\/sl\/wp-json\/wp\/v2\/media\/115580"}],"wp:attachment":[{"href":"https:\/\/www.budoshop.si\/sl\/wp-json\/wp\/v2\/media?parent=115583"}],"wp:term":[{"taxonomy":"product_brand","embeddable":true,"href":"https:\/\/www.budoshop.si\/sl\/wp-json\/wp\/v2\/product_brand?post=115583"},{"taxonomy":"product_cat","embeddable":true,"href":"https:\/\/www.budoshop.si\/sl\/wp-json\/wp\/v2\/product_cat?post=115583"},{"taxonomy":"product_tag","embeddable":true,"href":"https:\/\/www.budoshop.si\/sl\/wp-json\/wp\/v2\/product_tag?post=115583"}],"curies":[{"name":"wp","href":"https:\/\/api.w.org\/{rel}","templated":true}]}}