{"id":115565,"date":"2024-11-11T12:20:19","date_gmt":"2024-11-11T11:20:19","guid":{"rendered":"https:\/\/www.budoshop.si\/sweatpants-qi-new\/"},"modified":"2026-01-09T09:41:16","modified_gmt":"2026-01-09T08:41:16","slug":"sweatpants-qi-new","status":"publish","type":"product","link":"https:\/\/www.budoshop.si\/sl\/izdelek\/sweatpants-qi-new\/","title":{"rendered":"Trenirka hla\u010de &#8221;QI&#8221;"},"content":{"rendered":"<div><span style=\"font-size: 15px; color: #993300;\">Te atraktivne \u010drne trenirka hla\u010de z Azijskim QI motivom so izdelane iz mehkega 80% bomba\u017ea in 20% poliestra <span class=\"HwtZe\" lang=\"sl\"><span class=\"jCAhz ChMk0b\"><span class=\"ryNqvb\">s hrapavo notranjo stranjo<\/span><\/span><\/span>. \u010crne barve, z \u017eepoma spredaj, elastiko v gle\u017enjih in pasu z zatezno vrvico. Na prednji strani ene od hla\u010dnic se nahaja tisk QI v beli barvi. Hla\u010de so primerne za trening ali prosti \u010das.<\/span><br \/>\n<span style=\"font-size: 15px; color: #993300;\">Modne, mehke in udobne trenirka hla\u010de.<\/span><\/div>\n<div><\/div>\n<div><span style=\"font-size: 15px; color: #993300;\">Velikosti: S \u2013 M \u2013 L \u2013 XL.<\/span><\/div>\n","protected":false},"excerpt":{"rendered":"<p><span style=\"color: #003366;\"><strong>\u010crne trenirka hla\u010de z QI tiskom.<\/strong><\/span><\/p>\n","protected":false},"featured_media":115560,"comment_status":"open","ping_status":"closed","template":"","meta":[],"product_brand":[5596],"product_cat":[1035,1043,1033,1031,1029,1037,1039,1041,679,685,1013,983,1061],"product_tag":[],"class_list":{"0":"post-115565","1":"product","2":"type-product","3":"status-publish","4":"has-post-thumbnail","6":"product_brand-kwon","7":"product_cat-aikido-kendo-iai-kobudo-1","8":"product_cat-boks-kickbox-tajski-boks-mma","9":"product_cat-ju-jitsujiu-jitsu-1","10":"product_cat-judo-1","11":"product_cat-karate-5","12":"product_cat-ninjutsu-3","13":"product_cat-taekwondo-3","14":"product_cat-tai-chi-kunf-fu-wu-shu-1","15":"product_cat-kung-fu-tai-chi-uniforme","16":"product_cat-ostalo","17":"product_cat-trenirke","18":"product_cat-kwon-3","19":"product_cat-kwon-5","20":"pa_velikost-s-sl-2","21":"pa_velikost-m-sl-2","22":"pa_velikost-l-sl-2","23":"pa_velikost-xl-sl","25":"first","26":"instock","27":"taxable","28":"shipping-taxable","29":"purchasable","30":"product-type-variable"},"_links":{"self":[{"href":"https:\/\/www.budoshop.si\/sl\/wp-json\/wp\/v2\/product\/115565","targetHints":{"allow":["GET"]}}],"collection":[{"href":"https:\/\/www.budoshop.si\/sl\/wp-json\/wp\/v2\/product"}],"about":[{"href":"https:\/\/www.budoshop.si\/sl\/wp-json\/wp\/v2\/types\/product"}],"replies":[{"embeddable":true,"href":"https:\/\/www.budoshop.si\/sl\/wp-json\/wp\/v2\/comments?post=115565"}],"wp:featuredmedia":[{"embeddable":true,"href":"https:\/\/www.budoshop.si\/sl\/wp-json\/wp\/v2\/media\/115560"}],"wp:attachment":[{"href":"https:\/\/www.budoshop.si\/sl\/wp-json\/wp\/v2\/media?parent=115565"}],"wp:term":[{"taxonomy":"product_brand","embeddable":true,"href":"https:\/\/www.budoshop.si\/sl\/wp-json\/wp\/v2\/product_brand?post=115565"},{"taxonomy":"product_cat","embeddable":true,"href":"https:\/\/www.budoshop.si\/sl\/wp-json\/wp\/v2\/product_cat?post=115565"},{"taxonomy":"product_tag","embeddable":true,"href":"https:\/\/www.budoshop.si\/sl\/wp-json\/wp\/v2\/product_tag?post=115565"}],"curies":[{"name":"wp","href":"https:\/\/api.w.org\/{rel}","templated":true}]}}