{"id":115537,"date":"2024-11-11T11:11:59","date_gmt":"2024-11-11T10:11:59","guid":{"rendered":"https:\/\/www.budoshop.si\/taekwondo-uniform-dobok-kwon-grand-victory-new\/"},"modified":"2026-01-09T09:34:24","modified_gmt":"2026-01-09T08:34:24","slug":"taekwondo-uniform-dobok-kwon-grand-victory-new","status":"publish","type":"product","link":"https:\/\/www.budoshop.si\/sl\/izdelek\/taekwondo-uniform-dobok-kwon-grand-victory-new\/","title":{"rendered":"Taekwondo uniforma (Dobok) &#8221;Kwon GRAND VICTORY&#8221;"},"content":{"rendered":"<p><span style=\"font-size: 15px; color: #993300;\">Taekwondo Dobok GRAND VICTORY je zelo kvalitetna Taekwondo uniforma namenjena tako tekmovanjem kot tudi rednim treningom. <\/span><br \/>\n<span class=\"HwtZe\" lang=\"sl\" style=\"font-size: 15px; color: #993300;\"><span class=\"jCAhz ChMk0b\"><span class=\"ryNqvb\">Moderen kroj omogo\u010da enostavno in neomejeno gibanje, struktura mehke in lahke (cca. <span class=\"tlid-translation translation\">7 oz\/m\u00b2<\/span>)) rebraste teksture (55% bomba\u017e in 45% poliester) pa poskrbi, da se uniforma ne oprijema ko\u017ee, ampak prepu\u0161\u010da vlago ko\u017ee navzven. Uniforma je tudi odporna na trganje in je<\/span><\/span> <span class=\"jCAhz\"><span class=\"ryNqvb\">enostavna za \u010di\u0161\u010denje.<\/span><\/span> <span class=\"jCAhz\"><span class=\"ryNqvb\">Kroj jakne s tradicionalnim V izrezom \u010drne barve je dolg in \u0161irok<span class=\"HwtZe\" lang=\"sl\"><span class=\"jCAhz ChMk0b\">, hla\u010de pa so \u0161iroke in se rahlo zo\u017eijo do gle\u017enjev <\/span><\/span><\/span><\/span><span class=\"jCAhz ChMk0b\"><span class=\"ryNqvb\">z elasti\u010dnim pasom z dodatno vrvico.<br \/>\nK<\/span><\/span><span class=\"jCAhz ChMk0b\"><span class=\"ryNqvb\">won je zelo prepoznavna blagovna znamka, predvsem po svojih Taekwondo izdelkih.<\/span><\/span><\/span><\/p>\n<p><span class=\"HwtZe\" lang=\"sl\" style=\"font-size: 15px; color: #993300;\"><span class=\"jCAhz ChMk0b\"><span class=\"ryNqvb\">Logotipi: Tkani napisi KWON na razli\u010dnih mestih dodajo poseben pridih: \u00bbaction wear\u00ab izvezen na spodnji desni strani jakne, \u00bbTouch the Spirit\u00ab izvezen na spodnjem zadnjem delu jakne, velik napis Taekwondo v latinici in korej\u0161\u010dini na hrbtu in s \u010drno\/rde\u010dim logotipom na prsih \u00bbTaekwondo Approved\u00ab!<\/span><\/span><\/span><\/p>\n<p><span style=\"font-size: 15px; color: #993300;\">V kompletu so jakna s \u010drnim V izrezom in hla\u010de z elastiko ter dodatno vrvjo v pasu.<\/span><\/p>\n<p><span style=\"font-size: 15px; color: #993300;\">Vi\u0161ina: 160 \u2013 200 cm (na 10 cm).<\/span><\/p>\n<p><span style=\"font-size: 15px; color: #993300;\"><strong>Ta artikel je odobren iz strani WT<\/strong>-a (World Taekwondo Federation)!<\/span><\/p>\n<p>&nbsp;<\/p>\n<p><span style=\"font-size: 11px; color: #993300;\">Pozor! Uniforma ni predprana in se lahko pri prvem pranju skr\u010di za cca. 3 %.<\/span><\/p>\n","protected":false},"excerpt":{"rendered":"<p><span style=\"color: #003366;\"><strong>Visoko kvaliteten Taekwondo Dobok s \u010drnim reverjem znamke Kwon.<\/strong><\/span><\/p>\n","protected":false},"featured_media":115522,"comment_status":"open","ping_status":"closed","template":"","meta":[],"product_brand":[5596],"product_cat":[983,1061,1039,943],"product_tag":[],"class_list":{"0":"post-115537","1":"product","2":"type-product","3":"status-publish","4":"has-post-thumbnail","6":"product_brand-kwon","7":"product_cat-kwon-3","8":"product_cat-kwon-5","9":"product_cat-taekwondo-3","10":"product_cat-wt-taekwondo-1","11":"pa_velikost-160-cm-sl","12":"pa_velikost-170-cm-sl","13":"pa_velikost-180-cm-sl","14":"pa_velikost-190-cm-sl","15":"pa_velikost-200-cm-sl","17":"first","18":"instock","19":"taxable","20":"shipping-taxable","21":"purchasable","22":"product-type-variable"},"_links":{"self":[{"href":"https:\/\/www.budoshop.si\/sl\/wp-json\/wp\/v2\/product\/115537","targetHints":{"allow":["GET"]}}],"collection":[{"href":"https:\/\/www.budoshop.si\/sl\/wp-json\/wp\/v2\/product"}],"about":[{"href":"https:\/\/www.budoshop.si\/sl\/wp-json\/wp\/v2\/types\/product"}],"replies":[{"embeddable":true,"href":"https:\/\/www.budoshop.si\/sl\/wp-json\/wp\/v2\/comments?post=115537"}],"wp:featuredmedia":[{"embeddable":true,"href":"https:\/\/www.budoshop.si\/sl\/wp-json\/wp\/v2\/media\/115522"}],"wp:attachment":[{"href":"https:\/\/www.budoshop.si\/sl\/wp-json\/wp\/v2\/media?parent=115537"}],"wp:term":[{"taxonomy":"product_brand","embeddable":true,"href":"https:\/\/www.budoshop.si\/sl\/wp-json\/wp\/v2\/product_brand?post=115537"},{"taxonomy":"product_cat","embeddable":true,"href":"https:\/\/www.budoshop.si\/sl\/wp-json\/wp\/v2\/product_cat?post=115537"},{"taxonomy":"product_tag","embeddable":true,"href":"https:\/\/www.budoshop.si\/sl\/wp-json\/wp\/v2\/product_tag?post=115537"}],"curies":[{"name":"wp","href":"https:\/\/api.w.org\/{rel}","templated":true}]}}