{"id":115416,"date":"2024-11-08T13:33:23","date_gmt":"2024-11-08T12:33:23","guid":{"rendered":"https:\/\/www.budoshop.si\/small-martial-arts-training-dummy-kids-new\/"},"modified":"2025-08-06T08:44:48","modified_gmt":"2025-08-06T06:44:48","slug":"small-martial-arts-training-dummy-kids-new","status":"publish","type":"product","link":"https:\/\/www.budoshop.si\/sl\/izdelek\/small-martial-arts-training-dummy-kids-new\/","title":{"rendered":"Otro\u0161ka trening lutka za borilne ve\u0161\u010dine &#8221;KIDS&#8221;"},"content":{"rendered":"<div>\n<p><span style=\"font-size: 15px; color: #993300;\">Ta borilna trening lutka je namenjena otrokom in mladosstnikom za vadbo tehnik metanj, vzvodov, davljen itd. Lutka za borilne ve\u0161\u010dine je idealen trening partner, saj ni ob\u010dutljiv na bole\u010dino, se nikoli ne prito\u017euje in je pripravljen na \u2018akcijo\u2019 kadarkoli si to za\u017eelimo. Odli\u010den pripomo\u010dek za vse praktikante ve\u0161\u010din kot so Judo, Jujutsu, BJJ, MMA, rokoborba in drugih.<\/span><\/p>\n<p><span style=\"font-size: 15px; color: #993300;\"><br \/>\nBarva: modra<\/span><br \/>\n<span style=\"font-size: 15px; color: #993300;\">Te\u017ea: cca. 6 kg<\/span><br \/>\n<span style=\"font-size: 15px; color: #993300;\">Vi\u0161ina: cca. 130 cm<\/span><\/p>\n<p><span style=\"font-size: 11px; color: #993300;\">Opomba: Artikel se dobavlja po naro\u010dilu zato se pred naro\u010dilom pozanimajte o dobavljivosti in morebitnem dodatnem stro\u0161ku dostave.<\/span><\/p>\n<\/div>\n","protected":false},"excerpt":{"rendered":"<p><strong><span style=\"color: #003366;\">Majhna in lahka borilna trening lutka za otroke in mladostnike.<\/span><br \/>\n<\/strong><\/p>\n","protected":false},"featured_media":115411,"comment_status":"open","ping_status":"closed","template":"","meta":[],"product_brand":[5607],"product_cat":[1043,1063,985,1033,1031,1089],"product_tag":[],"class_list":{"0":"post-115416","1":"product","2":"type-product","3":"status-publish","4":"has-post-thumbnail","6":"product_brand-danhro","7":"product_cat-boks-kickbox-tajski-boks-mma","8":"product_cat-danhro-1","9":"product_cat-danrho-1","10":"product_cat-ju-jitsujiu-jitsu-1","11":"product_cat-judo-1","12":"product_cat-trening-lutke","14":"first","15":"instock","16":"taxable","17":"shipping-taxable","18":"purchasable","19":"product-type-simple"},"_links":{"self":[{"href":"https:\/\/www.budoshop.si\/sl\/wp-json\/wp\/v2\/product\/115416","targetHints":{"allow":["GET"]}}],"collection":[{"href":"https:\/\/www.budoshop.si\/sl\/wp-json\/wp\/v2\/product"}],"about":[{"href":"https:\/\/www.budoshop.si\/sl\/wp-json\/wp\/v2\/types\/product"}],"replies":[{"embeddable":true,"href":"https:\/\/www.budoshop.si\/sl\/wp-json\/wp\/v2\/comments?post=115416"}],"wp:featuredmedia":[{"embeddable":true,"href":"https:\/\/www.budoshop.si\/sl\/wp-json\/wp\/v2\/media\/115411"}],"wp:attachment":[{"href":"https:\/\/www.budoshop.si\/sl\/wp-json\/wp\/v2\/media?parent=115416"}],"wp:term":[{"taxonomy":"product_brand","embeddable":true,"href":"https:\/\/www.budoshop.si\/sl\/wp-json\/wp\/v2\/product_brand?post=115416"},{"taxonomy":"product_cat","embeddable":true,"href":"https:\/\/www.budoshop.si\/sl\/wp-json\/wp\/v2\/product_cat?post=115416"},{"taxonomy":"product_tag","embeddable":true,"href":"https:\/\/www.budoshop.si\/sl\/wp-json\/wp\/v2\/product_tag?post=115416"}],"curies":[{"name":"wp","href":"https:\/\/api.w.org\/{rel}","templated":true}]}}