{"id":115399,"date":"2024-11-07T12:52:12","date_gmt":"2024-11-07T11:52:12","guid":{"rendered":"https:\/\/www.budoshop.si\/ankle-guard-adidas-white-new\/"},"modified":"2025-09-03T09:50:09","modified_gmt":"2025-09-03T07:50:09","slug":"ankle-guard-adidas-white-new","status":"publish","type":"product","link":"https:\/\/www.budoshop.si\/sl\/izdelek\/ankle-guard-adidas-white-new\/","title":{"rendered":"\u0160\u010ditnik\/steznik za gle\u017eenj &#8221;ADIDAS white&#8221;"},"content":{"rendered":"<p><span style=\"font-size: 15px; color: #993300;\">Elasti\u010dni Adidasov bomba\u017eni \u0161\u010ditnik\/steznik gle\u017enja s prosto peto za za\u0161\u010dito, stabilnost in oporo v borilnih ve\u0161\u010dinah. Narejen je iz posebnega elasti\u010dnega, ko\u017ei prijaznega bomba\u017ea in se ga enostavno natakne na nogo kot nogavico ter ga ni potrebno zapenjati. Zaradi elasti\u010dnega materiala se lepo in trdno prilega nogi ter zagotavlja dobro gibljivost gle\u017enja in za\u0161\u010dito pred odrgninami, udarci, zvini ali drugimi po\u0161kodbami. Prosta peta pa omogo\u010da dober oprijem stopala s tlemi. <\/span><br \/>\n<span style=\"font-size: 15px; color: #993300;\">\u0160\u010ditnik za gle\u017eenj je primeren za vse praktikante borilnih \u0161portov in ve\u0161\u010din, uporabljajo pa ga tudi v drugih \u0161portih.<\/span><\/p>\n<p><span style=\"font-size: 15px; color: #993300;\">Bele barve s \u010drnim Adidas logotipom.<\/span><\/p>\n<p><span style=\"font-size: 15px; color: #993300;\">Univerzalna velikost.<\/span><\/p>\n<p><span style=\"font-size: 15px; color: #993300;\">Prodaja se v paru.<\/span><\/p>\n","protected":false},"excerpt":{"rendered":"<p><span style=\"color: #003366;\"><strong>Bel Adidas elasti\u010den \u0161\u010ditnik\/steznik za gle\u017eenj (par).<\/strong><\/span><\/p>\n","protected":false},"featured_media":115395,"comment_status":"open","ping_status":"closed","template":"","meta":[],"product_brand":[],"product_cat":[951,1049,1035,1043,1033,1031,1029,895],"product_tag":[],"class_list":{"0":"post-115399","1":"product","2":"type-product","3":"status-publish","4":"has-post-thumbnail","6":"product_cat-adidas-3","7":"product_cat-adidas-7","8":"product_cat-aikido-kendo-iai-kobudo-1","9":"product_cat-boks-kickbox-tajski-boks-mma","10":"product_cat-ju-jitsujiu-jitsu-1","11":"product_cat-judo-1","12":"product_cat-karate-5","13":"product_cat-scitniki-za-glezenj","15":"first","16":"instock","17":"taxable","18":"shipping-taxable","19":"purchasable","20":"product-type-simple"},"_links":{"self":[{"href":"https:\/\/www.budoshop.si\/sl\/wp-json\/wp\/v2\/product\/115399","targetHints":{"allow":["GET"]}}],"collection":[{"href":"https:\/\/www.budoshop.si\/sl\/wp-json\/wp\/v2\/product"}],"about":[{"href":"https:\/\/www.budoshop.si\/sl\/wp-json\/wp\/v2\/types\/product"}],"replies":[{"embeddable":true,"href":"https:\/\/www.budoshop.si\/sl\/wp-json\/wp\/v2\/comments?post=115399"}],"wp:featuredmedia":[{"embeddable":true,"href":"https:\/\/www.budoshop.si\/sl\/wp-json\/wp\/v2\/media\/115395"}],"wp:attachment":[{"href":"https:\/\/www.budoshop.si\/sl\/wp-json\/wp\/v2\/media?parent=115399"}],"wp:term":[{"taxonomy":"product_brand","embeddable":true,"href":"https:\/\/www.budoshop.si\/sl\/wp-json\/wp\/v2\/product_brand?post=115399"},{"taxonomy":"product_cat","embeddable":true,"href":"https:\/\/www.budoshop.si\/sl\/wp-json\/wp\/v2\/product_cat?post=115399"},{"taxonomy":"product_tag","embeddable":true,"href":"https:\/\/www.budoshop.si\/sl\/wp-json\/wp\/v2\/product_tag?post=115399"}],"curies":[{"name":"wp","href":"https:\/\/api.w.org\/{rel}","templated":true}]}}