{"id":115389,"date":"2024-11-07T12:09:06","date_gmt":"2024-11-07T11:09:06","guid":{"rendered":"https:\/\/www.budoshop.si\/umbrella-katana-new\/"},"modified":"2025-07-24T09:35:04","modified_gmt":"2025-07-24T07:35:04","slug":"umbrella-katana-new","status":"publish","type":"product","link":"https:\/\/www.budoshop.si\/sl\/izdelek\/umbrella-katana-new\/","title":{"rendered":"De\u017enik &#8221;KATANA&#8221;"},"content":{"rendered":"<p><span style=\"font-size: 15px; color: #993300;\"><span class=\"HwtZe\" lang=\"sl\"><span class=\"jCAhz ChMk0b\"><span class=\"ryNqvb\">Bodite kul s tem trendovskim de\u017enikom Samuraiskega Kataname\u010da!<br \/>\n<\/span><\/span><span class=\"jCAhz ChMk0b\"><span class=\"ryNqvb\">De\u017enik z ro\u010dajem v obliki me\u010da Samuraiskega Katana me\u010da je popolnoma funkcionalen, kvaliteten de\u017enik s funkcijo avtomatskega odpiranja s pritiskom na gumb, ki omogo\u010da enostavno in hitro odpiranje de\u017enika.<br \/>\n<\/span><\/span><span class=\"jCAhz ChMk0b\"><span class=\"ryNqvb\">De\u017enik Katana je \u010drne barve s sivim odsevnim robom.<br \/>\nVklju\u010dno s<\/span><\/span><span class=\"jCAhz\"><span class=\"ryNqvb\"> torbo za prena\u0161anje.<\/span><\/span><\/span><br \/>\n<\/span><\/p>\n<p><span style=\"font-size: 15px; color: #993300;\">Dol\u017eina: 106 cm<br \/>\nPremer: 115 cm<\/span><\/p>\n","protected":false},"excerpt":{"rendered":"<p><strong><span style=\"color: #003366;\">De\u017enik z ro\u010dajem Samuraiskega Katana me\u010da.<\/span><\/strong><\/p>\n","protected":false},"featured_media":115388,"comment_status":"open","ping_status":"closed","template":"","meta":[],"product_brand":[],"product_cat":[5405,5406,1035,1043,1033,1031,1029,1037,1039,1041,841],"product_tag":[],"class_list":{"0":"post-115389","1":"product","2":"type-product","3":"status-publish","4":"has-post-thumbnail","6":"product_cat-ju-sports","7":"product_cat-ju-sports-2","8":"product_cat-aikido-kendo-iai-kobudo-1","9":"product_cat-boks-kickbox-tajski-boks-mma","10":"product_cat-ju-jitsujiu-jitsu-1","11":"product_cat-judo-1","12":"product_cat-karate-5","13":"product_cat-ninjutsu-3","14":"product_cat-taekwondo-3","15":"product_cat-tai-chi-kunf-fu-wu-shu-1","16":"product_cat-ostalo-4","18":"first","19":"outofstock","20":"taxable","21":"shipping-taxable","22":"purchasable","23":"product-type-simple"},"_links":{"self":[{"href":"https:\/\/www.budoshop.si\/sl\/wp-json\/wp\/v2\/product\/115389","targetHints":{"allow":["GET"]}}],"collection":[{"href":"https:\/\/www.budoshop.si\/sl\/wp-json\/wp\/v2\/product"}],"about":[{"href":"https:\/\/www.budoshop.si\/sl\/wp-json\/wp\/v2\/types\/product"}],"replies":[{"embeddable":true,"href":"https:\/\/www.budoshop.si\/sl\/wp-json\/wp\/v2\/comments?post=115389"}],"wp:featuredmedia":[{"embeddable":true,"href":"https:\/\/www.budoshop.si\/sl\/wp-json\/wp\/v2\/media\/115388"}],"wp:attachment":[{"href":"https:\/\/www.budoshop.si\/sl\/wp-json\/wp\/v2\/media?parent=115389"}],"wp:term":[{"taxonomy":"product_brand","embeddable":true,"href":"https:\/\/www.budoshop.si\/sl\/wp-json\/wp\/v2\/product_brand?post=115389"},{"taxonomy":"product_cat","embeddable":true,"href":"https:\/\/www.budoshop.si\/sl\/wp-json\/wp\/v2\/product_cat?post=115389"},{"taxonomy":"product_tag","embeddable":true,"href":"https:\/\/www.budoshop.si\/sl\/wp-json\/wp\/v2\/product_tag?post=115389"}],"curies":[{"name":"wp","href":"https:\/\/api.w.org\/{rel}","templated":true}]}}