{"id":115367,"date":"2024-11-06T15:39:23","date_gmt":"2024-11-06T14:39:23","guid":{"rendered":"https:\/\/www.budoshop.si\/padded-stick-dragon-new\/"},"modified":"2026-03-03T12:16:45","modified_gmt":"2026-03-03T11:16:45","slug":"padded-stick-dragon-new","status":"publish","type":"product","link":"https:\/\/www.budoshop.si\/sl\/izdelek\/padded-stick-dragon-new\/","title":{"rendered":"Oblo\u017eena trening palica &#8221;DRAGON&#8221;"},"content":{"rendered":"<p><span style=\"font-size: 15px; color: #993300;\">Trening palica je izdelana iz \u010dvrstega plasti\u010dnega jedra, ki je oble\u010deno v trpe\u017eno peno. Odli\u010dna za trening samoobrambe brez po\u0161kodb ali kot pripravljalni trening borbe s palico. <\/span><br \/>\n<span style=\"font-size: 15px; color: #993300;\">\u010crne barve z zlatim tiskom zmaja.<\/span><\/p>\n<p><span style=\"font-size: 15px; color: #993300;\">Dol\u017eina cca. 65 cm<\/span><br \/>\n<span style=\"font-size: 15px; color: #993300;\">Debelina cca. 3,5 cm<\/span><\/p>\n","protected":false},"excerpt":{"rendered":"<p><span id=\"dnn_ctr448_ProductPage_lstProducts_lbllistDescription_0\" style=\"color: #003366;\"><strong><span id=\"dnn_ctr448_ProductPage_lstProducts_lbllistDescription_0\">65cm dolga blo\u017eena trening palica <\/span>s tiskom zmaja.<\/strong><\/span><\/p>\n","protected":false},"featured_media":115360,"comment_status":"open","ping_status":"closed","template":"","meta":[],"product_brand":[5595],"product_cat":[5405,5406,1035,1033,1037,1041,725],"product_tag":[],"class_list":{"0":"post-115367","1":"product","2":"type-product","3":"status-publish","4":"has-post-thumbnail","6":"product_brand-ju-sports","7":"product_cat-ju-sports","8":"product_cat-ju-sports-2","9":"product_cat-aikido-kendo-iai-kobudo-1","10":"product_cat-ju-jitsujiu-jitsu-1","11":"product_cat-ninjutsu-3","12":"product_cat-tai-chi-kunf-fu-wu-shu-1","13":"product_cat-palice","15":"first","16":"instock","17":"taxable","18":"shipping-taxable","19":"purchasable","20":"product-type-simple"},"_links":{"self":[{"href":"https:\/\/www.budoshop.si\/sl\/wp-json\/wp\/v2\/product\/115367","targetHints":{"allow":["GET"]}}],"collection":[{"href":"https:\/\/www.budoshop.si\/sl\/wp-json\/wp\/v2\/product"}],"about":[{"href":"https:\/\/www.budoshop.si\/sl\/wp-json\/wp\/v2\/types\/product"}],"replies":[{"embeddable":true,"href":"https:\/\/www.budoshop.si\/sl\/wp-json\/wp\/v2\/comments?post=115367"}],"wp:featuredmedia":[{"embeddable":true,"href":"https:\/\/www.budoshop.si\/sl\/wp-json\/wp\/v2\/media\/115360"}],"wp:attachment":[{"href":"https:\/\/www.budoshop.si\/sl\/wp-json\/wp\/v2\/media?parent=115367"}],"wp:term":[{"taxonomy":"product_brand","embeddable":true,"href":"https:\/\/www.budoshop.si\/sl\/wp-json\/wp\/v2\/product_brand?post=115367"},{"taxonomy":"product_cat","embeddable":true,"href":"https:\/\/www.budoshop.si\/sl\/wp-json\/wp\/v2\/product_cat?post=115367"},{"taxonomy":"product_tag","embeddable":true,"href":"https:\/\/www.budoshop.si\/sl\/wp-json\/wp\/v2\/product_tag?post=115367"}],"curies":[{"name":"wp","href":"https:\/\/api.w.org\/{rel}","templated":true}]}}