{"id":115353,"date":"2024-11-06T13:12:50","date_gmt":"2024-11-06T12:12:50","guid":{"rendered":"https:\/\/www.budoshop.si\/professional-mounth-guard-opro-ufc-white-silver-new\/"},"modified":"2026-01-13T09:58:25","modified_gmt":"2026-01-13T08:58:25","slug":"professional-mounth-guard-opro-ufc-white-silver-new","status":"publish","type":"product","link":"https:\/\/www.budoshop.si\/sl\/izdelek\/professional-mounth-guard-opro-ufc-white-silver-new\/","title":{"rendered":"Profesionalni \u0161\u010ditnik za zobe &#8221;Opro UFC white-silver&#8221;"},"content":{"rendered":"<p><span class=\"a-list-item\" style=\"font-size: 15px; color: #993300;\"><span class=\"HwtZe\" lang=\"sl\"><span class=\"jCAhz ChMk0b\"><span class=\"ryNqvb\">OPRO je najbolj inovativno in napredno podjetje za \u0161\u010ditnike za usta na svetu, podpira \u0161tevilna nacionalna zdru\u017eenja in vsako leto dobavlja na tiso\u010de elitnih \u0161portnikov s \u0161\u010ditniki po meri od ragbija in hokeja do MMA, boksa in drugih borilnih ve\u0161\u010din.<\/span><\/span><\/span><\/span><\/p>\n<p><span style=\"font-size: 15px; color: #993300;\">\u0160\u010ditnik za zobe ima visoko odporno zunanjo plast, ki absorbira udarce. \u0160\u010ditnik za zobe ima tudi protimikrobno za\u0161\u010dito, ki zavira rast bakterij do 99,99 %. S tem \u0161\u010ditnikom za zobe tako dobite udobje, ki vas ne bo oviralo med treniranjem. To tudi pomeni, da se vam prilega po meri. \u0160\u010ditniki za zobe so brez lateksa in zaradi svoje lahke konstrukcije omogo\u010dajo enostavno dihanje in jasno govorjenje. Dodano dr\u017ealo za prileganje vam omogo\u010da, da namestite \u0161\u010ditnika na sledino. To je pomembno, saj ne \u017eelite napa\u010dne lege \u0161\u010ditnika.<\/span><\/p>\n<p><span style=\"font-size: 15px; color: #993300;\">Belo-sive barve.<\/span><\/p>\n<p><span style=\"font-size: 15px; color: #993300;\">Lastnosti:<\/span><br \/>\n<span style=\"font-size: 15px; color: #993300;\">\u2013 Antibakterijski \u0161\u010ditnik in \u0161katlica<\/span><br \/>\n<span style=\"font-size: 15px; color: #993300;\">\u2013 Zelo vzdr\u017eljiva zunanja plast<\/span><br \/>\n<span style=\"font-size: 15px; color: #993300;\">\u2013 Dodatna absorpcija sile pri udarcu<\/span><br \/>\n<span style=\"font-size: 15px; color: #993300;\">\u2013 Fleksibilna notranja stran \u0161\u010ditnika<\/span><br \/>\n<span style=\"font-size: 15px; color: #993300;\">\u2013 Narejen za lahko prileganje<\/span><br \/>\n<span style=\"font-size: 15px; color: #993300;\">\u2013 Latex free<\/span><br \/>\n<span style=\"font-size: 15px; color: #993300;\">\u2013 Ni primeren za tiste z zobnim aparatom<\/span><br \/>\n<span style=\"font-size: 15px; color: #993300;\">\u2013 velikosr SR (10+ let)<\/span><br \/>\n<span style=\"font-size: 15px; color: #993300;\">\u2013 CE certifikat<\/span><\/p>\n<p>&nbsp;<\/p>\n","protected":false},"excerpt":{"rendered":"<p><span style=\"color: #003366;\"><strong>Profesionalni belo-sivi Opro UFC \u0161\u010ditnik za zobe.<\/strong><\/span><\/p>\n","protected":false},"featured_media":115337,"comment_status":"open","ping_status":"closed","template":"","meta":[],"product_brand":[5594],"product_cat":[1043,1033,1029,1039,1041,903,951,1049],"product_tag":[],"class_list":{"0":"post-115353","1":"product","2":"type-product","3":"status-publish","4":"has-post-thumbnail","6":"product_brand-adidas","7":"product_cat-boks-kickbox-tajski-boks-mma","8":"product_cat-ju-jitsujiu-jitsu-1","9":"product_cat-karate-5","10":"product_cat-taekwondo-3","11":"product_cat-tai-chi-kunf-fu-wu-shu-1","12":"product_cat-scitniki-za-zobe","13":"product_cat-adidas-3","14":"product_cat-adidas-7","16":"first","17":"instock","18":"taxable","19":"shipping-taxable","20":"purchasable","21":"product-type-simple"},"_links":{"self":[{"href":"https:\/\/www.budoshop.si\/sl\/wp-json\/wp\/v2\/product\/115353","targetHints":{"allow":["GET"]}}],"collection":[{"href":"https:\/\/www.budoshop.si\/sl\/wp-json\/wp\/v2\/product"}],"about":[{"href":"https:\/\/www.budoshop.si\/sl\/wp-json\/wp\/v2\/types\/product"}],"replies":[{"embeddable":true,"href":"https:\/\/www.budoshop.si\/sl\/wp-json\/wp\/v2\/comments?post=115353"}],"wp:featuredmedia":[{"embeddable":true,"href":"https:\/\/www.budoshop.si\/sl\/wp-json\/wp\/v2\/media\/115337"}],"wp:attachment":[{"href":"https:\/\/www.budoshop.si\/sl\/wp-json\/wp\/v2\/media?parent=115353"}],"wp:term":[{"taxonomy":"product_brand","embeddable":true,"href":"https:\/\/www.budoshop.si\/sl\/wp-json\/wp\/v2\/product_brand?post=115353"},{"taxonomy":"product_cat","embeddable":true,"href":"https:\/\/www.budoshop.si\/sl\/wp-json\/wp\/v2\/product_cat?post=115353"},{"taxonomy":"product_tag","embeddable":true,"href":"https:\/\/www.budoshop.si\/sl\/wp-json\/wp\/v2\/product_tag?post=115353"}],"curies":[{"name":"wp","href":"https:\/\/api.w.org\/{rel}","templated":true}]}}