{"id":115249,"date":"2024-11-05T12:23:47","date_gmt":"2024-11-05T11:23:47","guid":{"rendered":"https:\/\/www.budoshop.si\/ju-jitsu-gi-kimono-pearl-new\/"},"modified":"2026-01-13T09:42:50","modified_gmt":"2026-01-13T08:42:50","slug":"ju-jitsu-gi-kimono-pearl-new","status":"publish","type":"product","link":"https:\/\/www.budoshop.si\/sl\/izdelek\/ju-jitsu-gi-kimono-pearl-new\/","title":{"rendered":"Ju-jitsu Gi (Kimono) &#8221;PEARL&#8221;"},"content":{"rendered":"<p><span style=\"font-size: 15px; color: #993300;\"><span class=\"HwtZe\" lang=\"sl\"><span class=\"jCAhz ChMk0b\"><span class=\"ryNqvb\">Ta Ju-jitsu Gi PEARL zagotavlja kombinacijo izjemno visoke trdnosti in relativno nizke te\u017ee 100% bomba\u017ene tkanine (550 g\/sm2), kar \u0161e posebej zahtevajo vaditelji in tekmovalci Ju-jitsu-ja.<\/span><\/span> <span class=\"jCAhz ChMk0b\"><span class=\"ryNqvb\">Jakna je izdelana iz posebej oja\u010danega predskr\u010denega materiala vrhunskega premijskega bisernega tkanja z dodatno oja\u010danimi vsemi visoko obremenjenimi deli, kot so reverji, ramena in prsi.<\/span><\/span> <span class=\"jCAhz ChMk0b\"><span class=\"ryNqvb\">Tesno biserno tkanje zagotavlja dolgotrajno in u\u010dinkovito uporabo.<\/span><\/span> T<span class=\"jCAhz ChMk0b\"><span class=\"ryNqvb\">a model Ju-jitsu uniforme u\u017eiva izjemno priljubljenost med reprezentanti \u0161tevilnih dr\u017eav.<\/span><\/span> <span class=\"jCAhz ChMk0b\"><span class=\"ryNqvb\">Njegov \u010disti dizajn zaokro\u017euje to odli\u010dno Ju-jitsu trening uniformo.<\/span><\/span><br \/>\n<span class=\"jCAhz ChMk0b\"><span class=\"ryNqvb\">Pearl je tudi popolna klubska uniforma z veliko povr\u0161inskega prostora za tiskanje klubskih logotipov in podobnega.<br \/>\nBele barve<\/span><\/span><\/span>.<br \/>\n<\/span><\/p>\n<p><span style=\"font-size: 15px; color: #993300;\">Set vklju\u010duje hla\u010de z vrvico v pasu in jakno zrnastega tkanja.<\/span><\/p>\n<p><span style=\"font-size: 15px; color: #993300;\">Velikosti: 160 cm (A2) \u2013 170 cm (A3) &#8211; 180 cm (A4) \u2013 190 cm (A5) \u2013 preveri fotografijo z razpredelnico.<\/span><\/p>\n<p><span style=\"font-size: 15px; color: #993300;\"><strong>Ta artikel je odobren iz strani JJIF<\/strong>-ja (Ju-Jitsu International Federation)!<\/span><\/p>\n<p>&nbsp;<\/p>\n","protected":false},"excerpt":{"rendered":"<p><span style=\"color: #003366;\"><strong>Vrhunska 550 g\/m2 bela Ju-jitsu uniforma.<\/strong><\/span><\/p>\n","protected":false},"featured_media":115226,"comment_status":"open","ping_status":"closed","template":"","meta":[],"product_brand":[5595],"product_cat":[919,1033,5406,5405],"product_tag":[],"class_list":{"0":"post-115249","1":"product","2":"type-product","3":"status-publish","4":"has-post-thumbnail","6":"product_brand-ju-sports","7":"product_cat-ju-jitsu-kimona","8":"product_cat-ju-jitsujiu-jitsu-1","9":"product_cat-ju-sports-2","10":"product_cat-ju-sports","11":"pa_velikost-160-cm-sl","12":"pa_velikost-170-cm-sl","13":"pa_velikost-180-cm-sl","14":"pa_velikost-190-cm-sl","16":"first","17":"instock","18":"taxable","19":"shipping-taxable","20":"purchasable","21":"product-type-variable"},"_links":{"self":[{"href":"https:\/\/www.budoshop.si\/sl\/wp-json\/wp\/v2\/product\/115249","targetHints":{"allow":["GET"]}}],"collection":[{"href":"https:\/\/www.budoshop.si\/sl\/wp-json\/wp\/v2\/product"}],"about":[{"href":"https:\/\/www.budoshop.si\/sl\/wp-json\/wp\/v2\/types\/product"}],"replies":[{"embeddable":true,"href":"https:\/\/www.budoshop.si\/sl\/wp-json\/wp\/v2\/comments?post=115249"}],"wp:featuredmedia":[{"embeddable":true,"href":"https:\/\/www.budoshop.si\/sl\/wp-json\/wp\/v2\/media\/115226"}],"wp:attachment":[{"href":"https:\/\/www.budoshop.si\/sl\/wp-json\/wp\/v2\/media?parent=115249"}],"wp:term":[{"taxonomy":"product_brand","embeddable":true,"href":"https:\/\/www.budoshop.si\/sl\/wp-json\/wp\/v2\/product_brand?post=115249"},{"taxonomy":"product_cat","embeddable":true,"href":"https:\/\/www.budoshop.si\/sl\/wp-json\/wp\/v2\/product_cat?post=115249"},{"taxonomy":"product_tag","embeddable":true,"href":"https:\/\/www.budoshop.si\/sl\/wp-json\/wp\/v2\/product_tag?post=115249"}],"curies":[{"name":"wp","href":"https:\/\/api.w.org\/{rel}","templated":true}]}}