{"id":115209,"date":"2024-11-04T17:59:56","date_gmt":"2024-11-04T16:59:56","guid":{"rendered":"https:\/\/www.budoshop.si\/ju-jitsi-gi-kimono-ronin-new\/"},"modified":"2026-01-15T08:16:18","modified_gmt":"2026-01-15T07:16:18","slug":"ju-jitsi-gi-kimono-ronin-new","status":"publish","type":"product","link":"https:\/\/www.budoshop.si\/sl\/izdelek\/ju-jitsi-gi-kimono-ronin-new\/","title":{"rendered":"Ju-jitsu Gi (Kimono) &#8221;RONIN&#8221;"},"content":{"rendered":"<p><span style=\"font-size: 15px; color: #993300;\"><span class=\"HwtZe\" lang=\"sl\"><span class=\"jCAhz ChMk0b\"><span class=\"ryNqvb\">Bel Ju-jitsu Gi Ronin je zelo lahka (9 oz.), a izjemno odporna vrhunska vadbena uniforma.<\/span><\/span> <span class=\"jCAhz ChMk0b\"><span class=\"ryNqvb\">Izdelana iz visokokakovostnega 100% bomba\u017ea z vsemi <\/span><\/span><\/span><\/span><span style=\"font-size: 15px; color: #993300;\"><span class=\"HwtZe\" lang=\"sl\"><span class=\"jCAhz ChMk0b\"><span class=\"ryNqvb\">dodatno oja\u010danimi <\/span><\/span><\/span><\/span><span style=\"font-size: 15px; color: #993300;\"><span class=\"HwtZe\" lang=\"sl\"><span class=\"jCAhz ChMk0b\"><span class=\"ryNqvb\">obremenjenimi deli kot so reverji, ramena in kolena.<\/span><\/span> <span class=\"jCAhz ChMk0b\"><span class=\"ryNqvb\">Notranje obrobe in \u010drn z zlato obrobo izvezen Ju-jutsu Kanji simbol na jakni zaokro\u017eita privla\u010den videz.<br \/>\n<\/span><\/span><span class=\"jCAhz ChMk0b\"><span class=\"ryNqvb\">Posebej primerna za tradicionalno in \u0161portno Jujutsu vodbo, samoobrambne tehnike in druge sorodne borilne ve\u0161\u010dine.<\/span><\/span><\/span><\/span><\/p>\n<p><span style=\"font-size: 15px; color: #993300;\">Set vklju\u010duje hla\u010de z elastiko v pasu in jakno z Ju-jitsu vezenjem na hrbtu.<\/span><\/p>\n<p><span style=\"font-size: 15px; color: #993300;\">Velikosti: 150 cm &#8211; 190 cm (na 10 cm )<\/span><\/p>\n<p>&nbsp;<\/p>\n<p><span style=\"font-size: 15px; color: #993300;\"><span class=\"HwtZe\" lang=\"sl\"><span class=\"jCAhz ChMk0b\"><span class=\"ryNqvb\">Opomba: Ve\u010dji modeli zato p<\/span><\/span><span class=\"jCAhz ChMk0b\"><span class=\"ryNqvb\">rosimo, da naro\u010dite eno velikost manj\u0161o kot obi\u010dajno.<\/span><\/span><\/span><\/span><\/p>\n","protected":false},"excerpt":{"rendered":"<p><span style=\"color: #003366;\"><strong>Tradicionalna bela Ju-jitsu uniforma z vezenjem na hrbtu.<\/strong><\/span><\/p>\n","protected":false},"featured_media":115208,"comment_status":"open","ping_status":"closed","template":"","meta":[],"product_brand":[5595],"product_cat":[5405,5406,1033,919],"product_tag":[],"class_list":{"0":"post-115209","1":"product","2":"type-product","3":"status-publish","4":"has-post-thumbnail","6":"product_brand-ju-sports","7":"product_cat-ju-sports","8":"product_cat-ju-sports-2","9":"product_cat-ju-jitsujiu-jitsu-1","10":"product_cat-ju-jitsu-kimona","11":"pa_velikost-150-cm-sl","12":"pa_velikost-160-cm-sl","13":"pa_velikost-170-cm-sl","14":"pa_velikost-180-cm-sl","15":"pa_velikost-190-cm-sl","17":"first","18":"instock","19":"taxable","20":"shipping-taxable","21":"purchasable","22":"product-type-variable"},"_links":{"self":[{"href":"https:\/\/www.budoshop.si\/sl\/wp-json\/wp\/v2\/product\/115209","targetHints":{"allow":["GET"]}}],"collection":[{"href":"https:\/\/www.budoshop.si\/sl\/wp-json\/wp\/v2\/product"}],"about":[{"href":"https:\/\/www.budoshop.si\/sl\/wp-json\/wp\/v2\/types\/product"}],"replies":[{"embeddable":true,"href":"https:\/\/www.budoshop.si\/sl\/wp-json\/wp\/v2\/comments?post=115209"}],"wp:featuredmedia":[{"embeddable":true,"href":"https:\/\/www.budoshop.si\/sl\/wp-json\/wp\/v2\/media\/115208"}],"wp:attachment":[{"href":"https:\/\/www.budoshop.si\/sl\/wp-json\/wp\/v2\/media?parent=115209"}],"wp:term":[{"taxonomy":"product_brand","embeddable":true,"href":"https:\/\/www.budoshop.si\/sl\/wp-json\/wp\/v2\/product_brand?post=115209"},{"taxonomy":"product_cat","embeddable":true,"href":"https:\/\/www.budoshop.si\/sl\/wp-json\/wp\/v2\/product_cat?post=115209"},{"taxonomy":"product_tag","embeddable":true,"href":"https:\/\/www.budoshop.si\/sl\/wp-json\/wp\/v2\/product_tag?post=115209"}],"curies":[{"name":"wp","href":"https:\/\/api.w.org\/{rel}","templated":true}]}}