{"id":115146,"date":"2024-11-02T13:53:58","date_gmt":"2024-11-02T12:53:58","guid":{"rendered":"https:\/\/www.budoshop.si\/boxing-gloves-adidas-speed-50-blue-gold-new\/"},"modified":"2026-02-19T08:10:22","modified_gmt":"2026-02-19T07:10:22","slug":"boxing-gloves-adidas-speed-50-blue-gold-new","status":"publish","type":"product","link":"https:\/\/www.budoshop.si\/sl\/izdelek\/boxing-gloves-adidas-speed-50-blue-gold-new\/","title":{"rendered":"Boksarske rokavice &#8221;Adidas SPEED 50 blue\/gold&#8221;"},"content":{"rendered":"<div><span style=\"font-size: 15px; color: #993300;\">Boksarske rokavice Adidas SPEED 50 so izdelane iz masivnega in kvalitetnega umetnega usnja, ki zagotavlja trpe\u017enost treninga. Polnjene so z novo razvito vbrizgano IMF peno, ki nudi dobro absorbiranje udarcev, notranjost pa je izdelana iz zra\u010dne Taffeta podloge. Zapenjanje s kombiniranim elasti\u010dnim in \u010dvrstim trakom na je\u017eka, ki zagotavlja hitro in dobro prilagajanje zapestju. \u010crna barva z zlatim adidas logotipom dela te rokavice unikatne. Popolnoma nov dizajn.<\/span><br \/>\n<span style=\"font-size: 15px; color: #993300;\">Struktura teh rokavic je bila kreirana, da optimizira hitrost in izvedbo gibov in so zato odli\u010dne za vsakdanjo rekreativno vadbo boksa, thai\/kickboxa in udarjanje v boksarsko vre\u010do.<\/span><br \/>\n<span style=\"font-size: 15px; color: #993300;\">Odli\u010dno razmerje med ceno in kakovostjo!<\/span><\/div>\n<div><\/div>\n<p><span style=\"font-size: 15px; color: #993300;\">Barva: modra z zlatim napisom<\/span><\/p>\n<p><span style=\"font-size: 15px; color: #993300;\">Velikosti: 10, 12 in 14 OZ<\/span><\/p>\n","protected":false},"excerpt":{"rendered":"<p><span style=\"color: #003366;\"><strong>Odli\u010dne in cenovno ugodne modre 10, 12 ali 14 OZ Adidas boks rokavice.<\/strong><\/span><\/p>\n","protected":false},"featured_media":115134,"comment_status":"open","ping_status":"closed","template":"","meta":[],"product_brand":[5594],"product_cat":[951,1049,1043,821,969],"product_tag":[],"class_list":{"0":"post-115146","1":"product","2":"type-product","3":"status-publish","4":"has-post-thumbnail","6":"product_brand-adidas","7":"product_cat-adidas-3","8":"product_cat-adidas-7","9":"product_cat-boks-kickbox-tajski-boks-mma","10":"product_cat-kick-thai-boxing-rokavice","11":"product_cat-rokavice-za-vreco","12":"pa_velikost-10-oz-sl-2","13":"pa_velikost-12-oz-sl","14":"pa_velikost-14-oz-sl","16":"first","17":"instock","18":"taxable","19":"shipping-taxable","20":"purchasable","21":"product-type-variable"},"_links":{"self":[{"href":"https:\/\/www.budoshop.si\/sl\/wp-json\/wp\/v2\/product\/115146","targetHints":{"allow":["GET"]}}],"collection":[{"href":"https:\/\/www.budoshop.si\/sl\/wp-json\/wp\/v2\/product"}],"about":[{"href":"https:\/\/www.budoshop.si\/sl\/wp-json\/wp\/v2\/types\/product"}],"replies":[{"embeddable":true,"href":"https:\/\/www.budoshop.si\/sl\/wp-json\/wp\/v2\/comments?post=115146"}],"wp:featuredmedia":[{"embeddable":true,"href":"https:\/\/www.budoshop.si\/sl\/wp-json\/wp\/v2\/media\/115134"}],"wp:attachment":[{"href":"https:\/\/www.budoshop.si\/sl\/wp-json\/wp\/v2\/media?parent=115146"}],"wp:term":[{"taxonomy":"product_brand","embeddable":true,"href":"https:\/\/www.budoshop.si\/sl\/wp-json\/wp\/v2\/product_brand?post=115146"},{"taxonomy":"product_cat","embeddable":true,"href":"https:\/\/www.budoshop.si\/sl\/wp-json\/wp\/v2\/product_cat?post=115146"},{"taxonomy":"product_tag","embeddable":true,"href":"https:\/\/www.budoshop.si\/sl\/wp-json\/wp\/v2\/product_tag?post=115146"}],"curies":[{"name":"wp","href":"https:\/\/api.w.org\/{rel}","templated":true}]}}