{"id":115066,"date":"2024-10-29T11:08:03","date_gmt":"2024-10-29T10:08:03","guid":{"rendered":"https:\/\/www.budoshop.si\/karate-t-shirt-kanji-lady-white-new\/"},"modified":"2025-07-24T09:32:37","modified_gmt":"2025-07-24T07:32:37","slug":"karate-t-shirt-kanji-lady-white-new","status":"publish","type":"product","link":"https:\/\/www.budoshop.si\/sl\/izdelek\/karate-t-shirt-kanji-lady-white-new\/","title":{"rendered":"\u017denski Karate T-shirt &#8221;KANJI LADY white&#8221;"},"content":{"rendered":"<p><span style=\"font-size: 15px; color: #993300;\"><span class=\"HwtZe\" lang=\"sl\"><span class=\"jCAhz ChMk0b\"><span class=\"ryNqvb\">Ta bela \u017eenska Karate majica je izdelana iz ko\u017ei prijaznega, naravno funkcionalnega, predhodno opranega in \u010desanega 100 % bomba\u017ea, ki zagotavlja optimalno uravnavanje telesne temperature in lastnosti odvajanja vlage.<\/span><\/span> <span class=\"jCAhz ChMk0b\"><span class=\"ryNqvb\">Na\u0161o linijo C14 poleg funkcionalnosti, <\/span><\/span><\/span><span class=\"HwtZe\" lang=\"sl\"><span class=\"jCAhz ChMk0b\"><span class=\"ryNqvb\">zaradi visokokakovostnega tiska, <\/span><\/span><\/span><span class=\"HwtZe\" lang=\"sl\"><span class=\"jCAhz ChMk0b\"><span class=\"ryNqvb\">odlikuje tudi dinami\u010den dizajn z \u017eivahnimi barvami.<br \/>\nModeren \u017eenski kroj.<\/span><\/span><\/span><\/span><\/p>\n<p><span style=\"font-size: 15px; color: #993300;\">Velikosti: XS &#8211; S &#8211; M &#8211; L<br \/>\n<\/span><\/p>\n","protected":false},"excerpt":{"rendered":"<p><span style=\"color: #003366;\"><strong>\u017denski model bele Karate Kanji t-shirt majice.<\/strong><\/span><\/p>\n","protected":false},"featured_media":115061,"comment_status":"open","ping_status":"closed","template":"","meta":[],"product_brand":[5595],"product_cat":[5406,5405,1029,1005],"product_tag":[],"class_list":{"0":"post-115066","1":"product","2":"type-product","3":"status-publish","4":"has-post-thumbnail","6":"product_brand-ju-sports","7":"product_cat-ju-sports-2","8":"product_cat-ju-sports","9":"product_cat-karate-5","10":"product_cat-majice","11":"pa_velikost-xs-sl","12":"pa_velikost-s-sl-2","13":"pa_velikost-m-sl-2","14":"pa_velikost-l-sl-2","16":"first","17":"instock","18":"taxable","19":"shipping-taxable","20":"purchasable","21":"product-type-variable"},"_links":{"self":[{"href":"https:\/\/www.budoshop.si\/sl\/wp-json\/wp\/v2\/product\/115066","targetHints":{"allow":["GET"]}}],"collection":[{"href":"https:\/\/www.budoshop.si\/sl\/wp-json\/wp\/v2\/product"}],"about":[{"href":"https:\/\/www.budoshop.si\/sl\/wp-json\/wp\/v2\/types\/product"}],"replies":[{"embeddable":true,"href":"https:\/\/www.budoshop.si\/sl\/wp-json\/wp\/v2\/comments?post=115066"}],"wp:featuredmedia":[{"embeddable":true,"href":"https:\/\/www.budoshop.si\/sl\/wp-json\/wp\/v2\/media\/115061"}],"wp:attachment":[{"href":"https:\/\/www.budoshop.si\/sl\/wp-json\/wp\/v2\/media?parent=115066"}],"wp:term":[{"taxonomy":"product_brand","embeddable":true,"href":"https:\/\/www.budoshop.si\/sl\/wp-json\/wp\/v2\/product_brand?post=115066"},{"taxonomy":"product_cat","embeddable":true,"href":"https:\/\/www.budoshop.si\/sl\/wp-json\/wp\/v2\/product_cat?post=115066"},{"taxonomy":"product_tag","embeddable":true,"href":"https:\/\/www.budoshop.si\/sl\/wp-json\/wp\/v2\/product_tag?post=115066"}],"curies":[{"name":"wp","href":"https:\/\/api.w.org\/{rel}","templated":true}]}}