{"id":114999,"date":"2024-10-29T08:58:37","date_gmt":"2024-10-29T07:58:37","guid":{"rendered":"https:\/\/www.budoshop.si\/hoodie-zebra-new\/"},"modified":"2025-05-20T18:31:14","modified_gmt":"2025-05-20T16:31:14","slug":"hoodie-zebra-new","status":"publish","type":"product","link":"https:\/\/www.budoshop.si\/sl\/izdelek\/hoodie-zebra-new\/","title":{"rendered":"Hoodie &#8221;ZEBRA&#8221;"},"content":{"rendered":"<div><span class=\"HwtZe\" lang=\"sl\" style=\"font-size: 15px; color: #993300;\"><span class=\"jCAhz ChMk0b\"><span class=\"ryNqvb\">Ta \u0161portni mo\u0161ki hoodie pulover s kapuco Zebra je narejen iz zra\u010dne in trpe\u017ene tkanine iz me\u0161anice bomba\u017ea.<\/span><\/span> <span class=\"jCAhz ChMk0b\"><span class=\"ryNqvb\">Pulover s kapuco Zebra zdru\u017euje prepri\u010dljiv videz in visoko udobje pri no\u0161enju.<\/span><\/span> Moden kroj z elastiko v rokavih in pasu, kapuca je opremljena z zatezno vrvico, na prednji strani pa se nahaja tudi kenguru \u017eep<span class=\"jCAhz ChMk0b\"><span class=\"ryNqvb\">.<\/span><\/span><\/span><\/div>\n<div><span style=\"font-size: 15px; color: #993300;\">Izdelan iz me\u0161anice 70% bomba\u017ea in 30% poliestra.<\/span><br \/>\n<span style=\"font-size: 15px; color: #993300;\">\u010crne barve z belim Zebra TrainWithConfidence printom spredaj in velikim Z logotipom zadaj.<\/span><\/div>\n<div>\n<p>&nbsp;<\/p>\n<p>Velikosti: XS &#8211; S \u2013 M \u2013 L \u2013 XL.<\/p>\n<\/div>\n","protected":false},"excerpt":{"rendered":"<p><span style=\"color: #003366;\"><strong>\u010crn Zebra kapucar<\/strong>.<\/span><\/p>\n","protected":false},"featured_media":114996,"comment_status":"open","ping_status":"closed","template":"","meta":[],"product_brand":[5599],"product_cat":[1043,1033,1031,1029,1037,1039,1041,1007,1105,1103],"product_tag":[],"class_list":{"0":"post-114999","1":"product","2":"type-product","3":"status-publish","4":"has-post-thumbnail","6":"product_brand-zebra","7":"product_cat-boks-kickbox-tajski-boks-mma","8":"product_cat-ju-jitsujiu-jitsu-1","9":"product_cat-judo-1","10":"product_cat-karate-5","11":"product_cat-ninjutsu-3","12":"product_cat-taekwondo-3","13":"product_cat-tai-chi-kunf-fu-wu-shu-1","14":"product_cat-kapucarji","15":"product_cat-zebra-3","16":"product_cat-zebra-1","17":"pa_velikost-xs-sl","18":"pa_velikost-s-sl-2","19":"pa_velikost-m-sl-2","20":"pa_velikost-l-sl-2","21":"pa_velikost-xl-sl","23":"first","24":"instock","25":"taxable","26":"shipping-taxable","27":"purchasable","28":"product-type-variable"},"_links":{"self":[{"href":"https:\/\/www.budoshop.si\/sl\/wp-json\/wp\/v2\/product\/114999","targetHints":{"allow":["GET"]}}],"collection":[{"href":"https:\/\/www.budoshop.si\/sl\/wp-json\/wp\/v2\/product"}],"about":[{"href":"https:\/\/www.budoshop.si\/sl\/wp-json\/wp\/v2\/types\/product"}],"replies":[{"embeddable":true,"href":"https:\/\/www.budoshop.si\/sl\/wp-json\/wp\/v2\/comments?post=114999"}],"wp:featuredmedia":[{"embeddable":true,"href":"https:\/\/www.budoshop.si\/sl\/wp-json\/wp\/v2\/media\/114996"}],"wp:attachment":[{"href":"https:\/\/www.budoshop.si\/sl\/wp-json\/wp\/v2\/media?parent=114999"}],"wp:term":[{"taxonomy":"product_brand","embeddable":true,"href":"https:\/\/www.budoshop.si\/sl\/wp-json\/wp\/v2\/product_brand?post=114999"},{"taxonomy":"product_cat","embeddable":true,"href":"https:\/\/www.budoshop.si\/sl\/wp-json\/wp\/v2\/product_cat?post=114999"},{"taxonomy":"product_tag","embeddable":true,"href":"https:\/\/www.budoshop.si\/sl\/wp-json\/wp\/v2\/product_tag?post=114999"}],"curies":[{"name":"wp","href":"https:\/\/api.w.org\/{rel}","templated":true}]}}