{"id":114847,"date":"2024-10-25T18:39:13","date_gmt":"2024-10-25T16:39:13","guid":{"rendered":"https:\/\/www.budoshop.si\/boxing-gloves-adidas-combat-50-blue-new\/"},"modified":"2026-01-22T08:07:28","modified_gmt":"2026-01-22T07:07:28","slug":"boxing-gloves-adidas-combat-50-blue-new","status":"publish","type":"product","link":"https:\/\/www.budoshop.si\/sl\/izdelek\/boxing-gloves-adidas-combat-50-blue-new\/","title":{"rendered":"Boksarske rokavice &#8221;Adidas COMBAT 50 blue&#8221;"},"content":{"rendered":"<p><span class=\"HwtZe\" lang=\"sl\" style=\"font-size: 15px; color: #993300;\"><span class=\"jCAhz ChMk0b\"><span class=\"ryNqvb\">Nova linija Adidas boksarskih rokavic Combat 50 so vrhunska oprema za borce, ki zahtevajo odli\u010dnost pri vsakem udarcu.<\/span><\/span> <span class=\"jCAhz ChMk0b\"><span class=\"ryNqvb\">Te boksraske rokavice rokavice so izdelane iz trpe\u017enega umetnega usnja in imajo predhodno oblikovano konstrukcijo iz pene za optimalno bla\u017eenje udarcev.<\/span><\/span> Znojenje<span class=\"jCAhz ChMk0b\"><span class=\"ryNqvb\"> prepre\u010duje zra\u010dna mre\u017eica za dlani, stabilnost zapestja in dodatno podporo pa zagotavlja \u0161irok trak z zapenjanjem na je\u017eka.<\/span><\/span> <span class=\"jCAhz ChMk0b\"><span class=\"ryNqvb\">V notranjosti rokavic se nahaja mehka podloga, ki nudi udobje med uporabo.<\/span><\/span><\/span><\/p>\n<p><span style=\"color: #993300;\">Atraktivna modro-\u010drna Combat barva dela te \u0161\u010ditnike \u0161e posebej atraktivne.<\/span><br \/>\n<span class=\"jCAhz ChMk0b\" style=\"color: #993300;\"><span class=\"ryNqvb\">Izberite odli\u010dnost pri vsakem udarcu, izberite boksarske rokavice Adidas Combat 50.<\/span><\/span><\/p>\n<p><span class=\"jCAhz ChMk0b\" style=\"font-size: 15px; color: #993300;\"><span class=\"ryNqvb\">Velikosti: 10 oz, 12 oz ali 14 oz<\/span><\/span><\/p>\n","protected":false},"excerpt":{"rendered":"<p><span style=\"color: #003366;\"><strong>Combat linija modrih Adidasovih 10, 12 in 14 OZ boksarskih rokavic.<\/strong><\/span><\/p>\n","protected":false},"featured_media":114827,"comment_status":"open","ping_status":"closed","template":"","meta":[],"product_brand":[5594],"product_cat":[1043,821,951,1049],"product_tag":[],"class_list":{"0":"post-114847","1":"product","2":"type-product","3":"status-publish","4":"has-post-thumbnail","6":"product_brand-adidas","7":"product_cat-boks-kickbox-tajski-boks-mma","8":"product_cat-kick-thai-boxing-rokavice","9":"product_cat-adidas-3","10":"product_cat-adidas-7","11":"pa_velikost-10-oz-sl-2","12":"pa_velikost-12-oz-sl","13":"pa_velikost-14-oz-sl","15":"first","16":"instock","17":"taxable","18":"shipping-taxable","19":"purchasable","20":"product-type-variable"},"_links":{"self":[{"href":"https:\/\/www.budoshop.si\/sl\/wp-json\/wp\/v2\/product\/114847","targetHints":{"allow":["GET"]}}],"collection":[{"href":"https:\/\/www.budoshop.si\/sl\/wp-json\/wp\/v2\/product"}],"about":[{"href":"https:\/\/www.budoshop.si\/sl\/wp-json\/wp\/v2\/types\/product"}],"replies":[{"embeddable":true,"href":"https:\/\/www.budoshop.si\/sl\/wp-json\/wp\/v2\/comments?post=114847"}],"wp:featuredmedia":[{"embeddable":true,"href":"https:\/\/www.budoshop.si\/sl\/wp-json\/wp\/v2\/media\/114827"}],"wp:attachment":[{"href":"https:\/\/www.budoshop.si\/sl\/wp-json\/wp\/v2\/media?parent=114847"}],"wp:term":[{"taxonomy":"product_brand","embeddable":true,"href":"https:\/\/www.budoshop.si\/sl\/wp-json\/wp\/v2\/product_brand?post=114847"},{"taxonomy":"product_cat","embeddable":true,"href":"https:\/\/www.budoshop.si\/sl\/wp-json\/wp\/v2\/product_cat?post=114847"},{"taxonomy":"product_tag","embeddable":true,"href":"https:\/\/www.budoshop.si\/sl\/wp-json\/wp\/v2\/product_tag?post=114847"}],"curies":[{"name":"wp","href":"https:\/\/api.w.org\/{rel}","templated":true}]}}