{"id":114807,"date":"2024-10-25T13:28:24","date_gmt":"2024-10-25T11:28:24","guid":{"rendered":"https:\/\/www.budoshop.si\/tabi-socks-shuriken-new\/"},"modified":"2026-01-30T08:06:52","modified_gmt":"2026-01-30T07:06:52","slug":"tabi-socks-shuriken-new","status":"publish","type":"product","link":"https:\/\/www.budoshop.si\/sl\/izdelek\/tabi-socks-shuriken-new\/","title":{"rendered":"Tabi nogavice &#8221;SHURIKEN&#8221;"},"content":{"rendered":"<p><span style=\"font-size: 15px; color: #993300;\"><span class=\"HwtZe\" lang=\"sl\"><span class=\"jCAhz ChMk0b\"><span class=\"ryNqvb\">Tradicionalne japonske Tabi nogavice z lo\u010denim palcem s privla\u010dnim in barvitim\u00a0 Ninja Shuriken <\/span><\/span><\/span><span class=\"HwtZe\" lang=\"sl\"><span class=\"jCAhz ChMk0b\"><span class=\"ryNqvb\">dizajnom<\/span><\/span><\/span><\/span><span class=\"HwtZe\" lang=\"sl\"><span style=\"font-size: 15px; color: #993300;\"><span class=\"jCAhz ChMk0b\"><span class=\"ryNqvb\">. <\/span><\/span><span class=\"jCAhz ChMk0b\"><span class=\"ryNqvb\">Nogavice so zelo udobne in mehke, namenjene no\u0161enju z obuvali kot so Tabi copati ali tradicionalni japonski Zori natika\u010di, ki lo\u010dujejo palec od ostalih prstov.<\/span><\/span> <span class=\"jCAhz ChMk0b\"><span class=\"ryNqvb\">Popolne za vadbo borilnih ve\u0161\u010din ali no\u0161enje v prostem \u010dasu.<br \/>\n<\/span><\/span><span class=\"jCAhz ChMk0b\"><span class=\"ryNqvb\">Te tabi nogavice so narejene iz naravnih bambusovih vlaken, ki poskrbijo, da stopalo ostane suho.<\/span><\/span> <span class=\"jCAhz ChMk0b\"><span class=\"ryNqvb\">Bambusova vlakna imajo votlo strukturo, zaradi \u010desar so super vpojna.<\/span><\/span><\/span><\/span><\/p>\n<p><span class=\"jCAhz\"><span class=\"ryNqvb\"><span style=\"font-size: 15px; color: #993300;\">Univerzalna velikost.<\/span><br \/>\n<\/span><\/span><\/p>\n","protected":false},"excerpt":{"rendered":"<p><strong><span style=\"color: #003366;\">Tabi nogavice s Shurikem motivom.<\/span><br \/>\n<\/strong><\/p>\n","protected":false},"featured_media":114800,"comment_status":"open","ping_status":"closed","template":"","meta":[],"product_brand":[5600],"product_cat":[1035,1037,939,963,959,1055,977],"product_tag":[],"class_list":{"0":"post-114807","1":"product","2":"type-product","3":"status-publish","4":"has-post-thumbnail","6":"product_brand-yari-no-hanzo","7":"product_cat-aikido-kendo-iai-kobudo-1","8":"product_cat-ninjutsu-3","9":"product_cat-ninjutsu-oblacila","10":"product_cat-ostalo-6","11":"product_cat-tabi-1","12":"product_cat-yari-no-hanzo-3","13":"product_cat-yari-no-hanzo-1","15":"first","16":"instock","17":"taxable","18":"shipping-taxable","19":"purchasable","20":"product-type-simple"},"_links":{"self":[{"href":"https:\/\/www.budoshop.si\/sl\/wp-json\/wp\/v2\/product\/114807","targetHints":{"allow":["GET"]}}],"collection":[{"href":"https:\/\/www.budoshop.si\/sl\/wp-json\/wp\/v2\/product"}],"about":[{"href":"https:\/\/www.budoshop.si\/sl\/wp-json\/wp\/v2\/types\/product"}],"replies":[{"embeddable":true,"href":"https:\/\/www.budoshop.si\/sl\/wp-json\/wp\/v2\/comments?post=114807"}],"wp:featuredmedia":[{"embeddable":true,"href":"https:\/\/www.budoshop.si\/sl\/wp-json\/wp\/v2\/media\/114800"}],"wp:attachment":[{"href":"https:\/\/www.budoshop.si\/sl\/wp-json\/wp\/v2\/media?parent=114807"}],"wp:term":[{"taxonomy":"product_brand","embeddable":true,"href":"https:\/\/www.budoshop.si\/sl\/wp-json\/wp\/v2\/product_brand?post=114807"},{"taxonomy":"product_cat","embeddable":true,"href":"https:\/\/www.budoshop.si\/sl\/wp-json\/wp\/v2\/product_cat?post=114807"},{"taxonomy":"product_tag","embeddable":true,"href":"https:\/\/www.budoshop.si\/sl\/wp-json\/wp\/v2\/product_tag?post=114807"}],"curies":[{"name":"wp","href":"https:\/\/api.w.org\/{rel}","templated":true}]}}