{"id":114733,"date":"2024-10-25T11:43:16","date_gmt":"2024-10-25T09:43:16","guid":{"rendered":"https:\/\/www.budoshop.si\/skipping-rope-profi-speed-blue-new\/"},"modified":"2025-05-30T15:02:58","modified_gmt":"2025-05-30T13:02:58","slug":"skipping-rope-profi-speed-blue-new","status":"publish","type":"product","link":"https:\/\/www.budoshop.si\/sl\/izdelek\/skipping-rope-profi-speed-blue-new\/","title":{"rendered":"Kolebnica &#8221;PROFI SPEED modra&#8221;"},"content":{"rendered":"<p><span style=\"font-size: 15px; color: #993300;\">Ta profesionalna kolebnica je izdelana iz pletenih jeklenih \u017ei\u010dk, ki se ne zapletajo in omogo\u010dajo tudi zelo hitro vrtenje. Dol\u017eino vrvi je mo\u010d individulano nastaviti, saj se ro\u010dke pritrdi s posebnim vijakom, ki vrv stisne pod kotom 90 stopinj. Snemljiva kon\u010dna kapica, izdelana iz gume, omogo\u010da odstranitev prese\u017ene vrvi s kle\u0161\u010dami. Idealen pripomo\u010dek za ogrevanje in trening za vzdr\u017eljivosti ali hitrosti bodisi v telovadnici ali doma.<\/span><br \/>\n<span style=\"font-size: 15px; color: #993300;\">Modre barve.<\/span><\/p>\n<p><span style=\"font-size: 15px; color: #993300;\">Dol\u017eina: cca. 300 cm<\/span><br \/>\n<span style=\"font-size: 15px; color: #993300;\">Ro\u010daj: cca. 14 cm<\/span><\/p>\n","protected":false},"excerpt":{"rendered":"<p><span style=\"color: #003366;\"><strong>Profesionalna nastavljiva jeklena kolebnica modre barve.<\/strong><\/span><\/p>\n","protected":false},"featured_media":114724,"comment_status":"open","ping_status":"closed","template":"","meta":[],"product_brand":[],"product_cat":[1043,1033,1031,1029,1119,1061,983,1039,1041],"product_tag":[],"class_list":{"0":"post-114733","1":"product","2":"type-product","3":"status-publish","4":"has-post-thumbnail","6":"product_cat-boks-kickbox-tajski-boks-mma","7":"product_cat-ju-jitsujiu-jitsu-1","8":"product_cat-judo-1","9":"product_cat-karate-5","10":"product_cat-kolebnice","11":"product_cat-kwon-5","12":"product_cat-kwon-3","13":"product_cat-taekwondo-3","14":"product_cat-tai-chi-kunf-fu-wu-shu-1","16":"first","17":"instock","18":"taxable","19":"shipping-taxable","20":"purchasable","21":"product-type-simple"},"_links":{"self":[{"href":"https:\/\/www.budoshop.si\/sl\/wp-json\/wp\/v2\/product\/114733","targetHints":{"allow":["GET"]}}],"collection":[{"href":"https:\/\/www.budoshop.si\/sl\/wp-json\/wp\/v2\/product"}],"about":[{"href":"https:\/\/www.budoshop.si\/sl\/wp-json\/wp\/v2\/types\/product"}],"replies":[{"embeddable":true,"href":"https:\/\/www.budoshop.si\/sl\/wp-json\/wp\/v2\/comments?post=114733"}],"wp:featuredmedia":[{"embeddable":true,"href":"https:\/\/www.budoshop.si\/sl\/wp-json\/wp\/v2\/media\/114724"}],"wp:attachment":[{"href":"https:\/\/www.budoshop.si\/sl\/wp-json\/wp\/v2\/media?parent=114733"}],"wp:term":[{"taxonomy":"product_brand","embeddable":true,"href":"https:\/\/www.budoshop.si\/sl\/wp-json\/wp\/v2\/product_brand?post=114733"},{"taxonomy":"product_cat","embeddable":true,"href":"https:\/\/www.budoshop.si\/sl\/wp-json\/wp\/v2\/product_cat?post=114733"},{"taxonomy":"product_tag","embeddable":true,"href":"https:\/\/www.budoshop.si\/sl\/wp-json\/wp\/v2\/product_tag?post=114733"}],"curies":[{"name":"wp","href":"https:\/\/api.w.org\/{rel}","templated":true}]}}