{"id":114702,"date":"2024-10-25T11:17:20","date_gmt":"2024-10-25T09:17:20","guid":{"rendered":"https:\/\/www.budoshop.si\/martial-shoes-kick-light-new\/"},"modified":"2026-02-13T08:24:02","modified_gmt":"2026-02-13T07:24:02","slug":"martial-shoes-kick-light-new","status":"publish","type":"product","link":"https:\/\/www.budoshop.si\/sl\/izdelek\/martial-shoes-kick-light-new\/","title":{"rendered":"Usnjeni trening copati za borilne ve\u0161\u010dine &#8221;KICK LIGHT&#8221;"},"content":{"rendered":"<p><span style=\"font-size: 15px; color: #993300;\"><span class=\"HwtZe\" lang=\"sl\"><span class=\"jCAhz ChMk0b\"><span class=\"ryNqvb\">Borilni copati Kick Light so ultra lahki copati za trening borilnih ve\u0161\u010din iz vrhunskega polnega usnja.<\/span><\/span> <span class=\"jCAhz\"><span class=\"ryNqvb\">Varno prileganje zaradi ergonomskega kroja.<\/span><\/span> <span class=\"jCAhz ChMk0b\"><span class=\"ryNqvb\">Brez vezalk in z zmanj\u0161anim delom EVA pene na podplatu za maksimalno zmanj\u0161anje te\u017ee \u010devlja.<\/span><\/span> <span class=\"jCAhz ChMk0b\"><span class=\"ryNqvb\">Z vrtljivo to\u010dko na podplatu in stranskimi zra\u010dnimi luknjami za bolj\u0161o zra\u010dnost in manj potenja.<br \/>\n<\/span><\/span><span class=\"jCAhz ChMk0b\"><span class=\"ryNqvb\">\u010cisti \u010develj za borilne ve\u0161\u010dine, ki izstopa po brez\u010dasnem dizajnu, visoki funkcionalnosti in izjemni lahkotnosti.<\/span><\/span><\/span><\/span><\/p>\n<p><span style=\"font-size: 15px; color: #993300;\">\u010crno-bela barvna kombinacija.<\/span><\/p>\n<p><span style=\"font-size: 15px; color: #993300;\">Velikosti: 33 &#8211; 47<\/span><\/p>\n","protected":false},"excerpt":{"rendered":"<p><span style=\"color: #003366;\"><strong>Ultra lahki usnjeni copati za borilne ve\u0161\u010dine.<\/strong><\/span><\/p>\n","protected":false},"featured_media":114679,"comment_status":"open","ping_status":"closed","template":"","meta":[],"product_brand":[5596],"product_cat":[1043,1033,1029,1039,1041,957,983,1061],"product_tag":[],"class_list":{"0":"post-114702","1":"product","2":"type-product","3":"status-publish","4":"has-post-thumbnail","6":"product_brand-kwon","7":"product_cat-boks-kickbox-tajski-boks-mma","8":"product_cat-ju-jitsujiu-jitsu-1","9":"product_cat-karate-5","10":"product_cat-taekwondo-3","11":"product_cat-tai-chi-kunf-fu-wu-shu-1","12":"product_cat-karate-taekwondo-copati","13":"product_cat-kwon-3","14":"product_cat-kwon-5","15":"pa_velikost-33-sl","16":"pa_velikost-34-sl","17":"pa_velikost-35-sl","18":"pa_velikost-36-sl","19":"pa_velikost-37-sl","20":"pa_velikost-38-sl","21":"pa_velikost-39-sl","22":"pa_velikost-40-sl","23":"pa_velikost-41-sl","24":"pa_velikost-42-sl","25":"pa_velikost-43-sl","26":"pa_velikost-44-sl","27":"pa_velikost-45-sl","28":"pa_velikost-46-sl","29":"pa_velikost-47-sl","31":"first","32":"instock","33":"taxable","34":"shipping-taxable","35":"purchasable","36":"product-type-variable"},"_links":{"self":[{"href":"https:\/\/www.budoshop.si\/sl\/wp-json\/wp\/v2\/product\/114702","targetHints":{"allow":["GET"]}}],"collection":[{"href":"https:\/\/www.budoshop.si\/sl\/wp-json\/wp\/v2\/product"}],"about":[{"href":"https:\/\/www.budoshop.si\/sl\/wp-json\/wp\/v2\/types\/product"}],"replies":[{"embeddable":true,"href":"https:\/\/www.budoshop.si\/sl\/wp-json\/wp\/v2\/comments?post=114702"}],"wp:featuredmedia":[{"embeddable":true,"href":"https:\/\/www.budoshop.si\/sl\/wp-json\/wp\/v2\/media\/114679"}],"wp:attachment":[{"href":"https:\/\/www.budoshop.si\/sl\/wp-json\/wp\/v2\/media?parent=114702"}],"wp:term":[{"taxonomy":"product_brand","embeddable":true,"href":"https:\/\/www.budoshop.si\/sl\/wp-json\/wp\/v2\/product_brand?post=114702"},{"taxonomy":"product_cat","embeddable":true,"href":"https:\/\/www.budoshop.si\/sl\/wp-json\/wp\/v2\/product_cat?post=114702"},{"taxonomy":"product_tag","embeddable":true,"href":"https:\/\/www.budoshop.si\/sl\/wp-json\/wp\/v2\/product_tag?post=114702"}],"curies":[{"name":"wp","href":"https:\/\/api.w.org\/{rel}","templated":true}]}}