{"id":114651,"date":"2024-10-25T09:29:43","date_gmt":"2024-10-25T07:29:43","guid":{"rendered":"https:\/\/www.budoshop.si\/boxing-shorts-professional-new\/"},"modified":"2026-01-09T09:37:15","modified_gmt":"2026-01-09T08:37:15","slug":"boxing-shorts-professional-new","status":"publish","type":"product","link":"https:\/\/www.budoshop.si\/sl\/izdelek\/boxing-shorts-professional-new\/","title":{"rendered":"Boks hla\u010dke &#8221;PROFESSIONAL&#8221;"},"content":{"rendered":"<div>\n<p><span style=\"font-size: 15px; color: #993300;\">Te klasi\u010dno krojene hla\u010dke za boks s \u0161irokimi hla\u010dnicami so zelo lahko in udobne. <span class=\"HwtZe\" lang=\"sl\"><span class=\"jCAhz ChMk0b\"><span class=\"ryNqvb\">10 cm elasti\u010den pas z dodatno zatezno vrvico zagotavlja dodatno podporo in udobno prileganje.<\/span><\/span> Hla\u010dke so izdelane<span class=\"jCAhz ChMk0b\"><span class=\"ryNqvb\"> iz 100% poliestra in p<\/span><\/span><span class=\"jCAhz ChMk0b\"><span class=\"ryNqvb\">rimerne za boksarska tekmovanja in treninge.<\/span><\/span><\/span><\/span><\/p>\n<p><span style=\"color: #993300; font-size: 15px;\">Barve: \u010drna, \u010drno\/rde\u010da, \u010drno-modra<\/span><\/p>\n<p><span style=\"color: #993300; font-size: 15px;\">Velikosti: S\u00a0 \u2013 M \u2013 L \u2013 XL &#8211; XXL<\/span><\/p>\n<\/div>\n","protected":false},"excerpt":{"rendered":"<p><strong><span style=\"color: #003366;\">Profesionalne \u010drne boksarske hla\u010dke.<\/span><\/strong><\/p>\n","protected":false},"featured_media":114621,"comment_status":"open","ping_status":"closed","template":"","meta":[],"product_brand":[5596],"product_cat":[1043,905,983,1061],"product_tag":[],"class_list":{"0":"post-114651","1":"product","2":"type-product","3":"status-publish","4":"has-post-thumbnail","6":"product_brand-kwon","7":"product_cat-boks-kickbox-tajski-boks-mma","8":"product_cat-hlacke","9":"product_cat-kwon-3","10":"product_cat-kwon-5","11":"pa_velikost-l-sl-2","12":"pa_velikost-m-sl-2","13":"pa_velikost-s-sl-2","14":"pa_velikost-xl-sl","15":"pa_velikost-xxl-sl-2","17":"first","18":"instock","19":"taxable","20":"shipping-taxable","21":"purchasable","22":"product-type-variable"},"_links":{"self":[{"href":"https:\/\/www.budoshop.si\/sl\/wp-json\/wp\/v2\/product\/114651","targetHints":{"allow":["GET"]}}],"collection":[{"href":"https:\/\/www.budoshop.si\/sl\/wp-json\/wp\/v2\/product"}],"about":[{"href":"https:\/\/www.budoshop.si\/sl\/wp-json\/wp\/v2\/types\/product"}],"replies":[{"embeddable":true,"href":"https:\/\/www.budoshop.si\/sl\/wp-json\/wp\/v2\/comments?post=114651"}],"wp:featuredmedia":[{"embeddable":true,"href":"https:\/\/www.budoshop.si\/sl\/wp-json\/wp\/v2\/media\/114621"}],"wp:attachment":[{"href":"https:\/\/www.budoshop.si\/sl\/wp-json\/wp\/v2\/media?parent=114651"}],"wp:term":[{"taxonomy":"product_brand","embeddable":true,"href":"https:\/\/www.budoshop.si\/sl\/wp-json\/wp\/v2\/product_brand?post=114651"},{"taxonomy":"product_cat","embeddable":true,"href":"https:\/\/www.budoshop.si\/sl\/wp-json\/wp\/v2\/product_cat?post=114651"},{"taxonomy":"product_tag","embeddable":true,"href":"https:\/\/www.budoshop.si\/sl\/wp-json\/wp\/v2\/product_tag?post=114651"}],"curies":[{"name":"wp","href":"https:\/\/api.w.org\/{rel}","templated":true}]}}