{"id":114586,"date":"2024-10-24T13:31:36","date_gmt":"2024-10-24T11:31:36","guid":{"rendered":"https:\/\/www.budoshop.si\/?post_type=product&#038;p=114586"},"modified":"2026-01-16T18:12:49","modified_gmt":"2026-01-16T17:12:49","slug":"dolge-kickboxing-hlace-saten-novo","status":"publish","type":"product","link":"https:\/\/www.budoshop.si\/sl\/izdelek\/dolge-kickboxing-hlace-saten-novo\/","title":{"rendered":"Dolge Kickboxing hla\u010de s \u010drtami"},"content":{"rendered":"<p><span style=\"font-size: 15px; color: #993300;\"><span class=\"HwtZe\" lang=\"sl\"><span class=\"jCAhz ChMk0b\"><span class=\"ryNqvb\">Te dolge satenaste Kickboxing hla\u010de so izdelane iz 100 % poliestra z v\u0161itimi stranskimi \u010drtami.<\/span><\/span> <span class=\"jCAhz ChMk0b\"><span class=\"ryNqvb\">Udoben kroj, ki ne omejuje gibanja nog.<\/span><\/span> <span class=\"jCAhz ChMk0b\"><span class=\"ryNqvb\">Elasti\u010den pas z dodatno vrvico zagotavlja optimalen oprijem.<\/span><\/span><\/span><\/span><\/p>\n<p><span class=\"jCAhz ChMk0b\" style=\"font-size: 15px; color: #993300;\"><span class=\"ryNqvb\">Barve: \u010drna, \u010drna\/rde\u010da, \u010drna\/modra, \u010drna\/zlata, \u010drna\/bela<\/span><\/span><\/p>\n<p><span style=\"font-size: 15px; color: #993300;\">Velikosti: 150 &#8211; 190<\/span><\/p>\n","protected":false},"excerpt":{"rendered":"<p><span style=\"color: #003366;\"><strong>Dolge \u010drne Kickboxing hla\u010de.<\/strong><\/span><\/p>\n","protected":false},"featured_media":114548,"comment_status":"open","ping_status":"closed","template":"","meta":[],"product_brand":[5596],"product_cat":[1043,907,983,1061],"product_tag":[],"class_list":{"0":"post-114586","1":"product","2":"type-product","3":"status-publish","4":"has-post-thumbnail","6":"product_brand-kwon","7":"product_cat-boks-kickbox-tajski-boks-mma","8":"product_cat-hlace","9":"product_cat-kwon-3","10":"product_cat-kwon-5","11":"pa_barva-crno-modre","12":"pa_barva-crno-zlate","13":"pa_barva-crno-rdece","14":"pa_barva-black-white-2","15":"pa_barva-crne-barve-sl-2","16":"pa_velikost-150-cm-sl","17":"pa_velikost-160-cm-sl","18":"pa_velikost-170-cm-sl","19":"pa_velikost-180-cm-sl","20":"pa_velikost-190-cm-sl","22":"first","23":"instock","24":"taxable","25":"shipping-taxable","26":"purchasable","27":"product-type-variable"},"_links":{"self":[{"href":"https:\/\/www.budoshop.si\/sl\/wp-json\/wp\/v2\/product\/114586","targetHints":{"allow":["GET"]}}],"collection":[{"href":"https:\/\/www.budoshop.si\/sl\/wp-json\/wp\/v2\/product"}],"about":[{"href":"https:\/\/www.budoshop.si\/sl\/wp-json\/wp\/v2\/types\/product"}],"replies":[{"embeddable":true,"href":"https:\/\/www.budoshop.si\/sl\/wp-json\/wp\/v2\/comments?post=114586"}],"wp:featuredmedia":[{"embeddable":true,"href":"https:\/\/www.budoshop.si\/sl\/wp-json\/wp\/v2\/media\/114548"}],"wp:attachment":[{"href":"https:\/\/www.budoshop.si\/sl\/wp-json\/wp\/v2\/media?parent=114586"}],"wp:term":[{"taxonomy":"product_brand","embeddable":true,"href":"https:\/\/www.budoshop.si\/sl\/wp-json\/wp\/v2\/product_brand?post=114586"},{"taxonomy":"product_cat","embeddable":true,"href":"https:\/\/www.budoshop.si\/sl\/wp-json\/wp\/v2\/product_cat?post=114586"},{"taxonomy":"product_tag","embeddable":true,"href":"https:\/\/www.budoshop.si\/sl\/wp-json\/wp\/v2\/product_tag?post=114586"}],"curies":[{"name":"wp","href":"https:\/\/api.w.org\/{rel}","templated":true}]}}