{"id":114444,"date":"2024-10-24T08:51:55","date_gmt":"2024-10-24T06:51:55","guid":{"rendered":"https:\/\/www.budoshop.si\/boxing-shoes-adidas-box-hog-4-white-grey-new\/"},"modified":"2026-01-20T10:00:47","modified_gmt":"2026-01-20T09:00:47","slug":"boxing-shoes-adidas-box-hog-4-white-grey-new","status":"publish","type":"product","link":"https:\/\/www.budoshop.si\/sl\/izdelek\/boxing-shoes-adidas-box-hog-4-white-grey-new\/","title":{"rendered":"Boks copati &#8221;Adidas BOX HOG 4 black-silver&#8221;"},"content":{"rendered":"<div class=\"product-detail-description-text\">\n<p><span style=\"font-size: 15px; color: #993300;\"><span class=\"HwtZe\" lang=\"sl\"><span class=\"jCAhz ChMk0b\"><span class=\"ryNqvb\">Boksarski copati Adidas BOX HOG 4 so popolni \u010devlji na vezalke za aktivno gibanje v ringu z nizkim profilom podplata, ki<\/span><\/span><\/span><span class=\"HwtZe\" lang=\"sl\"><span class=\"jCAhz ChMk0b\"><span class=\"ryNqvb\"> bla\u017ei srednji del stopala in peto.<\/span><\/span> Adidas <span class=\"jCAhz ChMk0b\"><span class=\"ryNqvb\">Box Hog 4 so zasnovani za najve\u010djo hitrost.<\/span><\/span> <span class=\"jCAhz ChMk0b\"><span class=\"ryNqvb\">Ti boksarski copati vas bodo navdu\u0161ili z zra\u010dnim mre\u017eastim zgornjim delom, ki tesno objame va\u0161e stopalo in mu nudi odli\u010dno oporo.<\/span><\/span> <span class=\"jCAhz ChMk0b\"><span class=\"ryNqvb\">Dodatno stabilnost zagotavljata srednja in notranja opora.<\/span><\/span> <span class=\"jCAhz ChMk0b\"><span class=\"ryNqvb\">Podplat iz tankega EVA materiala omogo\u010da neposreden stik s podlago v boksarskem ringu.<\/span><\/span> <span class=\"jCAhz ChMk0b\"><span class=\"ryNqvb\">Narejen je iz ve\u010d vrst recikliranih materialov in vsebuje vsaj 50 % recikliranega materiala.<\/span><\/span><\/span><\/span><\/p>\n<p><span style=\"font-size: 15px; color: #993300;\">SESTAVA: Zgornji del: drugi materiali; Podloga in vlo\u017eek: tekstil; Podplat: umetni material<\/span><\/p>\n<p><span style=\"font-size: 15px; color: #993300;\">\u010crno-sive barve.<\/span><\/p>\n<\/div>\n<p><span style=\"font-size: 15px; color: #993300;\">Velikosti: 40 \u2013 47 (tudi manj\u0161e po naro\u010dilu)<\/span><\/p>\n","protected":false},"excerpt":{"rendered":"<p><span style=\"color: #003366;\"><strong>Belo-sivi boksarski copati Adidas BOX HOG 4.<\/strong><\/span><\/p>\n","protected":false},"featured_media":115291,"comment_status":"open","ping_status":"closed","template":"","meta":[],"product_brand":[5594],"product_cat":[1043,1097,951,1049],"product_tag":[],"class_list":{"0":"post-114444","1":"product","2":"type-product","3":"status-publish","4":"has-post-thumbnail","6":"product_brand-adidas","7":"product_cat-boks-kickbox-tajski-boks-mma","8":"product_cat-boks-copati","9":"product_cat-adidas-3","10":"product_cat-adidas-7","11":"pa_velikost-40-sl","12":"pa_velikost-40-2-3-2","13":"pa_velikost-41-sl","14":"pa_velikost-41-1-3-2","15":"pa_velikost-42-sl","16":"pa_velikost-42-2-3-2","17":"pa_velikost-43-sl","18":"pa_velikost-44-sl","19":"pa_velikost-44-2-3-2","20":"pa_velikost-45-sl","21":"pa_velikost-46-sl","22":"pa_velikost-46-2-3-2","23":"pa_velikost-47-sl","25":"first","26":"instock","27":"taxable","28":"shipping-taxable","29":"purchasable","30":"product-type-variable"},"_links":{"self":[{"href":"https:\/\/www.budoshop.si\/sl\/wp-json\/wp\/v2\/product\/114444","targetHints":{"allow":["GET"]}}],"collection":[{"href":"https:\/\/www.budoshop.si\/sl\/wp-json\/wp\/v2\/product"}],"about":[{"href":"https:\/\/www.budoshop.si\/sl\/wp-json\/wp\/v2\/types\/product"}],"replies":[{"embeddable":true,"href":"https:\/\/www.budoshop.si\/sl\/wp-json\/wp\/v2\/comments?post=114444"}],"wp:featuredmedia":[{"embeddable":true,"href":"https:\/\/www.budoshop.si\/sl\/wp-json\/wp\/v2\/media\/115291"}],"wp:attachment":[{"href":"https:\/\/www.budoshop.si\/sl\/wp-json\/wp\/v2\/media?parent=114444"}],"wp:term":[{"taxonomy":"product_brand","embeddable":true,"href":"https:\/\/www.budoshop.si\/sl\/wp-json\/wp\/v2\/product_brand?post=114444"},{"taxonomy":"product_cat","embeddable":true,"href":"https:\/\/www.budoshop.si\/sl\/wp-json\/wp\/v2\/product_cat?post=114444"},{"taxonomy":"product_tag","embeddable":true,"href":"https:\/\/www.budoshop.si\/sl\/wp-json\/wp\/v2\/product_tag?post=114444"}],"curies":[{"name":"wp","href":"https:\/\/api.w.org\/{rel}","templated":true}]}}