{"id":114331,"date":"2024-10-23T17:22:54","date_gmt":"2024-10-23T15:22:54","guid":{"rendered":"https:\/\/www.budoshop.si\/boxing-shoes-adidas-box-hog-4-red-new\/"},"modified":"2026-01-20T10:02:13","modified_gmt":"2026-01-20T09:02:13","slug":"boxing-shoes-adidas-box-hog-4-red-new","status":"publish","type":"product","link":"https:\/\/www.budoshop.si\/sl\/izdelek\/boxing-shoes-adidas-box-hog-4-red-new\/","title":{"rendered":"Boks copati &#8221;Adidas BOX HOG 4 red&#8221;"},"content":{"rendered":"<div class=\"product-detail-description-text\">\n<p><span style=\"font-size: 15px; color: #993300;\"><span class=\"HwtZe\" lang=\"sl\"><span class=\"jCAhz ChMk0b\"><span class=\"ryNqvb\">Boksarski copati Adidas BOX HOG 4 so popolni \u010devlji na vezalke za aktivno gibanje v ringu z nizkim profilom podplata, ki<\/span><\/span><\/span><span class=\"HwtZe\" lang=\"sl\"><span class=\"jCAhz ChMk0b\"><span class=\"ryNqvb\"> bla\u017ei srednji del stopala in peto.<\/span><\/span> Adidas <span class=\"jCAhz ChMk0b\"><span class=\"ryNqvb\">Box Hog 4 so zasnovani za najve\u010djo hitrost.<\/span><\/span> <span class=\"jCAhz ChMk0b\"><span class=\"ryNqvb\">Ti boksarski copati vas bodo navdu\u0161ili z zra\u010dnim mre\u017eastim zgornjim delom, ki tesno objame va\u0161e stopalo in mu nudi odli\u010dno oporo.<\/span><\/span> <span class=\"jCAhz ChMk0b\"><span class=\"ryNqvb\">Dodatno stabilnost zagotavljata srednja in notranja opora.<\/span><\/span> <span class=\"jCAhz ChMk0b\"><span class=\"ryNqvb\">Podplat iz tankega EVA materiala omogo\u010da neposreden stik s podlago v boksarskem ringu.<\/span><\/span> <span class=\"jCAhz ChMk0b\"><span class=\"ryNqvb\">Narejen je iz ve\u010d vrst recikliranih materialov in vsebuje vsaj 50 % recikliranega materiala.<\/span><\/span><\/span><\/span><\/p>\n<p><span style=\"font-size: 15px; color: #993300;\">SESTAVA: Zgornji del: drugi materiali; Podloga in vlo\u017eek: tekstil; Podplat: umetni material<\/span><\/p>\n<p><span style=\"font-size: 15px; color: #993300;\"><br \/>\nRde\u010de-bele barve.<\/span><\/p>\n<\/div>\n<p><span style=\"font-size: 15px; color: #993300;\"><br \/>\nVelikosti: 40 \u2013 47 (tudi manj\u0161e po naro\u010dilu)<\/span><\/p>\n","protected":false},"excerpt":{"rendered":"<p><span style=\"color: #003366;\"><strong>Rde\u010di boksarski copati Adidas BOX HOG 4.<\/strong><\/span><\/p>\n","protected":false},"featured_media":114322,"comment_status":"open","ping_status":"closed","template":"","meta":[],"product_brand":[5594],"product_cat":[951,1049,1043,1097],"product_tag":[],"class_list":{"0":"post-114331","1":"product","2":"type-product","3":"status-publish","4":"has-post-thumbnail","6":"product_brand-adidas","7":"product_cat-adidas-3","8":"product_cat-adidas-7","9":"product_cat-boks-kickbox-tajski-boks-mma","10":"product_cat-boks-copati","11":"pa_size-40-2","12":"pa_size-40-2-3-2","13":"pa_size-41-2","14":"pa_size-41-1-3-2","15":"pa_size-42-2","16":"pa_size-42-2-3-2","17":"pa_size-43-2","18":"pa_size-44-2","19":"pa_size-44-2-3-2","20":"pa_size-45-2","21":"pa_size-45-1-3-2","22":"pa_size-46-2","23":"pa_size-46-2-3-2","24":"pa_size-47-2","26":"first","27":"instock","28":"taxable","29":"shipping-taxable","30":"purchasable","31":"product-type-variable"},"_links":{"self":[{"href":"https:\/\/www.budoshop.si\/sl\/wp-json\/wp\/v2\/product\/114331","targetHints":{"allow":["GET"]}}],"collection":[{"href":"https:\/\/www.budoshop.si\/sl\/wp-json\/wp\/v2\/product"}],"about":[{"href":"https:\/\/www.budoshop.si\/sl\/wp-json\/wp\/v2\/types\/product"}],"replies":[{"embeddable":true,"href":"https:\/\/www.budoshop.si\/sl\/wp-json\/wp\/v2\/comments?post=114331"}],"wp:featuredmedia":[{"embeddable":true,"href":"https:\/\/www.budoshop.si\/sl\/wp-json\/wp\/v2\/media\/114322"}],"wp:attachment":[{"href":"https:\/\/www.budoshop.si\/sl\/wp-json\/wp\/v2\/media?parent=114331"}],"wp:term":[{"taxonomy":"product_brand","embeddable":true,"href":"https:\/\/www.budoshop.si\/sl\/wp-json\/wp\/v2\/product_brand?post=114331"},{"taxonomy":"product_cat","embeddable":true,"href":"https:\/\/www.budoshop.si\/sl\/wp-json\/wp\/v2\/product_cat?post=114331"},{"taxonomy":"product_tag","embeddable":true,"href":"https:\/\/www.budoshop.si\/sl\/wp-json\/wp\/v2\/product_tag?post=114331"}],"curies":[{"name":"wp","href":"https:\/\/api.w.org\/{rel}","templated":true}]}}