{"id":114297,"date":"2024-10-23T14:13:32","date_gmt":"2024-10-23T12:13:32","guid":{"rendered":"https:\/\/www.budoshop.si\/kickboxing-shin-and-insteap-guard-adidas-pro-kickboxing-blue\/"},"modified":"2026-01-13T10:04:28","modified_gmt":"2026-01-13T09:04:28","slug":"kickboxing-shin-and-insteap-guard-adidas-pro-kickboxing-blue","status":"publish","type":"product","link":"https:\/\/www.budoshop.si\/sl\/izdelek\/kickboxing-shin-and-insteap-guard-adidas-pro-kickboxing-blue\/","title":{"rendered":"Kickboxing \u0161\u010ditnik za golen in nart &#8221;Adidas PRO KICKBOXING blue&#8221;"},"content":{"rendered":"<p><span style=\"font-size: 15px; color: #993300;\">Ta profesionalni Adidas Kickboxing \u0161\u010ditnik za golen\/pi\u0161\u010dal in stopalo je namenjen vsem \u0161portnikom, ki \u017eelijo presenetiti svoje partnerje s spektakularnimi akcijami poleg tega pa je odobren za vsa WAKO Kickboxing tekmovanja!<\/span><\/p>\n<p><span style=\"font-size: 15px; color: #993300;\">\u0160\u010ditnik je izdelan iz PU3G carbon umetnega usnja, z injekcijskim polnilom in nedrse\u010do I-CONFORT podlogo na naotranji strani. \u0160\u010ditnik ima dodatno oblazinjen prednji del in neoprenski vlo\u017eek med golenico in stopalom, poleg tega pa je na predelu golenice in narta anatomsko oblikovan, zaradi ve\u010dplastne penaste obloge pa zagotavlja najve\u010djo mo\u017eno za\u0161\u010dito. Posebna Quickdry tehnologija prepre\u010duje pretirano znojenje.\u00a0 \u0160\u010ditnik se zapenja z dvema kompaktnima dvojnima trakovoma z zapenjanjem s prakti\u010dnim je\u017ekom, ki omogo\u010data trdno in stabilno prileganje ter hkrati hitro natikanje in snemanje. Oblika in lahkotnost \u0161\u010ditnika pa sta tak\u0161na, da omogo\u010data popolno svobodo gibanja nog.<\/span><br \/>\n<span style=\"font-size: 15px; color: #993300;\">\u0160\u010ditnik je primeren za Kickboxing, MMA in sorodne ve\u0161\u010dine.<\/span><\/p>\n<p><span style=\"font-size: 15px; color: #993300;\">Ustreza CE standardom!<\/span><\/p>\n<p><span style=\"font-size: 15px; color: #993300;\">Modro-srebrne barve.<\/span><\/p>\n<p><span style=\"font-size: 15px; color: #993300;\">Velikosti: S &#8211; M \u2013 L \u2013 XL.<\/span><\/p>\n<p><span style=\"font-size: 15px; color: #993300;\">Prodaja se v paru.<\/span><\/p>\n<p><span style=\"font-size: 15px; color: #993300;\"><strong>Ta artikel je odobren s strani WAKO<\/strong>-ja (World Association of Kickboxing Organizations).<\/span><\/p>\n","protected":false},"excerpt":{"rendered":"<p><span style=\"color: #003366;\"><strong>Adidas WAKO verificiran Kickboxing \u0161\u010ditnik za golen\/pi\u0161\u010dal in nart modre barve (par<\/strong>).<br \/>\n<\/span><\/p>\n","protected":false},"featured_media":114284,"comment_status":"open","ping_status":"closed","template":"","meta":[],"product_brand":[5594],"product_cat":[1043,899,951,1049],"product_tag":[],"class_list":{"0":"post-114297","1":"product","2":"type-product","3":"status-publish","4":"has-post-thumbnail","6":"product_brand-adidas","7":"product_cat-boks-kickbox-tajski-boks-mma","8":"product_cat-scitniki-za-piscali","9":"product_cat-adidas-3","10":"product_cat-adidas-7","11":"pa_velikost-s-sl-2","12":"pa_velikost-m-sl-2","13":"pa_velikost-l-sl-2","14":"pa_velikost-xl-sl","16":"first","17":"instock","18":"taxable","19":"shipping-taxable","20":"purchasable","21":"product-type-variable"},"_links":{"self":[{"href":"https:\/\/www.budoshop.si\/sl\/wp-json\/wp\/v2\/product\/114297","targetHints":{"allow":["GET"]}}],"collection":[{"href":"https:\/\/www.budoshop.si\/sl\/wp-json\/wp\/v2\/product"}],"about":[{"href":"https:\/\/www.budoshop.si\/sl\/wp-json\/wp\/v2\/types\/product"}],"replies":[{"embeddable":true,"href":"https:\/\/www.budoshop.si\/sl\/wp-json\/wp\/v2\/comments?post=114297"}],"wp:featuredmedia":[{"embeddable":true,"href":"https:\/\/www.budoshop.si\/sl\/wp-json\/wp\/v2\/media\/114284"}],"wp:attachment":[{"href":"https:\/\/www.budoshop.si\/sl\/wp-json\/wp\/v2\/media?parent=114297"}],"wp:term":[{"taxonomy":"product_brand","embeddable":true,"href":"https:\/\/www.budoshop.si\/sl\/wp-json\/wp\/v2\/product_brand?post=114297"},{"taxonomy":"product_cat","embeddable":true,"href":"https:\/\/www.budoshop.si\/sl\/wp-json\/wp\/v2\/product_cat?post=114297"},{"taxonomy":"product_tag","embeddable":true,"href":"https:\/\/www.budoshop.si\/sl\/wp-json\/wp\/v2\/product_tag?post=114297"}],"curies":[{"name":"wp","href":"https:\/\/api.w.org\/{rel}","templated":true}]}}