{"id":114252,"date":"2024-10-23T12:29:40","date_gmt":"2024-10-23T10:29:40","guid":{"rendered":"https:\/\/www.budoshop.si\/instep-protectors-adidas-point-fighter-blue-new\/"},"modified":"2026-04-17T08:07:14","modified_gmt":"2026-04-17T06:07:14","slug":"instep-protectors-adidas-point-fighter-blue-new","status":"publish","type":"product","link":"https:\/\/www.budoshop.si\/sl\/izdelek\/instep-protectors-adidas-point-fighter-blue-new\/","title":{"rendered":"\u0160\u010ditniki narta &#8221;Adidas POINT FIGHTER blue&#8221;"},"content":{"rendered":"<p><span style=\"font-size: 15px; color: #993300;\">Ti Kickboxing\/ITF \u0161\u010ditniki za nart Adidas Point Fighter nudijo odli\u010dno za\u0161\u010dito tako na treningih kot tekmovanjih. Zunanjost je izdelana iz visoko kvalitetnega in trpe\u017enega <span class=\"HwtZe\" lang=\"sl\"><span class=\"jCAhz ChMk0b\"><span class=\"ryNqvb\">PU sinteti\u010dnega usnja s \u2018carbon teksturo\u2019 in IMF injekcijskega poliuretan polnila<\/span><\/span><\/span>. Notranjost jeizdelana iz<\/span><span style=\"font-size: 15px; color: #993300;\"> I-Confort+ quickdry tehnologijo za dobro zra\u010dnost.<br \/>\nTi Adidas \u0161\u010ditniki za nart so najla\u017eji no\u017eni \u0161\u010ditniki do sedaj, imajo <span class=\"HwtZe\" lang=\"sl\"><span class=\"jCAhz ChMk0b\"><span class=\"ryNqvb\">odli\u010dne lastnosti bla\u017eenja udarcev in enostavno zapenjanje s 4 cm \u0161irokim elasti\u010dnim trakom za nastavljivo in tesno prileganje, da zagotavlja maksimalno za\u0161\u010dito in udobje. Prilo\u017eeni dodatni zamenljivimi elasti\u010dnimi trakovi.<\/span><\/span><\/span><\/span><\/p>\n<p><span style=\"font-size: 15px; color: #993300;\">\u0160\u010ditnik za nart Adidas Point Fighter so primerni za Kickboxing, ITF Taekwondo, pa tudi za Karate in sorodne borilbe \u0161porte ter treningu na boksarski vre\u010di.<\/span><\/p>\n<p><span style=\"font-size: 15px; color: #993300;\">Modro-srebrne barve.<\/span><\/p>\n<p><span style=\"font-size: 15px; color: #993300;\">Velikosti: XS \u2013 S \u2013 M \u2013 L<\/span><\/p>\n<p><span style=\"font-size: 15px; color: #993300;\"><strong>Ta artikel je odobren s strani WAKO<\/strong>-ja (World Association of Kickboxing Organizations).<br \/>\n<\/span><\/p>\n<p>&nbsp;<\/p>\n","protected":false},"excerpt":{"rendered":"<p><span style=\"color: #003366;\"><strong>Lahki tekmovalni Adidas WAKO \u0161\u010ditniki za nart modre barve.<\/strong><\/span><\/p>\n","protected":false},"featured_media":114223,"comment_status":"open","ping_status":"closed","template":"","meta":[],"product_brand":[5594],"product_cat":[1043,825,951,1049],"product_tag":[],"class_list":{"0":"post-114252","1":"product","2":"type-product","3":"status-publish","4":"has-post-thumbnail","6":"product_brand-adidas","7":"product_cat-boks-kickbox-tajski-boks-mma","8":"product_cat-scitniki-narta","9":"product_cat-adidas-3","10":"product_cat-adidas-7","11":"pa_velikost-xs-sl","12":"pa_velikost-s-sl-2","13":"pa_velikost-m-sl-2","14":"pa_velikost-l-sl-2","15":"pa_velikost-xl-sl","17":"first","18":"instock","19":"taxable","20":"shipping-taxable","21":"purchasable","22":"product-type-variable"},"_links":{"self":[{"href":"https:\/\/www.budoshop.si\/sl\/wp-json\/wp\/v2\/product\/114252","targetHints":{"allow":["GET"]}}],"collection":[{"href":"https:\/\/www.budoshop.si\/sl\/wp-json\/wp\/v2\/product"}],"about":[{"href":"https:\/\/www.budoshop.si\/sl\/wp-json\/wp\/v2\/types\/product"}],"replies":[{"embeddable":true,"href":"https:\/\/www.budoshop.si\/sl\/wp-json\/wp\/v2\/comments?post=114252"}],"wp:featuredmedia":[{"embeddable":true,"href":"https:\/\/www.budoshop.si\/sl\/wp-json\/wp\/v2\/media\/114223"}],"wp:attachment":[{"href":"https:\/\/www.budoshop.si\/sl\/wp-json\/wp\/v2\/media?parent=114252"}],"wp:term":[{"taxonomy":"product_brand","embeddable":true,"href":"https:\/\/www.budoshop.si\/sl\/wp-json\/wp\/v2\/product_brand?post=114252"},{"taxonomy":"product_cat","embeddable":true,"href":"https:\/\/www.budoshop.si\/sl\/wp-json\/wp\/v2\/product_cat?post=114252"},{"taxonomy":"product_tag","embeddable":true,"href":"https:\/\/www.budoshop.si\/sl\/wp-json\/wp\/v2\/product_tag?post=114252"}],"curies":[{"name":"wp","href":"https:\/\/api.w.org\/{rel}","templated":true}]}}