{"id":114148,"date":"2024-10-22T12:33:29","date_gmt":"2024-10-22T10:33:29","guid":{"rendered":"https:\/\/www.budoshop.si\/gloves-adidas-pro-point-fighter-red-new\/"},"modified":"2026-04-03T08:20:53","modified_gmt":"2026-04-03T06:20:53","slug":"gloves-adidas-pro-point-fighter-red-new","status":"publish","type":"product","link":"https:\/\/www.budoshop.si\/sl\/izdelek\/gloves-adidas-pro-point-fighter-red-new\/","title":{"rendered":"Rokavice &#8221;Adidas PRO POINT FIGHTER red&#8221;"},"content":{"rendered":"<div class=\"product-detail-description-text\">\n<p><span style=\"font-size: 15px; color: #993300;\">Te Adidas Pro Point Fight\/ITF b<span class=\"HwtZe\" lang=\"sl\"><span class=\"jCAhz ChMk0b\"><span class=\"ryNqvb\">oksarske rokavice so namenjene Kickboxing-u in Taekwondo-ju. Rokavice imajo odli\u010dno podlogo za bla\u017eenje udarcev, trdna obdelava in IMF injekcijsko poliuretan polnilo pa zagotavljajo optimalno za\u0161\u010dito pred udarci in \u010dvrsto prileganje, hkrati pa se popolnoma stabilizirajo in prilagodijo va\u0161im pestem. Notranjost je izdelana iz I-Comfort nedrse\u010de podloge.<\/span><\/span> <span class=\"jCAhz ChMk0b\"><span class=\"ryNqvb\">Nov dizajn in ergonomska oblika z oblazinjenim palcem za dodatno za\u0161\u010dito.<\/span><\/span> <span class=\"jCAhz ChMk0b\"><span class=\"ryNqvb\">\u0160irok zapestni trak za bolj\u0161o oporo in sistem zapenjanja na je\u017eka.<\/span><\/span> <span class=\"jCAhz ChMk0b\"><span class=\"ryNqvb\">Zunanji material iz odpornega PU sinteti\u010dnega usnja s &#8216;carbon teksturo&#8217;.<br \/>\n<\/span><\/span><span class=\"jCAhz ChMk0b\"><span class=\"ryNqvb\">S svojo vnaprej oblikovano, tesno zasnovo ta model rokavic zdr\u017ei v najte\u017ejih pogojih treninga in turnirjev.<\/span><\/span><\/span><\/span><\/p>\n<p><span style=\"font-size: 15px; color: #993300;\">Rde\u010de-zlata barva.<\/span><\/p>\n<p><span style=\"font-size: 15px; color: #993300;\"><strong>Ta artikel je odobren s strani WAKO<\/strong>-ja (World Association of Kickboxing Organizations).<\/span><\/p>\n<p><span style=\"font-size: 15px; color: #993300;\">Velikosti: XS &#8211; S &#8211; M &#8211; L<\/span><\/p>\n<\/div>\n","protected":false},"excerpt":{"rendered":"<p><span style=\"color: #003366;\"><strong>Rde\u010do-zlate WAKO &amp; ITF verificirane Point Fight Adidas rokavice.<\/strong><\/span><\/p>\n","protected":false},"featured_media":114131,"comment_status":"open","ping_status":"closed","template":"","meta":[],"product_brand":[5594],"product_cat":[1043,1039,821,965,951,1049],"product_tag":[],"class_list":{"0":"post-114148","1":"product","2":"type-product","3":"status-publish","4":"has-post-thumbnail","6":"product_brand-adidas","7":"product_cat-boks-kickbox-tajski-boks-mma","8":"product_cat-taekwondo-3","9":"product_cat-kick-thai-boxing-rokavice","10":"product_cat-taekwondo-rokavice","11":"product_cat-adidas-3","12":"product_cat-adidas-7","13":"pa_velikost-xs-sl","14":"pa_velikost-s-sl","15":"pa_velikost-m-sl-2","16":"pa_velikost-l-sl-2","18":"first","19":"instock","20":"taxable","21":"shipping-taxable","22":"purchasable","23":"product-type-variable"},"_links":{"self":[{"href":"https:\/\/www.budoshop.si\/sl\/wp-json\/wp\/v2\/product\/114148","targetHints":{"allow":["GET"]}}],"collection":[{"href":"https:\/\/www.budoshop.si\/sl\/wp-json\/wp\/v2\/product"}],"about":[{"href":"https:\/\/www.budoshop.si\/sl\/wp-json\/wp\/v2\/types\/product"}],"replies":[{"embeddable":true,"href":"https:\/\/www.budoshop.si\/sl\/wp-json\/wp\/v2\/comments?post=114148"}],"wp:featuredmedia":[{"embeddable":true,"href":"https:\/\/www.budoshop.si\/sl\/wp-json\/wp\/v2\/media\/114131"}],"wp:attachment":[{"href":"https:\/\/www.budoshop.si\/sl\/wp-json\/wp\/v2\/media?parent=114148"}],"wp:term":[{"taxonomy":"product_brand","embeddable":true,"href":"https:\/\/www.budoshop.si\/sl\/wp-json\/wp\/v2\/product_brand?post=114148"},{"taxonomy":"product_cat","embeddable":true,"href":"https:\/\/www.budoshop.si\/sl\/wp-json\/wp\/v2\/product_cat?post=114148"},{"taxonomy":"product_tag","embeddable":true,"href":"https:\/\/www.budoshop.si\/sl\/wp-json\/wp\/v2\/product_tag?post=114148"}],"curies":[{"name":"wp","href":"https:\/\/api.w.org\/{rel}","templated":true}]}}