{"id":114039,"date":"2024-10-21T13:47:18","date_gmt":"2024-10-21T11:47:18","guid":{"rendered":"https:\/\/www.budoshop.si\/wrestling-and-mma-shoes-adidas-havoc-new\/"},"modified":"2026-01-14T08:16:53","modified_gmt":"2026-01-14T07:16:53","slug":"wrestling-and-mma-shoes-adidas-havoc-new","status":"publish","type":"product","link":"https:\/\/www.budoshop.si\/sl\/izdelek\/wrestling-and-mma-shoes-adidas-havoc-new\/","title":{"rendered":"Copati za rokoborbo in MMA &#8221;Adidas HAVOC&#8221;"},"content":{"rendered":"<p><span class=\"HwtZe\" lang=\"en\" style=\"font-size: 15px; color: #993300;\"><span class=\"jCAhz ChMk0b\"><span class=\"ryNqvb\"><span class=\"HwtZe\" lang=\"sl\">Ti rokoborski copati Adidas Havoc zagotavljajo odli\u010den oprijem. Strate\u0161ke prevleke podpirajo va\u0161a stopala, ko se upogibate in potiskate z blazine, medtem ko zgornji del iz zra\u010dne mre\u017ee ohranja va\u0161a stopala hladna. Ti lahki, vzdr\u017eljivi in \u200b\u200bzelo udobni copati za trening imajo elasti\u010dne vezalke, zunanji podplat Adi WEAR\u2122 in podlo\u017een ovratnik za gle\u017enje. Ti copati so oblikovani s prepoznavnim logotipom in so opremljeni z blagovno znamko Adidas.<br \/>\nPrimerno za rokoborbo, MMA, boks ali prosti \u010das.<\/span><\/span><\/span><\/span><\/p>\n<p><span style=\"font-size: 15px; color: #993300;\">SESTAVA: Zgornji del: drugi materiali; Podloga in vlo\u017eek: tekstil; Podplat: umetni material<\/span><\/p>\n<p><span style=\"font-size: 15px; color: #993300;\">\u010crne barve.<\/span><\/p>\n<p><span style=\"font-size: 15px; color: #993300;\">Velikosti: 39 &#8211; 47<\/span><\/p>\n<p>&nbsp;<\/p>\n<p><span style=\"font-size: 15px; color: #993300;\">Opomba: modeli so manj\u0161i, zato priporo\u010damo, da naro\u010dite od pol do ene \u0161t. ve\u010dje. kot jih nosite obi\u010dajno.<\/span><\/p>\n","protected":false},"excerpt":{"rendered":"<p><span style=\"color: #000080;\"><strong>Udobni \u010drni borilni copati.<\/strong><\/span><\/p>\n","protected":false},"featured_media":114015,"comment_status":"open","ping_status":"closed","template":"","meta":[],"product_brand":[5594],"product_cat":[1043,1097,963,951,1049],"product_tag":[],"class_list":{"0":"post-114039","1":"product","2":"type-product","3":"status-publish","4":"has-post-thumbnail","6":"product_brand-adidas","7":"product_cat-boks-kickbox-tajski-boks-mma","8":"product_cat-boks-copati","9":"product_cat-ostalo-6","10":"product_cat-adidas-3","11":"product_cat-adidas-7","12":"pa_size-39-2","13":"pa_size-40-2","14":"pa_size-41-2","15":"pa_size-42-2","16":"pa_size-43-2","17":"pa_size-44-2","18":"pa_size-45-2","19":"pa_size-46-2","20":"pa_size-47-2","22":"first","23":"instock","24":"taxable","25":"shipping-taxable","26":"purchasable","27":"product-type-variable"},"_links":{"self":[{"href":"https:\/\/www.budoshop.si\/sl\/wp-json\/wp\/v2\/product\/114039","targetHints":{"allow":["GET"]}}],"collection":[{"href":"https:\/\/www.budoshop.si\/sl\/wp-json\/wp\/v2\/product"}],"about":[{"href":"https:\/\/www.budoshop.si\/sl\/wp-json\/wp\/v2\/types\/product"}],"replies":[{"embeddable":true,"href":"https:\/\/www.budoshop.si\/sl\/wp-json\/wp\/v2\/comments?post=114039"}],"wp:featuredmedia":[{"embeddable":true,"href":"https:\/\/www.budoshop.si\/sl\/wp-json\/wp\/v2\/media\/114015"}],"wp:attachment":[{"href":"https:\/\/www.budoshop.si\/sl\/wp-json\/wp\/v2\/media?parent=114039"}],"wp:term":[{"taxonomy":"product_brand","embeddable":true,"href":"https:\/\/www.budoshop.si\/sl\/wp-json\/wp\/v2\/product_brand?post=114039"},{"taxonomy":"product_cat","embeddable":true,"href":"https:\/\/www.budoshop.si\/sl\/wp-json\/wp\/v2\/product_cat?post=114039"},{"taxonomy":"product_tag","embeddable":true,"href":"https:\/\/www.budoshop.si\/sl\/wp-json\/wp\/v2\/product_tag?post=114039"}],"curies":[{"name":"wp","href":"https:\/\/api.w.org\/{rel}","templated":true}]}}