{"id":113996,"date":"2024-10-21T12:33:40","date_gmt":"2024-10-21T10:33:40","guid":{"rendered":"https:\/\/www.budoshop.si\/kids-punching-bag-point-new\/"},"modified":"2025-07-24T09:06:49","modified_gmt":"2025-07-24T07:06:49","slug":"kids-punching-bag-point-new","status":"publish","type":"product","link":"https:\/\/www.budoshop.si\/sl\/izdelek\/kids-punching-bag-point-new\/","title":{"rendered":"Otro\u0161ka boksarska vre\u010da &#8221;POINT&#8221;"},"content":{"rendered":"<p><span style=\"font-size: 15px; color: #993300;\">Ta boksarska vre\u010da je primerna za otroke in najstnike. Izdelana je iz trpe\u017enega umetnega usnja in polnjena s tekstilnimi obrezninami, ki zagotavljajo, da se vre\u010da \u2018ne zbija\u2019, hranja svojo obliko in omogo\u010da konstantno \u010dvrstost. Na vrhu je vre\u010da opremljena z zadrgo, ki omogo\u010da prosto dodajanje\/odvzemanje materiala iz vre\u010de. Vre\u010do se na obe\u0161alnik obesi z enostavno rinko. O\u0161tevi\u010dene bele pike na \u010drni podlagi omogo\u010dajo vadbe razli\u010dnih serij usmerjenega udarjanja.<\/span><\/p>\n<p><span style=\"font-size: 15px; color: #993300;\">Mere: cca. 70 x 25 cm<\/span><br \/>\n<span style=\"font-size: 15px; color: #993300;\">Te\u017ea: cca. 10 kg<\/span><\/p>\n","protected":false},"excerpt":{"rendered":"<p><span style=\"color: #003366;\"><strong>Otro\u0161ka boksarska vre\u010da s to\u010dkami za udarjanje.<\/strong><\/span><\/p>\n","protected":false},"featured_media":113992,"comment_status":"open","ping_status":"closed","template":"","meta":[],"product_brand":[],"product_cat":[1043,1029,1061,983,5431,1039,865],"product_tag":[],"class_list":{"0":"post-113996","1":"product","2":"type-product","3":"status-publish","4":"has-post-thumbnail","6":"product_cat-boks-kickbox-tajski-boks-mma","7":"product_cat-karate-5","8":"product_cat-kwon-5","9":"product_cat-kwon-3","10":"product_cat-otroske-boksarske-vrece","11":"product_cat-taekwondo-3","12":"product_cat-visece-vrece","14":"first","15":"instock","16":"taxable","17":"shipping-taxable","18":"purchasable","19":"product-type-simple"},"_links":{"self":[{"href":"https:\/\/www.budoshop.si\/sl\/wp-json\/wp\/v2\/product\/113996","targetHints":{"allow":["GET"]}}],"collection":[{"href":"https:\/\/www.budoshop.si\/sl\/wp-json\/wp\/v2\/product"}],"about":[{"href":"https:\/\/www.budoshop.si\/sl\/wp-json\/wp\/v2\/types\/product"}],"replies":[{"embeddable":true,"href":"https:\/\/www.budoshop.si\/sl\/wp-json\/wp\/v2\/comments?post=113996"}],"wp:featuredmedia":[{"embeddable":true,"href":"https:\/\/www.budoshop.si\/sl\/wp-json\/wp\/v2\/media\/113992"}],"wp:attachment":[{"href":"https:\/\/www.budoshop.si\/sl\/wp-json\/wp\/v2\/media?parent=113996"}],"wp:term":[{"taxonomy":"product_brand","embeddable":true,"href":"https:\/\/www.budoshop.si\/sl\/wp-json\/wp\/v2\/product_brand?post=113996"},{"taxonomy":"product_cat","embeddable":true,"href":"https:\/\/www.budoshop.si\/sl\/wp-json\/wp\/v2\/product_cat?post=113996"},{"taxonomy":"product_tag","embeddable":true,"href":"https:\/\/www.budoshop.si\/sl\/wp-json\/wp\/v2\/product_tag?post=113996"}],"curies":[{"name":"wp","href":"https:\/\/api.w.org\/{rel}","templated":true}]}}