{"id":113983,"date":"2024-10-21T12:06:56","date_gmt":"2024-10-21T10:06:56","guid":{"rendered":"https:\/\/www.budoshop.si\/padded-inner-gloves-new\/"},"modified":"2026-03-17T09:16:14","modified_gmt":"2026-03-17T08:16:14","slug":"padded-inner-gloves-new","status":"publish","type":"product","link":"https:\/\/www.budoshop.si\/sl\/izdelek\/padded-inner-gloves-new\/","title":{"rendered":"Podlo\u017eene boksarske podrokavice"},"content":{"rendered":"<p><span style=\"font-size: 15px; color: #993300;\"><span class=\"HwtZe\" lang=\"sl\"><span class=\"jCAhz ChMk0b\"><span class=\"ryNqvb\">Te posebne lahke boksarske podrokavice z oblogo preko \u010dlenkov na zgornji strani roke absorbirajo udarce in nudijo dodatno za\u0161\u010dito pred po\u0161kodbami ali modricami.<\/span><\/span> <span class=\"jCAhz ChMk0b\"><span class=\"ryNqvb\">Izdelane so iz poliestrskega elasti\u010dnega materiala, ki zagotavlja dober in udoben polo\u017eaj na roki.<\/span><\/span> Elasti\u010dne podrokavice<span class=\"jCAhz ChMk0b\"><span class=\"ryNqvb\"> se enostavno namesti ali sname iz roke.<\/span><\/span> <span class=\"jCAhz ChMk0b\"><span class=\"ryNqvb\">Palec in ostali prsti so odprti.<\/span><\/span><\/span><\/span><\/p>\n<p><span style=\"font-size: 15px; color: #993300;\">Primerne tudi za Fitness, Shadowboxing, Sky boxing in treningu na boksarski vre\u010di.<\/span><\/p>\n<p><span style=\"font-size: 15px; color: #993300;\">Barve: \u010drna ali bela<br \/>\n<\/span><\/p>\n<p><span style=\"font-size: 15px; color: #993300;\">Velikosti: S \/ M or L \/ XL<\/span><\/p>\n","protected":false},"excerpt":{"rendered":"<p><span style=\"color: #003366;\"><strong>Podlo\u017eene boksarske podrokavice bele ali \u010drne barve.<\/strong><\/span><\/p>\n","protected":false},"featured_media":113965,"comment_status":"open","ping_status":"closed","template":"","meta":[],"product_brand":[5596],"product_cat":[827,1043,1061,983],"product_tag":[],"class_list":{"0":"post-113983","1":"product","2":"type-product","3":"status-publish","4":"has-post-thumbnail","6":"product_brand-kwon","7":"product_cat-bandaze-in-podrokavice","8":"product_cat-boks-kickbox-tajski-boks-mma","9":"product_cat-kwon-5","10":"product_cat-kwon-3","11":"pa_size-jr-2","12":"pa_size-sr-2","14":"first","15":"instock","16":"taxable","17":"shipping-taxable","18":"purchasable","19":"product-type-variable"},"_links":{"self":[{"href":"https:\/\/www.budoshop.si\/sl\/wp-json\/wp\/v2\/product\/113983","targetHints":{"allow":["GET"]}}],"collection":[{"href":"https:\/\/www.budoshop.si\/sl\/wp-json\/wp\/v2\/product"}],"about":[{"href":"https:\/\/www.budoshop.si\/sl\/wp-json\/wp\/v2\/types\/product"}],"replies":[{"embeddable":true,"href":"https:\/\/www.budoshop.si\/sl\/wp-json\/wp\/v2\/comments?post=113983"}],"wp:featuredmedia":[{"embeddable":true,"href":"https:\/\/www.budoshop.si\/sl\/wp-json\/wp\/v2\/media\/113965"}],"wp:attachment":[{"href":"https:\/\/www.budoshop.si\/sl\/wp-json\/wp\/v2\/media?parent=113983"}],"wp:term":[{"taxonomy":"product_brand","embeddable":true,"href":"https:\/\/www.budoshop.si\/sl\/wp-json\/wp\/v2\/product_brand?post=113983"},{"taxonomy":"product_cat","embeddable":true,"href":"https:\/\/www.budoshop.si\/sl\/wp-json\/wp\/v2\/product_cat?post=113983"},{"taxonomy":"product_tag","embeddable":true,"href":"https:\/\/www.budoshop.si\/sl\/wp-json\/wp\/v2\/product_tag?post=113983"}],"curies":[{"name":"wp","href":"https:\/\/api.w.org\/{rel}","templated":true}]}}