{"id":113869,"date":"2024-10-19T20:59:26","date_gmt":"2024-10-19T18:59:26","guid":{"rendered":"https:\/\/www.budoshop.si\/bokken-set-black-new\/"},"modified":"2026-01-13T10:17:02","modified_gmt":"2026-01-13T09:17:02","slug":"bokken-set-black-new","status":"publish","type":"product","link":"https:\/\/www.budoshop.si\/sl\/izdelek\/bokken-set-black-new\/","title":{"rendered":"Bokken set &#8221;BLACK&#8221;"},"content":{"rendered":"<p><span style=\"font-size: 15px; color: #993300;\"><span class=\"HwtZe\" lang=\"sl\"><span class=\"jCAhz ChMk0b\"><span class=\"ryNqvb\">Ta komplet lesenih vadbenih me\u010dev je sestavljen iz dolgega me\u010da Bokken Daito (Katana), kratkega me\u010da Bokken Shoto (Wakizashi) in <\/span><\/span><\/span><span class=\"HwtZe\" lang=\"sl\"><span class=\"jCAhz ChMk0b\"><span class=\"ryNqvb\">Tanto <\/span><\/span><\/span><span class=\"HwtZe\" lang=\"sl\"><span class=\"jCAhz ChMk0b\"><span class=\"ryNqvb\">no\u017ea.<br \/>\n<\/span><\/span><span class=\"jCAhz ChMk0b\"><span class=\"ryNqvb\">Daito in Shoto sta opremljena tudi s plasti\u010dno Tsubo (\u0161\u010ditnik) ob ro\u010daju, ki omogo\u010da varno vadbo.<br \/>\n<\/span><\/span><span class=\"jCAhz ChMk0b\"><span class=\"ryNqvb\">Ta kompleten set lesenega oro\u017eja je izdelan iz visoko kakovostnega azijskega hrastan obarvan v \u010drno barvo.<\/span><\/span><\/span><\/span><\/p>\n<p><span style=\"font-size: 15px; color: #993300;\"><span class=\"jCAhz ChMk0b\"><span class=\"ryNqvb\">Bokken Daito dol\u017eina: cca.<\/span><\/span> <span class=\"jCAhz\"><span class=\"ryNqvb\">101 cm (650 g)<br \/>\n<\/span><\/span><span class=\"jCAhz ChMk0b\"><span class=\"ryNqvb\">Bokken Shoto dol\u017eina: cca.<\/span><\/span> <span class=\"jCAhz\"><span class=\"ryNqvb\">56 cm (340 g)<br \/>\n<\/span><\/span><span class=\"jCAhz\"><span class=\"ryNqvb\">Tanto dol\u017eina: cca.<\/span><\/span> <span class=\"jCAhz\"><span class=\"ryNqvb\">30 cm (110 g)<\/span><\/span><\/span><\/p>\n","protected":false},"excerpt":{"rendered":"<p><span style=\"color: #003366;\"><strong>Bokken Daito, Bokken Shoto in Tanto set me\u010dev \u010drne barve.<\/strong><\/span><\/p>\n","protected":false},"featured_media":113868,"comment_status":"open","ping_status":"closed","template":"","meta":[],"product_brand":[5595],"product_cat":[5405,5406,1035,1037,757,893,887],"product_tag":[],"class_list":{"0":"post-113869","1":"product","2":"type-product","3":"status-publish","4":"has-post-thumbnail","6":"product_brand-ju-sports","7":"product_cat-ju-sports","8":"product_cat-ju-sports-2","9":"product_cat-aikido-kendo-iai-kobudo-1","10":"product_cat-ninjutsu-3","11":"product_cat-leseni","12":"product_cat-kobudo-set","13":"product_cat-ninjutsu-set","15":"first","16":"outofstock","17":"taxable","18":"shipping-taxable","19":"purchasable","20":"product-type-simple"},"_links":{"self":[{"href":"https:\/\/www.budoshop.si\/sl\/wp-json\/wp\/v2\/product\/113869","targetHints":{"allow":["GET"]}}],"collection":[{"href":"https:\/\/www.budoshop.si\/sl\/wp-json\/wp\/v2\/product"}],"about":[{"href":"https:\/\/www.budoshop.si\/sl\/wp-json\/wp\/v2\/types\/product"}],"replies":[{"embeddable":true,"href":"https:\/\/www.budoshop.si\/sl\/wp-json\/wp\/v2\/comments?post=113869"}],"wp:featuredmedia":[{"embeddable":true,"href":"https:\/\/www.budoshop.si\/sl\/wp-json\/wp\/v2\/media\/113868"}],"wp:attachment":[{"href":"https:\/\/www.budoshop.si\/sl\/wp-json\/wp\/v2\/media?parent=113869"}],"wp:term":[{"taxonomy":"product_brand","embeddable":true,"href":"https:\/\/www.budoshop.si\/sl\/wp-json\/wp\/v2\/product_brand?post=113869"},{"taxonomy":"product_cat","embeddable":true,"href":"https:\/\/www.budoshop.si\/sl\/wp-json\/wp\/v2\/product_cat?post=113869"},{"taxonomy":"product_tag","embeddable":true,"href":"https:\/\/www.budoshop.si\/sl\/wp-json\/wp\/v2\/product_tag?post=113869"}],"curies":[{"name":"wp","href":"https:\/\/api.w.org\/{rel}","templated":true}]}}