{"id":113861,"date":"2024-10-19T17:17:06","date_gmt":"2024-10-19T15:17:06","guid":{"rendered":"https:\/\/www.budoshop.si\/bokken-set-brown-new\/"},"modified":"2025-07-23T11:42:50","modified_gmt":"2025-07-23T09:42:50","slug":"bokken-set-brown-new","status":"publish","type":"product","link":"https:\/\/www.budoshop.si\/sl\/izdelek\/bokken-set-brown-new\/","title":{"rendered":"Bokken set &#8221;BROWN&#8221;"},"content":{"rendered":"<p><span style=\"font-size: 15px; color: #993300;\"><span class=\"HwtZe\" lang=\"sl\"><span class=\"jCAhz ChMk0b\"><span class=\"ryNqvb\">Ta komplet lesenih vadbenih me\u010dev je sestavljen iz dolgega me\u010da Bokken Daito (Katana), kratkega me\u010da Bokken Shoto (Wakizashi) in <\/span><\/span><\/span><span class=\"HwtZe\" lang=\"sl\"><span class=\"jCAhz ChMk0b\"><span class=\"ryNqvb\">Tanto <\/span><\/span><\/span><span class=\"HwtZe\" lang=\"sl\"><span class=\"jCAhz ChMk0b\"><span class=\"ryNqvb\">no\u017ea.<br \/>\n<\/span><\/span><span class=\"jCAhz ChMk0b\"><span class=\"ryNqvb\">Daito in Shoto sta opremljena tudi s plasti\u010dno Tsubo (\u0161\u010ditnik) ob ro\u010daju, ki omogo\u010da varno vadbo.<br \/>\n<\/span><\/span><span class=\"jCAhz ChMk0b\"><span class=\"ryNqvb\">Ta kompleten set lesenega oro\u017eja je izdelan iz visoko kakovostnega azijskega hrasta.<\/span><\/span><\/span><\/span><\/p>\n<p><span style=\"font-size: 15px; color: #993300;\"><span class=\"jCAhz ChMk0b\"><span class=\"ryNqvb\">Bokken Daito dol\u017eina: cca.<\/span><\/span> <span class=\"jCAhz\"><span class=\"ryNqvb\">101 cm (650 g)<br \/>\n<\/span><\/span><span class=\"jCAhz ChMk0b\"><span class=\"ryNqvb\">Bokken Shoto dol\u017eina: cca.<\/span><\/span> <span class=\"jCAhz\"><span class=\"ryNqvb\">56 cm (340 g)<br \/>\n<\/span><\/span><span class=\"jCAhz\"><span class=\"ryNqvb\">Tanto dol\u017eina: cca.<\/span><\/span> <span class=\"jCAhz\"><span class=\"ryNqvb\">30 cm (110 g)<br \/>\n<\/span><\/span><\/span><\/p>\n","protected":false},"excerpt":{"rendered":"<p><span style=\"color: #003366;\"><strong>Bokken Daito, Bokken Shoto in Tanto set me\u010dev iz rde\u010dega hrasta.<\/strong><\/span><\/p>\n","protected":false},"featured_media":113860,"comment_status":"open","ping_status":"closed","template":"","meta":[],"product_brand":[],"product_cat":[1035,5405,5406,893,757,1037,887],"product_tag":[],"class_list":{"0":"post-113861","1":"product","2":"type-product","3":"status-publish","4":"has-post-thumbnail","6":"product_cat-aikido-kendo-iai-kobudo-1","7":"product_cat-ju-sports","8":"product_cat-ju-sports-2","9":"product_cat-kobudo-set","10":"product_cat-leseni","11":"product_cat-ninjutsu-3","12":"product_cat-ninjutsu-set","14":"first","15":"outofstock","16":"taxable","17":"shipping-taxable","18":"purchasable","19":"product-type-simple"},"_links":{"self":[{"href":"https:\/\/www.budoshop.si\/sl\/wp-json\/wp\/v2\/product\/113861","targetHints":{"allow":["GET"]}}],"collection":[{"href":"https:\/\/www.budoshop.si\/sl\/wp-json\/wp\/v2\/product"}],"about":[{"href":"https:\/\/www.budoshop.si\/sl\/wp-json\/wp\/v2\/types\/product"}],"replies":[{"embeddable":true,"href":"https:\/\/www.budoshop.si\/sl\/wp-json\/wp\/v2\/comments?post=113861"}],"wp:featuredmedia":[{"embeddable":true,"href":"https:\/\/www.budoshop.si\/sl\/wp-json\/wp\/v2\/media\/113860"}],"wp:attachment":[{"href":"https:\/\/www.budoshop.si\/sl\/wp-json\/wp\/v2\/media?parent=113861"}],"wp:term":[{"taxonomy":"product_brand","embeddable":true,"href":"https:\/\/www.budoshop.si\/sl\/wp-json\/wp\/v2\/product_brand?post=113861"},{"taxonomy":"product_cat","embeddable":true,"href":"https:\/\/www.budoshop.si\/sl\/wp-json\/wp\/v2\/product_cat?post=113861"},{"taxonomy":"product_tag","embeddable":true,"href":"https:\/\/www.budoshop.si\/sl\/wp-json\/wp\/v2\/product_tag?post=113861"}],"curies":[{"name":"wp","href":"https:\/\/api.w.org\/{rel}","templated":true}]}}