{"id":113814,"date":"2024-10-18T11:47:03","date_gmt":"2024-10-18T09:47:03","guid":{"rendered":"https:\/\/www.budoshop.si\/?post_type=product&#038;p=113814"},"modified":"2026-03-30T10:53:57","modified_gmt":"2026-03-30T08:53:57","slug":"trening-copati-za-borilne-vescine-chosun-black-novo","status":"publish","type":"product","link":"https:\/\/www.budoshop.si\/sl\/izdelek\/trening-copati-za-borilne-vescine-chosun-black-novo\/","title":{"rendered":"Trening copati za borilne ve\u0161\u010dine &#8221;CHOSUN BLACK&#8221;"},"content":{"rendered":"<p><span style=\"font-size: 15px; color: #993300;\">Klasi\u010dni, zna\u010dilno tanki in cenovno zelo ugodni copati za borilne ve\u0161\u010dine, priznane znamke KWON. Copati so \u010drne barve z belo dekoracijo ob straneh. Narejeni so iz umetne mase. Notranji del je iz 100% bomba\u017ea, podplat je iz tanke, pro\u017ene in obstojne gume bele barve. Copati se zavezujejo z enojno kratko vezalko. Prednji del je za oja\u010ditev dodatno pre\u0161it, oja\u010dana je tudi peta. Na prednjem in stranskem delu se nahajajo zra\u010dne odprtine, ki dopu\u0161\u010dajo zra\u010dnost stopala in zmanj\u0161ujejo znojenje. Kot taki ve\u010d kot zadovoljujejo svojo ceno!<br \/>\n<\/span><br \/>\n<span style=\"font-size: 15px; color: #993300;\">SESTAVA: Zgornji del: drugi materiali; Podloga in vlo\u017eek: tekstil; Podplat: umetni material<\/span><\/p>\n<p><span style=\"font-size: 15px; color: #993300;\">Copati so namenjeni za vsakdanjo vadbo ve\u0161\u010din kot so Karate, Taekwondo, Kung Fu, Tai Chi in drugih! Primerni tudi za sodnike in kot tudi za vsakdanjo ubutev za \u0161port in prosti \u010das.<\/span><\/p>\n<p><span style=\"font-size: 15px; color: #993300;\">\u0160tevilke: 32 &#8211; 48.<\/span><\/p>\n","protected":false},"excerpt":{"rendered":"<p><span style=\"color: #003366;\"><strong>Klasi\u010dni trening copati za borilne ve\u0161\u010dine \u010drne barve.<\/strong><\/span><\/p>\n","protected":false},"featured_media":113772,"comment_status":"open","ping_status":"closed","template":"","meta":[],"product_brand":[5596],"product_cat":[1033,1029,957,983,1061,1039,1041],"product_tag":[],"class_list":{"0":"post-113814","1":"product","2":"type-product","3":"status-publish","4":"has-post-thumbnail","6":"product_brand-kwon","7":"product_cat-ju-jitsujiu-jitsu-1","8":"product_cat-karate-5","9":"product_cat-karate-taekwondo-copati","10":"product_cat-kwon-3","11":"product_cat-kwon-5","12":"product_cat-taekwondo-3","13":"product_cat-tai-chi-kunf-fu-wu-shu-1","14":"pa_size-32-2","15":"pa_size-33-2","16":"pa_size-34-2","17":"pa_size-35-2","18":"pa_size-36-2","19":"pa_size-37-2","20":"pa_size-38-2","21":"pa_size-39-2","22":"pa_size-40-2","23":"pa_size-41-2","24":"pa_size-42-2","25":"pa_size-43-2","26":"pa_size-44-2","27":"pa_size-45-2","28":"pa_size-46-2","29":"pa_size-47-2","31":"first","32":"instock","33":"taxable","34":"shipping-taxable","35":"purchasable","36":"product-type-variable"},"_links":{"self":[{"href":"https:\/\/www.budoshop.si\/sl\/wp-json\/wp\/v2\/product\/113814","targetHints":{"allow":["GET"]}}],"collection":[{"href":"https:\/\/www.budoshop.si\/sl\/wp-json\/wp\/v2\/product"}],"about":[{"href":"https:\/\/www.budoshop.si\/sl\/wp-json\/wp\/v2\/types\/product"}],"replies":[{"embeddable":true,"href":"https:\/\/www.budoshop.si\/sl\/wp-json\/wp\/v2\/comments?post=113814"}],"wp:featuredmedia":[{"embeddable":true,"href":"https:\/\/www.budoshop.si\/sl\/wp-json\/wp\/v2\/media\/113772"}],"wp:attachment":[{"href":"https:\/\/www.budoshop.si\/sl\/wp-json\/wp\/v2\/media?parent=113814"}],"wp:term":[{"taxonomy":"product_brand","embeddable":true,"href":"https:\/\/www.budoshop.si\/sl\/wp-json\/wp\/v2\/product_brand?post=113814"},{"taxonomy":"product_cat","embeddable":true,"href":"https:\/\/www.budoshop.si\/sl\/wp-json\/wp\/v2\/product_cat?post=113814"},{"taxonomy":"product_tag","embeddable":true,"href":"https:\/\/www.budoshop.si\/sl\/wp-json\/wp\/v2\/product_tag?post=113814"}],"curies":[{"name":"wp","href":"https:\/\/api.w.org\/{rel}","templated":true}]}}